{"id":9969,"date":"2023-09-21T15:17:02","date_gmt":"2023-09-21T13:17:02","guid":{"rendered":"https:\/\/plustrack.at\/?page_id=9969"},"modified":"2023-09-21T15:17:02","modified_gmt":"2023-09-21T13:17:02","slug":"elisabethvorstadt-bahnhof","status":"publish","type":"page","link":"https:\/\/plustrack.at\/en\/psychologie-zum-mitgehen\/elisabethvorstadt-bahnhof\/","title":{"rendered":"Elisabeth Vorstadt &amp; Bahnhof"},"content":{"rendered":"\t\t<div data-elementor-type=\"wp-page\" data-elementor-id=\"9969\" class=\"elementor elementor-9969\">\n\t\t\t\t\t\t<section class=\"elementor-section elementor-top-section elementor-element elementor-element-ae29eaf elementor-section-boxed elementor-section-height-default elementor-section-height-default\" data-id=\"ae29eaf\" data-element_type=\"section\">\n\t\t\t\t\t\t<div class=\"elementor-container elementor-column-gap-default\">\n\t\t\t\t\t<div class=\"elementor-column elementor-col-100 elementor-top-column elementor-element elementor-element-92a94bd\" data-id=\"92a94bd\" data-element_type=\"column\">\n\t\t\t<div class=\"elementor-widget-wrap elementor-element-populated\">\n\t\t\t\t\t\t<div class=\"elementor-element elementor-element-00ce6bf elementor-widget elementor-widget-spacer\" data-id=\"00ce6bf\" data-element_type=\"widget\" data-widget_type=\"spacer.default\">\n\t\t\t\t<div class=\"elementor-widget-container\">\n\t\t\t\t\t\t\t<div class=\"elementor-spacer\">\n\t\t\t<div class=\"elementor-spacer-inner\"><\/div>\n\t\t<\/div>\n\t\t\t\t\t\t<\/div>\n\t\t\t\t<\/div>\n\t\t\t\t\t<\/div>\n\t\t<\/div>\n\t\t\t\t\t<\/div>\n\t\t<\/section>\n\t\t\t\t<section class=\"elementor-section elementor-top-section elementor-element elementor-element-31aec63 elementor-section-boxed elementor-section-height-default elementor-section-height-default\" data-id=\"31aec63\" data-element_type=\"section\">\n\t\t\t\t\t\t<div class=\"elementor-container elementor-column-gap-default\">\n\t\t\t\t\t<div class=\"elementor-column elementor-col-100 elementor-top-column elementor-element elementor-element-6ce2c2e\" data-id=\"6ce2c2e\" data-element_type=\"column\">\n\t\t\t<div class=\"elementor-widget-wrap elementor-element-populated\">\n\t\t\t\t\t\t<div class=\"elementor-element elementor-element-673ccfd elementor-widget elementor-widget-heading\" data-id=\"673ccfd\" data-element_type=\"widget\" data-widget_type=\"heading.default\">\n\t\t\t\t<div class=\"elementor-widget-container\">\n\t\t\t\t\t<h2 class=\"elementor-heading-title elementor-size-default\">Elisabeth Vorstadt &amp; Bahnhof<\/h2>\t\t\t\t<\/div>\n\t\t\t\t<\/div>\n\t\t\t\t\t<\/div>\n\t\t<\/div>\n\t\t\t\t\t<\/div>\n\t\t<\/section>\n\t\t\t\t<section class=\"elementor-section elementor-top-section elementor-element elementor-element-d2050e9 elementor-section-boxed elementor-section-height-default elementor-section-height-default\" data-id=\"d2050e9\" data-element_type=\"section\">\n\t\t\t\t\t\t<div class=\"elementor-container elementor-column-gap-default\">\n\t\t\t\t\t<div class=\"elementor-column elementor-col-100 elementor-top-column elementor-element elementor-element-d02ae37\" data-id=\"d02ae37\" data-element_type=\"column\">\n\t\t\t<div class=\"elementor-widget-wrap elementor-element-populated\">\n\t\t\t\t\t\t<div class=\"elementor-element elementor-element-07ebc6b elementor-widget elementor-widget-spacer\" data-id=\"07ebc6b\" data-element_type=\"widget\" data-widget_type=\"spacer.default\">\n\t\t\t\t<div class=\"elementor-widget-container\">\n\t\t\t\t\t\t\t<div class=\"elementor-spacer\">\n\t\t\t<div class=\"elementor-spacer-inner\"><\/div>\n\t\t<\/div>\n\t\t\t\t\t\t<\/div>\n\t\t\t\t<\/div>\n\t\t\t\t\t<\/div>\n\t\t<\/div>\n\t\t\t\t\t<\/div>\n\t\t<\/section>\n\t\t\t\t<section class=\"elementor-section elementor-top-section elementor-element elementor-element-1ae0f06 elementor-section-boxed elementor-section-height-default elementor-section-height-default\" data-id=\"1ae0f06\" data-element_type=\"section\">\n\t\t\t\t\t\t<div class=\"elementor-container elementor-column-gap-default\">\n\t\t\t\t\t<div class=\"elementor-column elementor-col-100 elementor-top-column elementor-element elementor-element-38489cb\" data-id=\"38489cb\" data-element_type=\"column\">\n\t\t\t<div class=\"elementor-widget-wrap elementor-element-populated\">\n\t\t\t\t\t\t<div class=\"elementor-element elementor-element-83248d6 elementor-widget elementor-widget-text-editor\" data-id=\"83248d6\" data-element_type=\"widget\" data-widget_type=\"text-editor.default\">\n\t\t\t\t<div class=\"elementor-widget-container\">\n\t\t\t\t\t\t\t\t\t<p><span>In unserer Podcast Folge nehmen wir dich mit auf einen Spaziergang durch das Salzburger Viertel Elisabeth-Vorstadt. Vom Hauptbahnhof bis nach Maria Plain begleitet uns dabei das Thema Bed\u00fcrfnisse. Wir alle haben sie, aber oft sind sie uns kaum bewusst. Es ist wichtig, dass wir unsere Bed\u00fcrfnisse kennenlernen, da sie unser Wohlbefinden ma\u00dfgeblich beeinflussen. Du studierst an der Uni Salzburg? Hast du schon einmal von den 15 Bildst\u00f6cken geh\u00f6rt? Kennst du das &#8220;gro\u00dfe Ohr&#8221; oder warst du schonmal oben bei Maria Plain? All das werdet ihr in dieser Folge hautnah erleben k\u00f6nnen und zwar unter Ber\u00fccksichtigung der Frage: Welche Bed\u00fcrfnisse habe ich und wie kommen diese an unterschiedlichen Orten zu tragen?<\/span><\/p>\t\t\t\t\t\t\t\t<\/div>\n\t\t\t\t<\/div>\n\t\t\t\t\t<\/div>\n\t\t<\/div>\n\t\t\t\t\t<\/div>\n\t\t<\/section>\n\t\t\t\t<section class=\"elementor-section elementor-top-section elementor-element elementor-element-c9e97fe elementor-section-boxed elementor-section-height-default elementor-section-height-default\" data-id=\"c9e97fe\" data-element_type=\"section\">\n\t\t\t\t\t\t<div class=\"elementor-container elementor-column-gap-default\">\n\t\t\t\t\t<div class=\"elementor-column elementor-col-100 elementor-top-column elementor-element elementor-element-175a9f3\" data-id=\"175a9f3\" data-element_type=\"column\">\n\t\t\t<div class=\"elementor-widget-wrap elementor-element-populated\">\n\t\t\t\t\t\t<div class=\"elementor-element elementor-element-9401c5b elementor-widget elementor-widget-spacer\" data-id=\"9401c5b\" data-element_type=\"widget\" data-widget_type=\"spacer.default\">\n\t\t\t\t<div class=\"elementor-widget-container\">\n\t\t\t\t\t\t\t<div class=\"elementor-spacer\">\n\t\t\t<div class=\"elementor-spacer-inner\"><\/div>\n\t\t<\/div>\n\t\t\t\t\t\t<\/div>\n\t\t\t\t<\/div>\n\t\t\t\t\t<\/div>\n\t\t<\/div>\n\t\t\t\t\t<\/div>\n\t\t<\/section>\n\t\t\t\t<section class=\"elementor-section elementor-top-section elementor-element elementor-element-e0996d2 elementor-section-boxed elementor-section-height-default elementor-section-height-default\" data-id=\"e0996d2\" data-element_type=\"section\">\n\t\t\t\t\t\t<div class=\"elementor-container elementor-column-gap-default\">\n\t\t\t\t\t<div class=\"elementor-column elementor-col-50 elementor-top-column elementor-element elementor-element-49a9d08\" data-id=\"49a9d08\" data-element_type=\"column\">\n\t\t\t<div class=\"elementor-widget-wrap elementor-element-populated\">\n\t\t\t\t\t\t<div class=\"elementor-element elementor-element-28a50b1 elementor-view-default elementor-position-top elementor-mobile-position-top elementor-widget elementor-widget-icon-box\" data-id=\"28a50b1\" data-element_type=\"widget\" data-widget_type=\"icon-box.default\">\n\t\t\t\t<div class=\"elementor-widget-container\">\n\t\t\t\t\t\t\t<div class=\"elementor-icon-box-wrapper\">\n\n\t\t\t\t\t\t<div class=\"elementor-icon-box-icon\">\n\t\t\t\t<a href=\"https:\/\/open.spotify.com\/episode\/3SN4jOfbUZyi4ysKVutMOm?si=695b0b648cb24565\" target=\"_blank\" class=\"elementor-icon\" tabindex=\"-1\" aria-label=\"Hier geht&#039;s zum Podcast\">\n\t\t\t\t<i aria-hidden=\"true\" class=\"fas fa-play\"><\/i>\t\t\t\t<\/a>\n\t\t\t<\/div>\n\t\t\t\n\t\t\t\t\t\t<div class=\"elementor-icon-box-content\">\n\n\t\t\t\t\t\t\t\t\t<h3 class=\"elementor-icon-box-title\">\n\t\t\t\t\t\t<a href=\"https:\/\/open.spotify.com\/episode\/3SN4jOfbUZyi4ysKVutMOm?si=695b0b648cb24565\" target=\"_blank\" >\n\t\t\t\t\t\t\tHier geht's zum Podcast\t\t\t\t\t\t<\/a>\n\t\t\t\t\t<\/h3>\n\t\t\t\t\n\t\t\t\t\n\t\t\t<\/div>\n\t\t\t\n\t\t<\/div>\n\t\t\t\t\t\t<\/div>\n\t\t\t\t<\/div>\n\t\t\t\t\t<\/div>\n\t\t<\/div>\n\t\t\t\t<div class=\"elementor-column elementor-col-50 elementor-top-column elementor-element elementor-element-5c69931\" data-id=\"5c69931\" data-element_type=\"column\">\n\t\t\t<div class=\"elementor-widget-wrap elementor-element-populated\">\n\t\t\t\t\t\t<div class=\"elementor-element elementor-element-4376246 elementor-view-default elementor-position-top elementor-mobile-position-top elementor-widget elementor-widget-icon-box\" data-id=\"4376246\" data-element_type=\"widget\" data-widget_type=\"icon-box.default\">\n\t\t\t\t<div class=\"elementor-widget-container\">\n\t\t\t\t\t\t\t<div class=\"elementor-icon-box-wrapper\">\n\n\t\t\t\t\t\t<div class=\"elementor-icon-box-icon\">\n\t\t\t\t<a href=\"https:\/\/maps.app.goo.gl\/y3KvcSDfZCZeLvFu5\" target=\"_blank\" class=\"elementor-icon\" tabindex=\"-1\" aria-label=\"Hier geht&#039;s zur Route\">\n\t\t\t\t<i aria-hidden=\"true\" class=\"far fa-map\"><\/i>\t\t\t\t<\/a>\n\t\t\t<\/div>\n\t\t\t\n\t\t\t\t\t\t<div class=\"elementor-icon-box-content\">\n\n\t\t\t\t\t\t\t\t\t<h3 class=\"elementor-icon-box-title\">\n\t\t\t\t\t\t<a href=\"https:\/\/maps.app.goo.gl\/y3KvcSDfZCZeLvFu5\" target=\"_blank\" >\n\t\t\t\t\t\t\tHier geht's zur Route\t\t\t\t\t\t<\/a>\n\t\t\t\t\t<\/h3>\n\t\t\t\t\n\t\t\t\t\n\t\t\t<\/div>\n\t\t\t\n\t\t<\/div>\n\t\t\t\t\t\t<\/div>\n\t\t\t\t<\/div>\n\t\t\t\t\t<\/div>\n\t\t<\/div>\n\t\t\t\t\t<\/div>\n\t\t<\/section>\n\t\t\t\t<section class=\"elementor-section elementor-top-section elementor-element elementor-element-e82d304 elementor-section-boxed elementor-section-height-default elementor-section-height-default\" data-id=\"e82d304\" data-element_type=\"section\">\n\t\t\t\t\t\t<div class=\"elementor-container elementor-column-gap-default\">\n\t\t\t\t\t<div class=\"elementor-column elementor-col-100 elementor-top-column elementor-element elementor-element-b68e8cd\" data-id=\"b68e8cd\" data-element_type=\"column\">\n\t\t\t<div class=\"elementor-widget-wrap elementor-element-populated\">\n\t\t\t\t\t\t<div class=\"elementor-element elementor-element-2cf0b50 elementor-widget elementor-widget-spacer\" data-id=\"2cf0b50\" data-element_type=\"widget\" data-widget_type=\"spacer.default\">\n\t\t\t\t<div class=\"elementor-widget-container\">\n\t\t\t\t\t\t\t<div class=\"elementor-spacer\">\n\t\t\t<div class=\"elementor-spacer-inner\"><\/div>\n\t\t<\/div>\n\t\t\t\t\t\t<\/div>\n\t\t\t\t<\/div>\n\t\t\t\t\t<\/div>\n\t\t<\/div>\n\t\t\t\t\t<\/div>\n\t\t<\/section>\n\t\t\t\t<section class=\"elementor-section elementor-top-section elementor-element elementor-element-7e90d45 elementor-section-boxed elementor-section-height-default elementor-section-height-default\" data-id=\"7e90d45\" data-element_type=\"section\">\n\t\t\t\t\t\t<div class=\"elementor-container elementor-column-gap-default\">\n\t\t\t\t\t<div class=\"elementor-column elementor-col-100 elementor-top-column elementor-element elementor-element-ea623b6\" data-id=\"ea623b6\" data-element_type=\"column\">\n\t\t\t<div class=\"elementor-widget-wrap elementor-element-populated\">\n\t\t\t\t\t\t<div class=\"elementor-element elementor-element-609541c elementor-widget elementor-widget-text-editor\" data-id=\"609541c\" data-element_type=\"widget\" data-widget_type=\"text-editor.default\">\n\t\t\t\t<div class=\"elementor-widget-container\">\n\t\t\t\t\t\t\t\t\t<p><span style=\"text-decoration: underline;\"><strong>Begleithinweis<\/strong><\/span><\/p><p>Unsere Spazierroute ist tagt\u00e4glich von fr\u00fch bis sp\u00e4t zug\u00e4nglich. Ein kleiner Tipp von uns: nimm gerne ein Picknick mit auf die Spazierroute und genie\u00dfe dieses bei Maria Plain. Unser Podcast endet bewusst kurz davor, wir empfehlen aber sehr, die letzten Meter hoch bis zu Maria Plain im Anschluss in Angriff zu nehmen. Von dort aus hast du einen wundersch\u00f6nen Ausblick \u00fcber Salzburg, einen atemberaubenden Sonnenuntergang und anschlie\u00dfend einen einzigartigen Blick \u00fcber die Lichter der Stadt.<\/p><p>Die Buslinie 6 (Haltestelle Plainbr\u00fccke) und die Salzburger Lokalbahn (Haltestelle Maria Plain-Plainbr\u00fccke Bahnhof) bringt dich wieder zur\u00fcck in die Stadt.<\/p>\t\t\t\t\t\t\t\t<\/div>\n\t\t\t\t<\/div>\n\t\t\t\t\t<\/div>\n\t\t<\/div>\n\t\t\t\t\t<\/div>\n\t\t<\/section>\n\t\t\t\t<section class=\"elementor-section elementor-top-section elementor-element elementor-element-232cd10 elementor-section-boxed elementor-section-height-default elementor-section-height-default\" data-id=\"232cd10\" data-element_type=\"section\">\n\t\t\t\t\t\t<div class=\"elementor-container elementor-column-gap-default\">\n\t\t\t\t\t<div class=\"elementor-column elementor-col-100 elementor-top-column elementor-element elementor-element-72c4f46\" data-id=\"72c4f46\" data-element_type=\"column\">\n\t\t\t<div class=\"elementor-widget-wrap elementor-element-populated\">\n\t\t\t\t\t\t<div class=\"elementor-element elementor-element-4b6704a elementor-widget elementor-widget-text-editor\" data-id=\"4b6704a\" data-element_type=\"widget\" data-widget_type=\"text-editor.default\">\n\t\t\t\t<div class=\"elementor-widget-container\">\n\t\t\t\t\t\t\t\t\t<p><span style=\"text-decoration: underline;\"><strong>Streckenbeschreibung<\/strong><\/span><\/p><ul><li>Wir starten unsere Route am Haupteingang des Salzburger Hauptbahnhofes &amp; gehen dann am Busbahnhof vorbei in Richtung Innenstadt.<\/li><li>Entlang der Rainerstra\u00dfe in Richtung Kiesel, bis du an der Spitze des Kiesel Geb\u00e4udes angelangt bist.<\/li><li>Den Zebrastreifen \u00fcberqueren und vor dem Kiesel Geb\u00e4ude stehen bleiben (vor Apotheke).<\/li><li>Beim ersten Bildstock biegst du in die Elisabethstra\u00dfe ein und folgst dieser bis zum Jazzit.<\/li><li>Nach dem Jazzit biegst du die erste Einfahrt links in die Staufenstra\u00dfe ein, danach wieder rechts in die Plainstra\u00dfe.<\/li><li>Weiters folgst du der Plainstra\u00dfe und gehst links an der Bibelwelt die Stra\u00dfe entlang.<\/li><li>Von dort aus gehst du die Plainstra\u00dfe weiter Richtung Norden und \u00fcberquerst die gro\u00dfe Kreuzung zur Salzburg Milch. Links an dem Geb\u00e4ude der Salzburg Milch folgst du der<br \/>Hauptstra\u00dfe bis zum Unistandort der PLUS.<\/li><li>Dort angelangt gehst du weiter zur OMV-Tankstelle. Du befindest dich jetzt auf der Schillerstra\u00dfe und gehst links an der Tankstelle vorbei, bis zum Kreisverkehr.<\/li><li>Den Kreisverkehr \u00fcberquerst du einmal und gehst geradeaus weiter. Du befindest dich auf der Raiffeisenstra\u00dfe, welche dann in die Itzlinger Hauptstra\u00dfe m\u00fcndet.<\/li><li>Der Itzlinger Hauptstra\u00dfe weiter Richtung Norden folgen, bis du das Schild zu Maria Plain siehst (hinter der steinernen Br\u00fccke). Dort biegst du rechts in den Plainbergweg ein.<\/li><li>Den Plainbergweg folgen, bis du bei Maria Plain angelangt bist.<\/li><\/ul>\t\t\t\t\t\t\t\t<\/div>\n\t\t\t\t<\/div>\n\t\t\t\t\t<\/div>\n\t\t<\/div>\n\t\t\t\t\t<\/div>\n\t\t<\/section>\n\t\t\t\t<section class=\"elementor-section elementor-top-section elementor-element elementor-element-2fe45cd elementor-section-boxed elementor-section-height-default elementor-section-height-default\" data-id=\"2fe45cd\" data-element_type=\"section\">\n\t\t\t\t\t\t<div class=\"elementor-container elementor-column-gap-default\">\n\t\t\t\t\t<div class=\"elementor-column elementor-col-100 elementor-top-column elementor-element elementor-element-bce2ded\" data-id=\"bce2ded\" data-element_type=\"column\">\n\t\t\t<div class=\"elementor-widget-wrap elementor-element-populated\">\n\t\t\t\t\t\t<div class=\"elementor-element elementor-element-b5f5a1d elementor-widget elementor-widget-spacer\" data-id=\"b5f5a1d\" data-element_type=\"widget\" data-widget_type=\"spacer.default\">\n\t\t\t\t<div class=\"elementor-widget-container\">\n\t\t\t\t\t\t\t<div class=\"elementor-spacer\">\n\t\t\t<div class=\"elementor-spacer-inner\"><\/div>\n\t\t<\/div>\n\t\t\t\t\t\t<\/div>\n\t\t\t\t<\/div>\n\t\t\t\t\t<\/div>\n\t\t<\/div>\n\t\t\t\t\t<\/div>\n\t\t<\/section>\n\t\t\t\t<\/div>\n\t\t","protected":false},"excerpt":{"rendered":"<p>Elisabeth Vorstadt &amp; Bahnhof In unserer Podcast Folge nehmen wir dich mit auf einen Spaziergang durch das Salzburger Viertel Elisabeth-Vorstadt. Vom Hauptbahnhof bis nach Maria Plain begleitet uns dabei das Thema Bed\u00fcrfnisse. Wir alle haben sie, aber oft sind sie uns kaum bewusst. Es ist wichtig, dass wir unsere Bed\u00fcrfnisse [&hellip;]<\/p>\n","protected":false},"author":24,"featured_media":0,"parent":9952,"menu_order":0,"comment_status":"closed","ping_status":"closed","template":"page-templates\/template-pagebuilder-full-width.php","meta":{"footnotes":""},"class_list":["post-9969","page","type-page","status-publish","hentry"],"yoast_head":"<!-- This site is optimized with the Yoast SEO plugin v24.5 - https:\/\/yoast.com\/wordpress\/plugins\/seo\/ -->\n<title>Elisabeth Vorstadt &amp; Bahnhof - PLUSTRACK_EN<\/title>\n<meta name=\"robots\" content=\"index, follow, max-snippet:-1, max-image-preview:large, max-video-preview:-1\" \/>\n<link rel=\"canonical\" href=\"https:\/\/plustrack.at\/en\/psychologie-zum-mitgehen\/elisabethvorstadt-bahnhof\/\" \/>\n<meta property=\"og:locale\" content=\"en_US\" \/>\n<meta property=\"og:type\" content=\"article\" \/>\n<meta property=\"og:title\" content=\"Elisabeth Vorstadt &amp; Bahnhof - PLUSTRACK_EN\" \/>\n<meta property=\"og:description\" content=\"Elisabeth Vorstadt &amp; Bahnhof In unserer Podcast Folge nehmen wir dich mit auf einen Spaziergang durch das Salzburger Viertel Elisabeth-Vorstadt. Vom Hauptbahnhof bis nach Maria Plain begleitet uns dabei das Thema Bed\u00fcrfnisse. Wir alle haben sie, aber oft sind sie uns kaum bewusst. Es ist wichtig, dass wir unsere Bed\u00fcrfnisse [&hellip;]\" \/>\n<meta property=\"og:url\" content=\"https:\/\/plustrack.at\/en\/psychologie-zum-mitgehen\/elisabethvorstadt-bahnhof\/\" \/>\n<meta property=\"og:site_name\" content=\"PLUSTRACK_EN\" \/>\n<meta name=\"twitter:card\" content=\"summary_large_image\" \/>\n<meta name=\"twitter:label1\" content=\"Est. reading time\" \/>\n\t<meta name=\"twitter:data1\" content=\"2 minutes\" \/>\n<script type=\"application\/ld+json\" class=\"yoast-schema-graph\">{\"@context\":\"https:\/\/schema.org\",\"@graph\":[{\"@type\":\"WebPage\",\"@id\":\"https:\/\/plustrack.at\/en\/psychologie-zum-mitgehen\/elisabethvorstadt-bahnhof\/\",\"url\":\"https:\/\/plustrack.at\/en\/psychologie-zum-mitgehen\/elisabethvorstadt-bahnhof\/\",\"name\":\"Elisabeth Vorstadt &amp; Bahnhof - PLUSTRACK_EN\",\"isPartOf\":{\"@id\":\"https:\/\/plustrack.at\/en\/#website\"},\"datePublished\":\"2023-09-21T13:17:02+00:00\",\"breadcrumb\":{\"@id\":\"https:\/\/plustrack.at\/en\/psychologie-zum-mitgehen\/elisabethvorstadt-bahnhof\/#breadcrumb\"},\"inLanguage\":\"en-US\",\"potentialAction\":[{\"@type\":\"ReadAction\",\"target\":[\"https:\/\/plustrack.at\/en\/psychologie-zum-mitgehen\/elisabethvorstadt-bahnhof\/\"]}]},{\"@type\":\"BreadcrumbList\",\"@id\":\"https:\/\/plustrack.at\/en\/psychologie-zum-mitgehen\/elisabethvorstadt-bahnhof\/#breadcrumb\",\"itemListElement\":[{\"@type\":\"ListItem\",\"position\":1,\"name\":\"Home\",\"item\":\"https:\/\/plustrack.at\/en\/\"},{\"@type\":\"ListItem\",\"position\":2,\"name\":\"Psychologie zum Mitgehen\",\"item\":\"https:\/\/plustrack.at\/en\/psychologie-zum-mitgehen\/\"},{\"@type\":\"ListItem\",\"position\":3,\"name\":\"Elisabeth Vorstadt &amp; Bahnhof\"}]},{\"@type\":\"WebSite\",\"@id\":\"https:\/\/plustrack.at\/en\/#website\",\"url\":\"https:\/\/plustrack.at\/en\/\",\"name\":\"PLUSTRACK_EN\",\"description\":\"Your Community at the Paris Lodron University of Salzburg\",\"publisher\":{\"@id\":\"https:\/\/plustrack.at\/en\/#organization\"},\"potentialAction\":[{\"@type\":\"SearchAction\",\"target\":{\"@type\":\"EntryPoint\",\"urlTemplate\":\"https:\/\/plustrack.at\/en\/?s={search_term_string}\"},\"query-input\":{\"@type\":\"PropertyValueSpecification\",\"valueRequired\":true,\"valueName\":\"search_term_string\"}}],\"inLanguage\":\"en-US\"},{\"@type\":\"Organization\",\"@id\":\"https:\/\/plustrack.at\/en\/#organization\",\"name\":\"PLUSTRACK_EN\",\"url\":\"https:\/\/plustrack.at\/en\/\",\"logo\":{\"@type\":\"ImageObject\",\"inLanguage\":\"en-US\",\"@id\":\"https:\/\/plustrack.at\/en\/#\/schema\/logo\/image\/\",\"url\":\"https:\/\/plustrack.at\/en\/wp-content\/uploads\/sites\/3\/2025\/04\/cropped-Logo_PLUStrack.png\",\"contentUrl\":\"https:\/\/plustrack.at\/en\/wp-content\/uploads\/sites\/3\/2025\/04\/cropped-Logo_PLUStrack.png\",\"width\":1867,\"height\":747,\"caption\":\"PLUSTRACK_EN\"},\"image\":{\"@id\":\"https:\/\/plustrack.at\/en\/#\/schema\/logo\/image\/\"}}]}<\/script>\n<!-- \/ Yoast SEO plugin. -->","yoast_head_json":{"title":"Elisabeth Vorstadt &amp; Bahnhof - PLUSTRACK_EN","robots":{"index":"index","follow":"follow","max-snippet":"max-snippet:-1","max-image-preview":"max-image-preview:large","max-video-preview":"max-video-preview:-1"},"canonical":"https:\/\/plustrack.at\/en\/psychologie-zum-mitgehen\/elisabethvorstadt-bahnhof\/","og_locale":"en_US","og_type":"article","og_title":"Elisabeth Vorstadt &amp; Bahnhof - PLUSTRACK_EN","og_description":"Elisabeth Vorstadt &amp; Bahnhof In unserer Podcast Folge nehmen wir dich mit auf einen Spaziergang durch das Salzburger Viertel Elisabeth-Vorstadt. Vom Hauptbahnhof bis nach Maria Plain begleitet uns dabei das Thema Bed\u00fcrfnisse. Wir alle haben sie, aber oft sind sie uns kaum bewusst. Es ist wichtig, dass wir unsere Bed\u00fcrfnisse [&hellip;]","og_url":"https:\/\/plustrack.at\/en\/psychologie-zum-mitgehen\/elisabethvorstadt-bahnhof\/","og_site_name":"PLUSTRACK_EN","twitter_card":"summary_large_image","twitter_misc":{"Est. reading time":"2 minutes"},"schema":{"@context":"https:\/\/schema.org","@graph":[{"@type":"WebPage","@id":"https:\/\/plustrack.at\/en\/psychologie-zum-mitgehen\/elisabethvorstadt-bahnhof\/","url":"https:\/\/plustrack.at\/en\/psychologie-zum-mitgehen\/elisabethvorstadt-bahnhof\/","name":"Elisabeth Vorstadt &amp; Bahnhof - PLUSTRACK_EN","isPartOf":{"@id":"https:\/\/plustrack.at\/en\/#website"},"datePublished":"2023-09-21T13:17:02+00:00","breadcrumb":{"@id":"https:\/\/plustrack.at\/en\/psychologie-zum-mitgehen\/elisabethvorstadt-bahnhof\/#breadcrumb"},"inLanguage":"en-US","potentialAction":[{"@type":"ReadAction","target":["https:\/\/plustrack.at\/en\/psychologie-zum-mitgehen\/elisabethvorstadt-bahnhof\/"]}]},{"@type":"BreadcrumbList","@id":"https:\/\/plustrack.at\/en\/psychologie-zum-mitgehen\/elisabethvorstadt-bahnhof\/#breadcrumb","itemListElement":[{"@type":"ListItem","position":1,"name":"Home","item":"https:\/\/plustrack.at\/en\/"},{"@type":"ListItem","position":2,"name":"Psychologie zum Mitgehen","item":"https:\/\/plustrack.at\/en\/psychologie-zum-mitgehen\/"},{"@type":"ListItem","position":3,"name":"Elisabeth Vorstadt &amp; Bahnhof"}]},{"@type":"WebSite","@id":"https:\/\/plustrack.at\/en\/#website","url":"https:\/\/plustrack.at\/en\/","name":"PLUSTRACK_EN","description":"Your Community at the Paris Lodron University of Salzburg","publisher":{"@id":"https:\/\/plustrack.at\/en\/#organization"},"potentialAction":[{"@type":"SearchAction","target":{"@type":"EntryPoint","urlTemplate":"https:\/\/plustrack.at\/en\/?s={search_term_string}"},"query-input":{"@type":"PropertyValueSpecification","valueRequired":true,"valueName":"search_term_string"}}],"inLanguage":"en-US"},{"@type":"Organization","@id":"https:\/\/plustrack.at\/en\/#organization","name":"PLUSTRACK_EN","url":"https:\/\/plustrack.at\/en\/","logo":{"@type":"ImageObject","inLanguage":"en-US","@id":"https:\/\/plustrack.at\/en\/#\/schema\/logo\/image\/","url":"https:\/\/plustrack.at\/en\/wp-content\/uploads\/sites\/3\/2025\/04\/cropped-Logo_PLUStrack.png","contentUrl":"https:\/\/plustrack.at\/en\/wp-content\/uploads\/sites\/3\/2025\/04\/cropped-Logo_PLUStrack.png","width":1867,"height":747,"caption":"PLUSTRACK_EN"},"image":{"@id":"https:\/\/plustrack.at\/en\/#\/schema\/logo\/image\/"}}]}},"_links":{"self":[{"href":"https:\/\/plustrack.at\/en\/wp-json\/wp\/v2\/pages\/9969","targetHints":{"allow":["GET"]}}],"collection":[{"href":"https:\/\/plustrack.at\/en\/wp-json\/wp\/v2\/pages"}],"about":[{"href":"https:\/\/plustrack.at\/en\/wp-json\/wp\/v2\/types\/page"}],"author":[{"embeddable":true,"href":"https:\/\/plustrack.at\/en\/wp-json\/wp\/v2\/users\/24"}],"replies":[{"embeddable":true,"href":"https:\/\/plustrack.at\/en\/wp-json\/wp\/v2\/comments?post=9969"}],"version-history":[{"count":0,"href":"https:\/\/plustrack.at\/en\/wp-json\/wp\/v2\/pages\/9969\/revisions"}],"up":[{"embeddable":true,"href":"https:\/\/plustrack.at\/en\/wp-json\/wp\/v2\/pages\/9952"}],"wp:attachment":[{"href":"https:\/\/plustrack.at\/en\/wp-json\/wp\/v2\/media?parent=9969"}],"curies":[{"name":"wp","href":"https:\/\/api.w.org\/{rel}","templated":true}]}}