{"id":6992,"date":"2022-09-02T10:00:33","date_gmt":"2022-09-02T08:00:33","guid":{"rendered":"https:\/\/plustrack.at\/?page_id=6992"},"modified":"2022-09-02T10:00:33","modified_gmt":"2022-09-02T08:00:33","slug":"steckbrief-kristin-forsthuber","status":"publish","type":"page","link":"https:\/\/plustrack.at\/en\/steckbrief-kristin-forsthuber\/","title":{"rendered":"Steckbrief Kristin Forsthuber"},"content":{"rendered":"\t\t<div data-elementor-type=\"wp-page\" data-elementor-id=\"6992\" class=\"elementor elementor-6992\">\n\t\t\t\t\t\t<section class=\"elementor-section elementor-top-section elementor-element elementor-element-4471f95 elementor-section-stretched elementor-section-boxed elementor-section-height-default elementor-section-height-default\" data-id=\"4471f95\" data-element_type=\"section\" data-settings=\"{&quot;stretch_section&quot;:&quot;section-stretched&quot;}\">\n\t\t\t\t\t\t<div class=\"elementor-container elementor-column-gap-default\">\n\t\t\t\t\t<div class=\"elementor-column elementor-col-100 elementor-top-column elementor-element elementor-element-08eccf1\" data-id=\"08eccf1\" data-element_type=\"column\">\n\t\t\t<div class=\"elementor-widget-wrap elementor-element-populated\">\n\t\t\t\t\t\t<div class=\"elementor-element elementor-element-a46df1f elementor-widget elementor-widget-heading\" data-id=\"a46df1f\" data-element_type=\"widget\" data-widget_type=\"heading.default\">\n\t\t\t\t<div class=\"elementor-widget-container\">\n\t\t\t\t\t<h2 class=\"elementor-heading-title elementor-size-default\">Steckbrief Kristin Forsthuber - Markenexpertin<\/h2>\t\t\t\t<\/div>\n\t\t\t\t<\/div>\n\t\t\t\t\t<\/div>\n\t\t<\/div>\n\t\t\t\t\t<\/div>\n\t\t<\/section>\n\t\t\t\t<section class=\"elementor-section elementor-top-section elementor-element elementor-element-81a6ec3 elementor-section-stretched elementor-section-boxed elementor-section-height-default elementor-section-height-default\" data-id=\"81a6ec3\" data-element_type=\"section\" data-settings=\"{&quot;stretch_section&quot;:&quot;section-stretched&quot;}\">\n\t\t\t\t\t\t<div class=\"elementor-container elementor-column-gap-default\">\n\t\t\t\t\t<div class=\"elementor-column elementor-col-33 elementor-top-column elementor-element elementor-element-945f20d\" data-id=\"945f20d\" data-element_type=\"column\">\n\t\t\t<div class=\"elementor-widget-wrap elementor-element-populated\">\n\t\t\t\t\t\t<div class=\"elementor-element elementor-element-ef0b1ab elementor-widget elementor-widget-image\" data-id=\"ef0b1ab\" data-element_type=\"widget\" data-widget_type=\"image.default\">\n\t\t\t\t<div class=\"elementor-widget-container\">\n\t\t\t\t\t\t\t\t\t\t\t\t\t\t\t<img fetchpriority=\"high\" decoding=\"async\" width=\"750\" height=\"729\" src=\"https:\/\/plustrack.at\/en\/wp-content\/uploads\/sites\/3\/2022\/09\/Kristin-Forsthuber_Portrait_-Markenanker-scaled-1-768x747.jpg\" class=\"attachment-medium_large size-medium_large wp-image-6995\" alt=\"\" srcset=\"https:\/\/plustrack.at\/en\/wp-content\/uploads\/sites\/3\/2022\/09\/Kristin-Forsthuber_Portrait_-Markenanker-scaled-1-768x747.jpg 768w, https:\/\/plustrack.at\/en\/wp-content\/uploads\/sites\/3\/2022\/09\/Kristin-Forsthuber_Portrait_-Markenanker-scaled-1-300x292.jpg 300w, https:\/\/plustrack.at\/en\/wp-content\/uploads\/sites\/3\/2022\/09\/Kristin-Forsthuber_Portrait_-Markenanker-scaled-1-1024x996.jpg 1024w, https:\/\/plustrack.at\/en\/wp-content\/uploads\/sites\/3\/2022\/09\/Kristin-Forsthuber_Portrait_-Markenanker-scaled-1-1536x1495.jpg 1536w, https:\/\/plustrack.at\/en\/wp-content\/uploads\/sites\/3\/2022\/09\/Kristin-Forsthuber_Portrait_-Markenanker-scaled-1-2048x1993.jpg 2048w\" sizes=\"(max-width: 750px) 100vw, 750px\" \/>\t\t\t\t\t\t\t\t\t\t\t\t\t\t\t<\/div>\n\t\t\t\t<\/div>\n\t\t\t\t<div class=\"elementor-element elementor-element-a7274ce elementor-shape-rounded elementor-grid-0 e-grid-align-center elementor-widget elementor-widget-social-icons\" data-id=\"a7274ce\" data-element_type=\"widget\" data-widget_type=\"social-icons.default\">\n\t\t\t\t<div class=\"elementor-widget-container\">\n\t\t\t\t\t\t\t<div class=\"elementor-social-icons-wrapper elementor-grid\">\n\t\t\t\t\t\t\t<span class=\"elementor-grid-item\">\n\t\t\t\t\t<a class=\"elementor-icon elementor-social-icon elementor-social-icon-globe elementor-repeater-item-ee3a055\" href=\"http:\/\/www.forsthubermarketing.com\" target=\"_blank\">\n\t\t\t\t\t\t<span class=\"elementor-screen-only\">Globe<\/span>\n\t\t\t\t\t\t<i class=\"fas fa-globe\"><\/i>\t\t\t\t\t<\/a>\n\t\t\t\t<\/span>\n\t\t\t\t\t\t\t<span class=\"elementor-grid-item\">\n\t\t\t\t\t<a class=\"elementor-icon elementor-social-icon elementor-social-icon-linkedin elementor-repeater-item-c498d2a\" href=\"https:\/\/www.linkedin.com\/in\/kristin-schauer-forsthuber-a0ab26b8\" target=\"_blank\">\n\t\t\t\t\t\t<span class=\"elementor-screen-only\">Linkedin<\/span>\n\t\t\t\t\t\t<i class=\"fab fa-linkedin\"><\/i>\t\t\t\t\t<\/a>\n\t\t\t\t<\/span>\n\t\t\t\t\t<\/div>\n\t\t\t\t\t\t<\/div>\n\t\t\t\t<\/div>\n\t\t\t\t\t<\/div>\n\t\t<\/div>\n\t\t\t\t<div class=\"elementor-column elementor-col-66 elementor-top-column elementor-element elementor-element-f7600ad\" data-id=\"f7600ad\" data-element_type=\"column\">\n\t\t\t<div class=\"elementor-widget-wrap elementor-element-populated\">\n\t\t\t\t\t\t<div class=\"elementor-element elementor-element-27f8e52 elementor-widget elementor-widget-text-editor\" data-id=\"27f8e52\" data-element_type=\"widget\" data-widget_type=\"text-editor.default\">\n\t\t\t\t<div class=\"elementor-widget-container\">\n\t\t\t\t\t\t\t\t\t<p><strong>#1 Meine aktuelle Forschungsthemen\/ -theorien sind\u2026<\/strong><\/p><p><span>Was sind die sozialpsychologischen Grundlagen f\u00fcr erfolgreiche Kommunikation? Zusammen mit dem Team von Prof. Eva Jonas habe ich die von mir entwickelte Markenmethode MARKENANKER\u00ae diesbez\u00fcglich durchleuchtet. Das Ergebnis: der neue Markenauftritt von PLUSTRACK , dem einzigartigen Community Programm der PLUS.<br \/>Ein weiterer Fokus: Wissenschaftskommunikation. Wie kann man wissenschaftliche Theorien und Erkenntnisse so kommunizieren, dass sie von einer breiten Zielgruppe gut verstanden werden?<\/span><\/p><p><strong>#2 Meine Funktion bei PLUSTRACK ist\u2026.<\/strong><\/p><p><span>Markenguru. Tue Gutes und rede dr\u00fcber &#8211; Connecting you mit erfolgreicher Kommunikation. Die Br\u00fccke zur unternehmerischen Praxis.<\/span><\/p><p><strong>#3 Ich bin motiviert bei <\/strong><strong><strong>PLUSTRACK<\/strong> mitzuarbeiten, weil\u2026<\/strong><\/p><p><span lang=\"DE\">PLUSTRACK ist das einzige wissenschaftliche fundierte Mentoring\/Coaching\/Community Programm in der Uni-Landschaft, das nie aufh\u00f6rt sich weiterzuentwickeln. Der gemeinsame MARKENANKER<\/span><span lang=\"DE\">\u00ae hat diese Alleinstellung und die vielfachen Vorteile f\u00fcr alle (!) Studierenden an der PLUS klar herausgestellt.<\/span><\/p><p><strong>#4 F\u00fcr mich ist das wichtigste Ziel\/ absolute Highlight bei <\/strong><strong><strong>PLUSTRACK<\/strong>\u2026.<\/strong><\/p><p><span>alle Studierenden an der PLUS PLUSTRACK kennen und aktiv in der PLUSTRACK Community sind!<\/span><\/p><p><strong>#5 Wenn ich nicht im Rahmen von <\/strong><strong><strong>PLUSTRACK<\/strong> anzutreffen bin, dann man mir auch hier \u00fcber den Weg laufen\u2026.<\/strong><\/p><p><span>In meiner freiberuflichen T\u00e4tigkeit als Markenexpertin bei FORSTHUBERMARKETING. Wo ich mit meiner identit\u00e4tsorientierten Markenmethode Unternehmen und Personen helfe, erfolgreicher zu kommunizieren. Nur starke Marken \u00fcberleben.<\/span><\/p>\t\t\t\t\t\t\t\t<\/div>\n\t\t\t\t<\/div>\n\t\t\t\t\t<\/div>\n\t\t<\/div>\n\t\t\t\t\t<\/div>\n\t\t<\/section>\n\t\t\t\t<section class=\"elementor-section elementor-top-section elementor-element elementor-element-6135ede7 elementor-section-boxed elementor-section-height-default elementor-section-height-default\" data-id=\"6135ede7\" data-element_type=\"section\">\n\t\t\t\t\t\t<div class=\"elementor-container elementor-column-gap-default\">\n\t\t\t\t\t<div class=\"elementor-column elementor-col-100 elementor-top-column elementor-element elementor-element-592e4e5c\" data-id=\"592e4e5c\" data-element_type=\"column\">\n\t\t\t<div class=\"elementor-widget-wrap elementor-element-populated\">\n\t\t\t\t\t\t\t<\/div>\n\t\t<\/div>\n\t\t\t\t\t<\/div>\n\t\t<\/section>\n\t\t\t\t<section class=\"elementor-section elementor-top-section elementor-element elementor-element-e727207 elementor-section-boxed elementor-section-height-default elementor-section-height-default\" data-id=\"e727207\" data-element_type=\"section\">\n\t\t\t\t\t\t<div class=\"elementor-container elementor-column-gap-default\">\n\t\t\t\t\t<div class=\"elementor-column elementor-col-100 elementor-top-column elementor-element elementor-element-c6c4de1\" data-id=\"c6c4de1\" data-element_type=\"column\">\n\t\t\t<div class=\"elementor-widget-wrap elementor-element-populated\">\n\t\t\t\t\t\t<div class=\"elementor-element elementor-element-3bbe415 elementor-align-center elementor-widget elementor-widget-button\" data-id=\"3bbe415\" data-element_type=\"widget\" data-widget_type=\"button.default\">\n\t\t\t\t<div class=\"elementor-widget-container\">\n\t\t\t\t\t\t\t\t\t<div class=\"elementor-button-wrapper\">\n\t\t\t\t\t<a class=\"elementor-button elementor-button-link elementor-size-lg\" href=\"https:\/\/www.plus.ac.at\/psychologie\/fachbereich\/organisation\/sozialpsychologie\/unser-team\/kokal-aaron\/\">\n\t\t\t\t\t\t<span class=\"elementor-button-content-wrapper\">\n\t\t\t\t\t\t\t\t\t<span class=\"elementor-button-text\">Kontakt<\/span>\n\t\t\t\t\t<\/span>\n\t\t\t\t\t<\/a>\n\t\t\t\t<\/div>\n\t\t\t\t\t\t\t\t<\/div>\n\t\t\t\t<\/div>\n\t\t\t\t\t<\/div>\n\t\t<\/div>\n\t\t\t\t\t<\/div>\n\t\t<\/section>\n\t\t\t\t<\/div>\n\t\t","protected":false},"excerpt":{"rendered":"<p>Steckbrief Kristin Forsthuber &#8211; Markenexpertin Globe Linkedin #1 Meine aktuelle Forschungsthemen\/ -theorien sind\u2026 Was sind die sozialpsychologischen Grundlagen f\u00fcr erfolgreiche Kommunikation? Zusammen mit dem Team von Prof. Eva Jonas habe ich die von mir entwickelte Markenmethode MARKENANKER\u00ae diesbez\u00fcglich durchleuchtet. Das Ergebnis: der neue Markenauftritt von PLUSTRACK , dem einzigartigen Community [&hellip;]<\/p>\n","protected":false},"author":24,"featured_media":0,"parent":0,"menu_order":0,"comment_status":"closed","ping_status":"closed","template":"elementor_theme","meta":{"footnotes":""},"class_list":["post-6992","page","type-page","status-publish","hentry"],"yoast_head":"<!-- This site is optimized with the Yoast SEO plugin v24.5 - https:\/\/yoast.com\/wordpress\/plugins\/seo\/ -->\n<title>Steckbrief Kristin Forsthuber - PLUSTRACK_EN<\/title>\n<meta name=\"robots\" content=\"index, follow, max-snippet:-1, max-image-preview:large, max-video-preview:-1\" \/>\n<link rel=\"canonical\" href=\"https:\/\/plustrack.at\/en\/steckbrief-kristin-forsthuber\/\" \/>\n<meta property=\"og:locale\" content=\"en_US\" \/>\n<meta property=\"og:type\" content=\"article\" \/>\n<meta property=\"og:title\" content=\"Steckbrief Kristin Forsthuber - PLUSTRACK_EN\" \/>\n<meta property=\"og:description\" content=\"Steckbrief Kristin Forsthuber &#8211; Markenexpertin Globe Linkedin #1 Meine aktuelle Forschungsthemen\/ -theorien sind\u2026 Was sind die sozialpsychologischen Grundlagen f\u00fcr erfolgreiche Kommunikation? Zusammen mit dem Team von Prof. Eva Jonas habe ich die von mir entwickelte Markenmethode MARKENANKER\u00ae diesbez\u00fcglich durchleuchtet. Das Ergebnis: der neue Markenauftritt von PLUSTRACK , dem einzigartigen Community [&hellip;]\" \/>\n<meta property=\"og:url\" content=\"https:\/\/plustrack.at\/en\/steckbrief-kristin-forsthuber\/\" \/>\n<meta property=\"og:site_name\" content=\"PLUSTRACK_EN\" \/>\n<meta property=\"og:image\" content=\"https:\/\/plustrack.at\/wp-content\/uploads\/2022\/09\/Kristin-Forsthuber_Portrait_-Markenanker-768x747.jpg\" \/>\n<meta name=\"twitter:card\" content=\"summary_large_image\" \/>\n<meta name=\"twitter:label1\" content=\"Est. reading time\" \/>\n\t<meta name=\"twitter:data1\" content=\"1 minute\" \/>\n<script type=\"application\/ld+json\" class=\"yoast-schema-graph\">{\"@context\":\"https:\/\/schema.org\",\"@graph\":[{\"@type\":\"WebPage\",\"@id\":\"https:\/\/plustrack.at\/en\/steckbrief-kristin-forsthuber\/\",\"url\":\"https:\/\/plustrack.at\/en\/steckbrief-kristin-forsthuber\/\",\"name\":\"Steckbrief Kristin Forsthuber - PLUSTRACK_EN\",\"isPartOf\":{\"@id\":\"https:\/\/plustrack.at\/en\/#website\"},\"primaryImageOfPage\":{\"@id\":\"https:\/\/plustrack.at\/en\/steckbrief-kristin-forsthuber\/#primaryimage\"},\"image\":{\"@id\":\"https:\/\/plustrack.at\/en\/steckbrief-kristin-forsthuber\/#primaryimage\"},\"thumbnailUrl\":\"https:\/\/plustrack.at\/wp-content\/uploads\/2022\/09\/Kristin-Forsthuber_Portrait_-Markenanker-768x747.jpg\",\"datePublished\":\"2022-09-02T08:00:33+00:00\",\"breadcrumb\":{\"@id\":\"https:\/\/plustrack.at\/en\/steckbrief-kristin-forsthuber\/#breadcrumb\"},\"inLanguage\":\"en-US\",\"potentialAction\":[{\"@type\":\"ReadAction\",\"target\":[\"https:\/\/plustrack.at\/en\/steckbrief-kristin-forsthuber\/\"]}]},{\"@type\":\"ImageObject\",\"inLanguage\":\"en-US\",\"@id\":\"https:\/\/plustrack.at\/en\/steckbrief-kristin-forsthuber\/#primaryimage\",\"url\":\"https:\/\/plustrack.at\/wp-content\/uploads\/2022\/09\/Kristin-Forsthuber_Portrait_-Markenanker-768x747.jpg\",\"contentUrl\":\"https:\/\/plustrack.at\/wp-content\/uploads\/2022\/09\/Kristin-Forsthuber_Portrait_-Markenanker-768x747.jpg\"},{\"@type\":\"BreadcrumbList\",\"@id\":\"https:\/\/plustrack.at\/en\/steckbrief-kristin-forsthuber\/#breadcrumb\",\"itemListElement\":[{\"@type\":\"ListItem\",\"position\":1,\"name\":\"Home\",\"item\":\"https:\/\/plustrack.at\/en\/\"},{\"@type\":\"ListItem\",\"position\":2,\"name\":\"Steckbrief Kristin Forsthuber\"}]},{\"@type\":\"WebSite\",\"@id\":\"https:\/\/plustrack.at\/en\/#website\",\"url\":\"https:\/\/plustrack.at\/en\/\",\"name\":\"PLUSTRACK_EN\",\"description\":\"Your Community at the Paris Lodron University of Salzburg\",\"publisher\":{\"@id\":\"https:\/\/plustrack.at\/en\/#organization\"},\"potentialAction\":[{\"@type\":\"SearchAction\",\"target\":{\"@type\":\"EntryPoint\",\"urlTemplate\":\"https:\/\/plustrack.at\/en\/?s={search_term_string}\"},\"query-input\":{\"@type\":\"PropertyValueSpecification\",\"valueRequired\":true,\"valueName\":\"search_term_string\"}}],\"inLanguage\":\"en-US\"},{\"@type\":\"Organization\",\"@id\":\"https:\/\/plustrack.at\/en\/#organization\",\"name\":\"PLUSTRACK_EN\",\"url\":\"https:\/\/plustrack.at\/en\/\",\"logo\":{\"@type\":\"ImageObject\",\"inLanguage\":\"en-US\",\"@id\":\"https:\/\/plustrack.at\/en\/#\/schema\/logo\/image\/\",\"url\":\"https:\/\/plustrack.at\/en\/wp-content\/uploads\/sites\/3\/2025\/04\/cropped-Logo_PLUStrack.png\",\"contentUrl\":\"https:\/\/plustrack.at\/en\/wp-content\/uploads\/sites\/3\/2025\/04\/cropped-Logo_PLUStrack.png\",\"width\":1867,\"height\":747,\"caption\":\"PLUSTRACK_EN\"},\"image\":{\"@id\":\"https:\/\/plustrack.at\/en\/#\/schema\/logo\/image\/\"}}]}<\/script>\n<!-- \/ Yoast SEO plugin. -->","yoast_head_json":{"title":"Steckbrief Kristin Forsthuber - PLUSTRACK_EN","robots":{"index":"index","follow":"follow","max-snippet":"max-snippet:-1","max-image-preview":"max-image-preview:large","max-video-preview":"max-video-preview:-1"},"canonical":"https:\/\/plustrack.at\/en\/steckbrief-kristin-forsthuber\/","og_locale":"en_US","og_type":"article","og_title":"Steckbrief Kristin Forsthuber - PLUSTRACK_EN","og_description":"Steckbrief Kristin Forsthuber &#8211; Markenexpertin Globe Linkedin #1 Meine aktuelle Forschungsthemen\/ -theorien sind\u2026 Was sind die sozialpsychologischen Grundlagen f\u00fcr erfolgreiche Kommunikation? Zusammen mit dem Team von Prof. Eva Jonas habe ich die von mir entwickelte Markenmethode MARKENANKER\u00ae diesbez\u00fcglich durchleuchtet. Das Ergebnis: der neue Markenauftritt von PLUSTRACK , dem einzigartigen Community [&hellip;]","og_url":"https:\/\/plustrack.at\/en\/steckbrief-kristin-forsthuber\/","og_site_name":"PLUSTRACK_EN","og_image":[{"url":"https:\/\/plustrack.at\/wp-content\/uploads\/2022\/09\/Kristin-Forsthuber_Portrait_-Markenanker-768x747.jpg","type":"","width":"","height":""}],"twitter_card":"summary_large_image","twitter_misc":{"Est. reading time":"1 minute"},"schema":{"@context":"https:\/\/schema.org","@graph":[{"@type":"WebPage","@id":"https:\/\/plustrack.at\/en\/steckbrief-kristin-forsthuber\/","url":"https:\/\/plustrack.at\/en\/steckbrief-kristin-forsthuber\/","name":"Steckbrief Kristin Forsthuber - PLUSTRACK_EN","isPartOf":{"@id":"https:\/\/plustrack.at\/en\/#website"},"primaryImageOfPage":{"@id":"https:\/\/plustrack.at\/en\/steckbrief-kristin-forsthuber\/#primaryimage"},"image":{"@id":"https:\/\/plustrack.at\/en\/steckbrief-kristin-forsthuber\/#primaryimage"},"thumbnailUrl":"https:\/\/plustrack.at\/wp-content\/uploads\/2022\/09\/Kristin-Forsthuber_Portrait_-Markenanker-768x747.jpg","datePublished":"2022-09-02T08:00:33+00:00","breadcrumb":{"@id":"https:\/\/plustrack.at\/en\/steckbrief-kristin-forsthuber\/#breadcrumb"},"inLanguage":"en-US","potentialAction":[{"@type":"ReadAction","target":["https:\/\/plustrack.at\/en\/steckbrief-kristin-forsthuber\/"]}]},{"@type":"ImageObject","inLanguage":"en-US","@id":"https:\/\/plustrack.at\/en\/steckbrief-kristin-forsthuber\/#primaryimage","url":"https:\/\/plustrack.at\/wp-content\/uploads\/2022\/09\/Kristin-Forsthuber_Portrait_-Markenanker-768x747.jpg","contentUrl":"https:\/\/plustrack.at\/wp-content\/uploads\/2022\/09\/Kristin-Forsthuber_Portrait_-Markenanker-768x747.jpg"},{"@type":"BreadcrumbList","@id":"https:\/\/plustrack.at\/en\/steckbrief-kristin-forsthuber\/#breadcrumb","itemListElement":[{"@type":"ListItem","position":1,"name":"Home","item":"https:\/\/plustrack.at\/en\/"},{"@type":"ListItem","position":2,"name":"Steckbrief Kristin Forsthuber"}]},{"@type":"WebSite","@id":"https:\/\/plustrack.at\/en\/#website","url":"https:\/\/plustrack.at\/en\/","name":"PLUSTRACK_EN","description":"Your Community at the Paris Lodron University of Salzburg","publisher":{"@id":"https:\/\/plustrack.at\/en\/#organization"},"potentialAction":[{"@type":"SearchAction","target":{"@type":"EntryPoint","urlTemplate":"https:\/\/plustrack.at\/en\/?s={search_term_string}"},"query-input":{"@type":"PropertyValueSpecification","valueRequired":true,"valueName":"search_term_string"}}],"inLanguage":"en-US"},{"@type":"Organization","@id":"https:\/\/plustrack.at\/en\/#organization","name":"PLUSTRACK_EN","url":"https:\/\/plustrack.at\/en\/","logo":{"@type":"ImageObject","inLanguage":"en-US","@id":"https:\/\/plustrack.at\/en\/#\/schema\/logo\/image\/","url":"https:\/\/plustrack.at\/en\/wp-content\/uploads\/sites\/3\/2025\/04\/cropped-Logo_PLUStrack.png","contentUrl":"https:\/\/plustrack.at\/en\/wp-content\/uploads\/sites\/3\/2025\/04\/cropped-Logo_PLUStrack.png","width":1867,"height":747,"caption":"PLUSTRACK_EN"},"image":{"@id":"https:\/\/plustrack.at\/en\/#\/schema\/logo\/image\/"}}]}},"_links":{"self":[{"href":"https:\/\/plustrack.at\/en\/wp-json\/wp\/v2\/pages\/6992","targetHints":{"allow":["GET"]}}],"collection":[{"href":"https:\/\/plustrack.at\/en\/wp-json\/wp\/v2\/pages"}],"about":[{"href":"https:\/\/plustrack.at\/en\/wp-json\/wp\/v2\/types\/page"}],"author":[{"embeddable":true,"href":"https:\/\/plustrack.at\/en\/wp-json\/wp\/v2\/users\/24"}],"replies":[{"embeddable":true,"href":"https:\/\/plustrack.at\/en\/wp-json\/wp\/v2\/comments?post=6992"}],"version-history":[{"count":0,"href":"https:\/\/plustrack.at\/en\/wp-json\/wp\/v2\/pages\/6992\/revisions"}],"wp:attachment":[{"href":"https:\/\/plustrack.at\/en\/wp-json\/wp\/v2\/media?parent=6992"}],"curies":[{"name":"wp","href":"https:\/\/api.w.org\/{rel}","templated":true}]}}