{"id":6309,"date":"2022-07-19T10:12:33","date_gmt":"2022-07-19T08:12:33","guid":{"rendered":"https:\/\/on-track.sbg.ac.at\/?page_id=6309"},"modified":"2022-07-19T10:12:33","modified_gmt":"2022-07-19T08:12:33","slug":"steckbrief-vicky-konig","status":"publish","type":"page","link":"https:\/\/plustrack.at\/en\/steckbrief-vicky-konig\/","title":{"rendered":"Steckbrief Vicky K\u00f6nig"},"content":{"rendered":"\t\t<div data-elementor-type=\"wp-page\" data-elementor-id=\"6309\" class=\"elementor elementor-6309\">\n\t\t\t\t\t\t<section class=\"elementor-section elementor-top-section elementor-element elementor-element-4471f95 elementor-section-stretched elementor-section-boxed elementor-section-height-default elementor-section-height-default\" data-id=\"4471f95\" data-element_type=\"section\" data-settings=\"{&quot;stretch_section&quot;:&quot;section-stretched&quot;}\">\n\t\t\t\t\t\t<div class=\"elementor-container elementor-column-gap-default\">\n\t\t\t\t\t<div class=\"elementor-column elementor-col-100 elementor-top-column elementor-element elementor-element-08eccf1\" data-id=\"08eccf1\" data-element_type=\"column\">\n\t\t\t<div class=\"elementor-widget-wrap elementor-element-populated\">\n\t\t\t\t\t\t<div class=\"elementor-element elementor-element-a46df1f elementor-widget elementor-widget-heading\" data-id=\"a46df1f\" data-element_type=\"widget\" data-widget_type=\"heading.default\">\n\t\t\t\t<div class=\"elementor-widget-container\">\n\t\t\t\t\t<h2 class=\"elementor-heading-title elementor-size-default\">Steckbrief Vicky K\u00f6nig<\/h2>\t\t\t\t<\/div>\n\t\t\t\t<\/div>\n\t\t\t\t\t<\/div>\n\t\t<\/div>\n\t\t\t\t\t<\/div>\n\t\t<\/section>\n\t\t\t\t<section class=\"elementor-section elementor-top-section elementor-element elementor-element-81a6ec3 elementor-section-stretched elementor-section-boxed elementor-section-height-default elementor-section-height-default\" data-id=\"81a6ec3\" data-element_type=\"section\" data-settings=\"{&quot;stretch_section&quot;:&quot;section-stretched&quot;}\">\n\t\t\t\t\t\t<div class=\"elementor-container elementor-column-gap-default\">\n\t\t\t\t\t<div class=\"elementor-column elementor-col-33 elementor-top-column elementor-element elementor-element-945f20d\" data-id=\"945f20d\" data-element_type=\"column\">\n\t\t\t<div class=\"elementor-widget-wrap elementor-element-populated\">\n\t\t\t\t\t\t<div class=\"elementor-element elementor-element-ef0b1ab elementor-widget elementor-widget-image\" data-id=\"ef0b1ab\" data-element_type=\"widget\" data-widget_type=\"image.default\">\n\t\t\t\t<div class=\"elementor-widget-container\">\n\t\t\t\t\t\t\t\t\t\t\t\t\t\t\t<img fetchpriority=\"high\" decoding=\"async\" width=\"750\" height=\"1125\" src=\"https:\/\/plustrack.at\/en\/wp-content\/uploads\/sites\/3\/2021\/11\/Vicky-scaled-1-768x1152.jpg\" class=\"attachment-medium_large size-medium_large wp-image-3562\" alt=\"\" srcset=\"https:\/\/plustrack.at\/en\/wp-content\/uploads\/sites\/3\/2021\/11\/Vicky-scaled-1-768x1152.jpg 768w, https:\/\/plustrack.at\/en\/wp-content\/uploads\/sites\/3\/2021\/11\/Vicky-scaled-1-200x300.jpg 200w, https:\/\/plustrack.at\/en\/wp-content\/uploads\/sites\/3\/2021\/11\/Vicky-scaled-1-683x1024.jpg 683w, https:\/\/plustrack.at\/en\/wp-content\/uploads\/sites\/3\/2021\/11\/Vicky-scaled-1-1024x1536.jpg 1024w, https:\/\/plustrack.at\/en\/wp-content\/uploads\/sites\/3\/2021\/11\/Vicky-scaled-1-1366x2048.jpg 1366w, https:\/\/plustrack.at\/en\/wp-content\/uploads\/sites\/3\/2021\/11\/Vicky-scaled-1.jpg 1707w\" sizes=\"(max-width: 750px) 100vw, 750px\" \/>\t\t\t\t\t\t\t\t\t\t\t\t\t\t\t<\/div>\n\t\t\t\t<\/div>\n\t\t\t\t\t<\/div>\n\t\t<\/div>\n\t\t\t\t<div class=\"elementor-column elementor-col-66 elementor-top-column elementor-element elementor-element-f7600ad\" data-id=\"f7600ad\" data-element_type=\"column\">\n\t\t\t<div class=\"elementor-widget-wrap elementor-element-populated\">\n\t\t\t\t\t\t<div class=\"elementor-element elementor-element-27f8e52 elementor-widget elementor-widget-text-editor\" data-id=\"27f8e52\" data-element_type=\"widget\" data-widget_type=\"text-editor.default\">\n\t\t\t\t<div class=\"elementor-widget-container\">\n\t\t\t\t\t\t\t\t\t<p><strong>#1 Meine aktuelle Forschungsthemen\/ -theorien sind\u2026<\/strong><\/p>\n<p>Psych. Bed\u00fcrfnisse, Motivation, Feministische Psychologie, Power\/Empowerment, Bedrohung<\/p>\n<p><strong>#2 Meine Funktion bei <\/strong><strong><strong>PLUSTRACK<\/strong> ist\u2026.<\/strong><\/p>\n<p>Social Media Maniac, Design Guru, Texttipse<\/p>\n<p><strong>#3 Ich bin motiviert bei <\/strong><strong><strong>PLUSTRACK<\/strong> mitzuarbeiten, weil\u2026<\/strong><\/p>\n<p>\u2026das Leben f\u00fcr Studierende digitaler wird bzw. schon seit Jahren immer digitaler geworden ist. Diesen Umstand als Uni zu ignorieren und immer f\u00fcnf Schritte zu sp\u00e4t dran zu sein, ist nicht effizient oder zukunftsorientiert. Mit unserer Forschung wollen wir \u201eechten\u201c Menschen in der \u201eechten\u201c Welt helfen und wenn diese \u201eechte\u201c Realit\u00e4t eben auch digital ist, dann ist es unsere Aufgabe, das anzuerkennen. Besonders wenn das Potential f\u00fcr Verbesserungen und niederschwellige Unterst\u00fctzung in dieser digitalen Realit\u00e4t so gro\u00df ist!<\/p>\n<p><strong>#4 F\u00fcr mich ist das wichtigste Ziel\/ absolute Highlight bei <\/strong><strong><strong>PLUSTRACK<\/strong>, dass\u2026.<\/strong><\/p>\n<p>\u2026nicht&nbsp;<em>\u00fcber<\/em>&nbsp;die Studierenden gesprochen wird, sondern&nbsp;<em>mit<\/em>&nbsp;ihnen. Und, dass das Netzwerk an Kooperationspartner:innen die ganze Uni umspannt. Das ist ein riesiger Aufwand und gleichzeitig ein enorm wichtiger Schritt, um alle ins Boot zu holen.<\/p>\n<p><strong>#5 Wenn ich nicht im Rahmen von <\/strong><strong><strong>PLUSTRACK<\/strong> anzutreffen bin, dann man mir auch hier \u00fcber den Weg laufen\u2026.<\/strong><\/p>\n<p>\u2026 wahrscheinlich auf der Hundewiese beim Hundetraining oder auf der Couch beim Zocken #switch&lt;3<\/p>\t\t\t\t\t\t\t\t<\/div>\n\t\t\t\t<\/div>\n\t\t\t\t\t<\/div>\n\t\t<\/div>\n\t\t\t\t\t<\/div>\n\t\t<\/section>\n\t\t\t\t<section class=\"elementor-section elementor-top-section elementor-element elementor-element-6135ede7 elementor-section-boxed elementor-section-height-default elementor-section-height-default\" data-id=\"6135ede7\" data-element_type=\"section\">\n\t\t\t\t\t\t<div class=\"elementor-container elementor-column-gap-default\">\n\t\t\t\t\t<div class=\"elementor-column elementor-col-100 elementor-top-column elementor-element elementor-element-592e4e5c\" data-id=\"592e4e5c\" data-element_type=\"column\">\n\t\t\t<div class=\"elementor-widget-wrap elementor-element-populated\">\n\t\t\t\t\t\t\t<\/div>\n\t\t<\/div>\n\t\t\t\t\t<\/div>\n\t\t<\/section>\n\t\t\t\t<section class=\"elementor-section elementor-top-section elementor-element elementor-element-0d74ac5 elementor-section-boxed elementor-section-height-default elementor-section-height-default\" data-id=\"0d74ac5\" data-element_type=\"section\">\n\t\t\t\t\t\t<div class=\"elementor-container elementor-column-gap-default\">\n\t\t\t\t\t<div class=\"elementor-column elementor-col-100 elementor-top-column elementor-element elementor-element-894da33\" data-id=\"894da33\" data-element_type=\"column\">\n\t\t\t<div class=\"elementor-widget-wrap elementor-element-populated\">\n\t\t\t\t\t\t<div class=\"elementor-element elementor-element-8b25d5e elementor-align-center elementor-widget elementor-widget-button\" data-id=\"8b25d5e\" data-element_type=\"widget\" data-widget_type=\"button.default\">\n\t\t\t\t<div class=\"elementor-widget-container\">\n\t\t\t\t\t\t\t\t\t<div class=\"elementor-button-wrapper\">\n\t\t\t\t\t<a class=\"elementor-button elementor-button-link elementor-size-lg\" href=\"https:\/\/www.plus.ac.at\/?page_id=85621\">\n\t\t\t\t\t\t<span class=\"elementor-button-content-wrapper\">\n\t\t\t\t\t\t\t\t\t<span class=\"elementor-button-text\">Kontakt<\/span>\n\t\t\t\t\t<\/span>\n\t\t\t\t\t<\/a>\n\t\t\t\t<\/div>\n\t\t\t\t\t\t\t\t<\/div>\n\t\t\t\t<\/div>\n\t\t\t\t\t<\/div>\n\t\t<\/div>\n\t\t\t\t\t<\/div>\n\t\t<\/section>\n\t\t\t\t<\/div>\n\t\t","protected":false},"excerpt":{"rendered":"<p>Steckbrief Vicky K\u00f6nig #1 Meine aktuelle Forschungsthemen\/ -theorien sind\u2026 Psych. Bed\u00fcrfnisse, Motivation, Feministische Psychologie, Power\/Empowerment, Bedrohung #2 Meine Funktion bei PLUSTRACK ist\u2026. Social Media Maniac, Design Guru, Texttipse #3 Ich bin motiviert bei PLUSTRACK mitzuarbeiten, weil\u2026 \u2026das Leben f\u00fcr Studierende digitaler wird bzw. schon seit Jahren immer digitaler geworden ist. [&hellip;]<\/p>\n","protected":false},"author":24,"featured_media":0,"parent":0,"menu_order":0,"comment_status":"closed","ping_status":"closed","template":"elementor_theme","meta":{"footnotes":""},"class_list":["post-6309","page","type-page","status-publish","hentry"],"yoast_head":"<!-- This site is optimized with the Yoast SEO plugin v24.5 - https:\/\/yoast.com\/wordpress\/plugins\/seo\/ -->\n<title>Steckbrief Vicky K\u00f6nig - PLUSTRACK_EN<\/title>\n<meta name=\"robots\" content=\"index, follow, max-snippet:-1, max-image-preview:large, max-video-preview:-1\" \/>\n<link rel=\"canonical\" href=\"https:\/\/plustrack.at\/en\/steckbrief-vicky-konig\/\" \/>\n<meta property=\"og:locale\" content=\"en_US\" \/>\n<meta property=\"og:type\" content=\"article\" \/>\n<meta property=\"og:title\" content=\"Steckbrief Vicky K\u00f6nig - PLUSTRACK_EN\" \/>\n<meta property=\"og:description\" content=\"Steckbrief Vicky K\u00f6nig #1 Meine aktuelle Forschungsthemen\/ -theorien sind\u2026 Psych. Bed\u00fcrfnisse, Motivation, Feministische Psychologie, Power\/Empowerment, Bedrohung #2 Meine Funktion bei PLUSTRACK ist\u2026. Social Media Maniac, Design Guru, Texttipse #3 Ich bin motiviert bei PLUSTRACK mitzuarbeiten, weil\u2026 \u2026das Leben f\u00fcr Studierende digitaler wird bzw. schon seit Jahren immer digitaler geworden ist. [&hellip;]\" \/>\n<meta property=\"og:url\" content=\"https:\/\/plustrack.at\/en\/steckbrief-vicky-konig\/\" \/>\n<meta property=\"og:site_name\" content=\"PLUSTRACK_EN\" \/>\n<meta property=\"og:image\" content=\"https:\/\/plustrack.at\/wp-content\/uploads\/2021\/11\/Vicky-768x1152.jpg\" \/>\n<meta name=\"twitter:card\" content=\"summary_large_image\" \/>\n<meta name=\"twitter:label1\" content=\"Est. reading time\" \/>\n\t<meta name=\"twitter:data1\" content=\"1 minute\" \/>\n<script type=\"application\/ld+json\" class=\"yoast-schema-graph\">{\"@context\":\"https:\/\/schema.org\",\"@graph\":[{\"@type\":\"WebPage\",\"@id\":\"https:\/\/plustrack.at\/en\/steckbrief-vicky-konig\/\",\"url\":\"https:\/\/plustrack.at\/en\/steckbrief-vicky-konig\/\",\"name\":\"Steckbrief Vicky K\u00f6nig - PLUSTRACK_EN\",\"isPartOf\":{\"@id\":\"https:\/\/plustrack.at\/en\/#website\"},\"primaryImageOfPage\":{\"@id\":\"https:\/\/plustrack.at\/en\/steckbrief-vicky-konig\/#primaryimage\"},\"image\":{\"@id\":\"https:\/\/plustrack.at\/en\/steckbrief-vicky-konig\/#primaryimage\"},\"thumbnailUrl\":\"https:\/\/plustrack.at\/wp-content\/uploads\/2021\/11\/Vicky-768x1152.jpg\",\"datePublished\":\"2022-07-19T08:12:33+00:00\",\"breadcrumb\":{\"@id\":\"https:\/\/plustrack.at\/en\/steckbrief-vicky-konig\/#breadcrumb\"},\"inLanguage\":\"en-US\",\"potentialAction\":[{\"@type\":\"ReadAction\",\"target\":[\"https:\/\/plustrack.at\/en\/steckbrief-vicky-konig\/\"]}]},{\"@type\":\"ImageObject\",\"inLanguage\":\"en-US\",\"@id\":\"https:\/\/plustrack.at\/en\/steckbrief-vicky-konig\/#primaryimage\",\"url\":\"https:\/\/plustrack.at\/wp-content\/uploads\/2021\/11\/Vicky-768x1152.jpg\",\"contentUrl\":\"https:\/\/plustrack.at\/wp-content\/uploads\/2021\/11\/Vicky-768x1152.jpg\"},{\"@type\":\"BreadcrumbList\",\"@id\":\"https:\/\/plustrack.at\/en\/steckbrief-vicky-konig\/#breadcrumb\",\"itemListElement\":[{\"@type\":\"ListItem\",\"position\":1,\"name\":\"Home\",\"item\":\"https:\/\/plustrack.at\/en\/\"},{\"@type\":\"ListItem\",\"position\":2,\"name\":\"Steckbrief Vicky K\u00f6nig\"}]},{\"@type\":\"WebSite\",\"@id\":\"https:\/\/plustrack.at\/en\/#website\",\"url\":\"https:\/\/plustrack.at\/en\/\",\"name\":\"PLUSTRACK_EN\",\"description\":\"Your Community at the Paris Lodron University of Salzburg\",\"publisher\":{\"@id\":\"https:\/\/plustrack.at\/en\/#organization\"},\"potentialAction\":[{\"@type\":\"SearchAction\",\"target\":{\"@type\":\"EntryPoint\",\"urlTemplate\":\"https:\/\/plustrack.at\/en\/?s={search_term_string}\"},\"query-input\":{\"@type\":\"PropertyValueSpecification\",\"valueRequired\":true,\"valueName\":\"search_term_string\"}}],\"inLanguage\":\"en-US\"},{\"@type\":\"Organization\",\"@id\":\"https:\/\/plustrack.at\/en\/#organization\",\"name\":\"PLUSTRACK_EN\",\"url\":\"https:\/\/plustrack.at\/en\/\",\"logo\":{\"@type\":\"ImageObject\",\"inLanguage\":\"en-US\",\"@id\":\"https:\/\/plustrack.at\/en\/#\/schema\/logo\/image\/\",\"url\":\"https:\/\/plustrack.at\/en\/wp-content\/uploads\/sites\/3\/2025\/04\/cropped-Logo_PLUStrack.png\",\"contentUrl\":\"https:\/\/plustrack.at\/en\/wp-content\/uploads\/sites\/3\/2025\/04\/cropped-Logo_PLUStrack.png\",\"width\":1867,\"height\":747,\"caption\":\"PLUSTRACK_EN\"},\"image\":{\"@id\":\"https:\/\/plustrack.at\/en\/#\/schema\/logo\/image\/\"}}]}<\/script>\n<!-- \/ Yoast SEO plugin. -->","yoast_head_json":{"title":"Steckbrief Vicky K\u00f6nig - PLUSTRACK_EN","robots":{"index":"index","follow":"follow","max-snippet":"max-snippet:-1","max-image-preview":"max-image-preview:large","max-video-preview":"max-video-preview:-1"},"canonical":"https:\/\/plustrack.at\/en\/steckbrief-vicky-konig\/","og_locale":"en_US","og_type":"article","og_title":"Steckbrief Vicky K\u00f6nig - PLUSTRACK_EN","og_description":"Steckbrief Vicky K\u00f6nig #1 Meine aktuelle Forschungsthemen\/ -theorien sind\u2026 Psych. Bed\u00fcrfnisse, Motivation, Feministische Psychologie, Power\/Empowerment, Bedrohung #2 Meine Funktion bei PLUSTRACK ist\u2026. Social Media Maniac, Design Guru, Texttipse #3 Ich bin motiviert bei PLUSTRACK mitzuarbeiten, weil\u2026 \u2026das Leben f\u00fcr Studierende digitaler wird bzw. schon seit Jahren immer digitaler geworden ist. [&hellip;]","og_url":"https:\/\/plustrack.at\/en\/steckbrief-vicky-konig\/","og_site_name":"PLUSTRACK_EN","og_image":[{"url":"https:\/\/plustrack.at\/wp-content\/uploads\/2021\/11\/Vicky-768x1152.jpg","type":"","width":"","height":""}],"twitter_card":"summary_large_image","twitter_misc":{"Est. reading time":"1 minute"},"schema":{"@context":"https:\/\/schema.org","@graph":[{"@type":"WebPage","@id":"https:\/\/plustrack.at\/en\/steckbrief-vicky-konig\/","url":"https:\/\/plustrack.at\/en\/steckbrief-vicky-konig\/","name":"Steckbrief Vicky K\u00f6nig - PLUSTRACK_EN","isPartOf":{"@id":"https:\/\/plustrack.at\/en\/#website"},"primaryImageOfPage":{"@id":"https:\/\/plustrack.at\/en\/steckbrief-vicky-konig\/#primaryimage"},"image":{"@id":"https:\/\/plustrack.at\/en\/steckbrief-vicky-konig\/#primaryimage"},"thumbnailUrl":"https:\/\/plustrack.at\/wp-content\/uploads\/2021\/11\/Vicky-768x1152.jpg","datePublished":"2022-07-19T08:12:33+00:00","breadcrumb":{"@id":"https:\/\/plustrack.at\/en\/steckbrief-vicky-konig\/#breadcrumb"},"inLanguage":"en-US","potentialAction":[{"@type":"ReadAction","target":["https:\/\/plustrack.at\/en\/steckbrief-vicky-konig\/"]}]},{"@type":"ImageObject","inLanguage":"en-US","@id":"https:\/\/plustrack.at\/en\/steckbrief-vicky-konig\/#primaryimage","url":"https:\/\/plustrack.at\/wp-content\/uploads\/2021\/11\/Vicky-768x1152.jpg","contentUrl":"https:\/\/plustrack.at\/wp-content\/uploads\/2021\/11\/Vicky-768x1152.jpg"},{"@type":"BreadcrumbList","@id":"https:\/\/plustrack.at\/en\/steckbrief-vicky-konig\/#breadcrumb","itemListElement":[{"@type":"ListItem","position":1,"name":"Home","item":"https:\/\/plustrack.at\/en\/"},{"@type":"ListItem","position":2,"name":"Steckbrief Vicky K\u00f6nig"}]},{"@type":"WebSite","@id":"https:\/\/plustrack.at\/en\/#website","url":"https:\/\/plustrack.at\/en\/","name":"PLUSTRACK_EN","description":"Your Community at the Paris Lodron University of Salzburg","publisher":{"@id":"https:\/\/plustrack.at\/en\/#organization"},"potentialAction":[{"@type":"SearchAction","target":{"@type":"EntryPoint","urlTemplate":"https:\/\/plustrack.at\/en\/?s={search_term_string}"},"query-input":{"@type":"PropertyValueSpecification","valueRequired":true,"valueName":"search_term_string"}}],"inLanguage":"en-US"},{"@type":"Organization","@id":"https:\/\/plustrack.at\/en\/#organization","name":"PLUSTRACK_EN","url":"https:\/\/plustrack.at\/en\/","logo":{"@type":"ImageObject","inLanguage":"en-US","@id":"https:\/\/plustrack.at\/en\/#\/schema\/logo\/image\/","url":"https:\/\/plustrack.at\/en\/wp-content\/uploads\/sites\/3\/2025\/04\/cropped-Logo_PLUStrack.png","contentUrl":"https:\/\/plustrack.at\/en\/wp-content\/uploads\/sites\/3\/2025\/04\/cropped-Logo_PLUStrack.png","width":1867,"height":747,"caption":"PLUSTRACK_EN"},"image":{"@id":"https:\/\/plustrack.at\/en\/#\/schema\/logo\/image\/"}}]}},"_links":{"self":[{"href":"https:\/\/plustrack.at\/en\/wp-json\/wp\/v2\/pages\/6309","targetHints":{"allow":["GET"]}}],"collection":[{"href":"https:\/\/plustrack.at\/en\/wp-json\/wp\/v2\/pages"}],"about":[{"href":"https:\/\/plustrack.at\/en\/wp-json\/wp\/v2\/types\/page"}],"author":[{"embeddable":true,"href":"https:\/\/plustrack.at\/en\/wp-json\/wp\/v2\/users\/24"}],"replies":[{"embeddable":true,"href":"https:\/\/plustrack.at\/en\/wp-json\/wp\/v2\/comments?post=6309"}],"version-history":[{"count":0,"href":"https:\/\/plustrack.at\/en\/wp-json\/wp\/v2\/pages\/6309\/revisions"}],"wp:attachment":[{"href":"https:\/\/plustrack.at\/en\/wp-json\/wp\/v2\/media?parent=6309"}],"curies":[{"name":"wp","href":"https:\/\/api.w.org\/{rel}","templated":true}]}}