{"id":6293,"date":"2022-07-19T10:08:44","date_gmt":"2022-07-19T08:08:44","guid":{"rendered":"https:\/\/on-track.sbg.ac.at\/?page_id=6293"},"modified":"2022-07-19T10:08:44","modified_gmt":"2022-07-19T08:08:44","slug":"steckbrief-julius-moller","status":"publish","type":"page","link":"https:\/\/plustrack.at\/en\/steckbrief-julius-moller\/","title":{"rendered":"Steckbrief Julius M\u00f6ller"},"content":{"rendered":"\t\t<div data-elementor-type=\"wp-page\" data-elementor-id=\"6293\" class=\"elementor elementor-6293\">\n\t\t\t\t\t\t<section class=\"elementor-section elementor-top-section elementor-element elementor-element-4471f95 elementor-section-stretched elementor-section-boxed elementor-section-height-default elementor-section-height-default\" data-id=\"4471f95\" data-element_type=\"section\" data-settings=\"{&quot;stretch_section&quot;:&quot;section-stretched&quot;}\">\n\t\t\t\t\t\t<div class=\"elementor-container elementor-column-gap-default\">\n\t\t\t\t\t<div class=\"elementor-column elementor-col-100 elementor-top-column elementor-element elementor-element-08eccf1\" data-id=\"08eccf1\" data-element_type=\"column\">\n\t\t\t<div class=\"elementor-widget-wrap elementor-element-populated\">\n\t\t\t\t\t\t<div class=\"elementor-element elementor-element-a46df1f elementor-widget elementor-widget-heading\" data-id=\"a46df1f\" data-element_type=\"widget\" data-widget_type=\"heading.default\">\n\t\t\t\t<div class=\"elementor-widget-container\">\n\t\t\t\t\t<h2 class=\"elementor-heading-title elementor-size-default\">Steckbrief Julius M\u00f6ller<\/h2>\t\t\t\t<\/div>\n\t\t\t\t<\/div>\n\t\t\t\t\t<\/div>\n\t\t<\/div>\n\t\t\t\t\t<\/div>\n\t\t<\/section>\n\t\t\t\t<section class=\"elementor-section elementor-top-section elementor-element elementor-element-81a6ec3 elementor-section-stretched elementor-section-boxed elementor-section-height-default elementor-section-height-default\" data-id=\"81a6ec3\" data-element_type=\"section\" data-settings=\"{&quot;stretch_section&quot;:&quot;section-stretched&quot;}\">\n\t\t\t\t\t\t<div class=\"elementor-container elementor-column-gap-default\">\n\t\t\t\t\t<div class=\"elementor-column elementor-col-33 elementor-top-column elementor-element elementor-element-945f20d\" data-id=\"945f20d\" data-element_type=\"column\">\n\t\t\t<div class=\"elementor-widget-wrap elementor-element-populated\">\n\t\t\t\t\t\t<div class=\"elementor-element elementor-element-ef0b1ab elementor-widget elementor-widget-image\" data-id=\"ef0b1ab\" data-element_type=\"widget\" data-widget_type=\"image.default\">\n\t\t\t\t<div class=\"elementor-widget-container\">\n\t\t\t\t\t\t\t\t\t\t\t\t\t\t\t<img decoding=\"async\" src=\"https:\/\/plustrack.at\/wp-content\/uploads\/2023\/05\/Portraits-3.jpg\" title=\"\" alt=\"\" loading=\"lazy\" \/>\t\t\t\t\t\t\t\t\t\t\t\t\t\t\t<\/div>\n\t\t\t\t<\/div>\n\t\t\t\t<div class=\"elementor-element elementor-element-63dd1ae elementor-widget elementor-widget-text-editor\" data-id=\"63dd1ae\" data-element_type=\"widget\" data-widget_type=\"text-editor.default\">\n\t\t\t\t<div class=\"elementor-widget-container\">\n\t\t\t\t\t\t\t\t\t<p>Ich bin auch hier zu finden:<\/p>\t\t\t\t\t\t\t\t<\/div>\n\t\t\t\t<\/div>\n\t\t\t\t<div class=\"elementor-element elementor-element-d33aa7c elementor-shape-circle elementor-grid-0 e-grid-align-center elementor-widget elementor-widget-social-icons\" data-id=\"d33aa7c\" data-element_type=\"widget\" data-widget_type=\"social-icons.default\">\n\t\t\t\t<div class=\"elementor-widget-container\">\n\t\t\t\t\t\t\t<div class=\"elementor-social-icons-wrapper elementor-grid\">\n\t\t\t\t\t\t\t<span class=\"elementor-grid-item\">\n\t\t\t\t\t<a class=\"elementor-icon elementor-social-icon elementor-social-icon-researchgate elementor-repeater-item-7e1f357\" href=\"https:\/\/www.researchgate.net\/profile\/Julius-Moeller\" target=\"_blank\">\n\t\t\t\t\t\t<span class=\"elementor-screen-only\">Researchgate<\/span>\n\t\t\t\t\t\t<i class=\"fab fa-researchgate\"><\/i>\t\t\t\t\t<\/a>\n\t\t\t\t<\/span>\n\t\t\t\t\t\t\t<span class=\"elementor-grid-item\">\n\t\t\t\t\t<a class=\"elementor-icon elementor-social-icon elementor-social-icon-twitter elementor-repeater-item-8f66746\" href=\"https:\/\/twitter.com\/JuliusC_Moeller\" target=\"_blank\">\n\t\t\t\t\t\t<span class=\"elementor-screen-only\">Twitter<\/span>\n\t\t\t\t\t\t<i class=\"fab fa-twitter\"><\/i>\t\t\t\t\t<\/a>\n\t\t\t\t<\/span>\n\t\t\t\t\t\t\t<span class=\"elementor-grid-item\">\n\t\t\t\t\t<a class=\"elementor-icon elementor-social-icon elementor-social-icon-linkedin elementor-repeater-item-7c22ffc\" href=\"https:\/\/www.linkedin.com\/in\/julius-m\u00f6ller-8bba19232\/\" target=\"_blank\">\n\t\t\t\t\t\t<span class=\"elementor-screen-only\">Linkedin<\/span>\n\t\t\t\t\t\t<i class=\"fab fa-linkedin\"><\/i>\t\t\t\t\t<\/a>\n\t\t\t\t<\/span>\n\t\t\t\t\t<\/div>\n\t\t\t\t\t\t<\/div>\n\t\t\t\t<\/div>\n\t\t\t\t\t<\/div>\n\t\t<\/div>\n\t\t\t\t<div class=\"elementor-column elementor-col-66 elementor-top-column elementor-element elementor-element-f7600ad\" data-id=\"f7600ad\" data-element_type=\"column\">\n\t\t\t<div class=\"elementor-widget-wrap elementor-element-populated\">\n\t\t\t\t\t\t<div class=\"elementor-element elementor-element-27f8e52 elementor-widget elementor-widget-text-editor\" data-id=\"27f8e52\" data-element_type=\"widget\" data-widget_type=\"text-editor.default\">\n\t\t\t\t<div class=\"elementor-widget-container\">\n\t\t\t\t\t\t\t\t\t<p><strong>#1 Meine aktuelle Forschungsthemen\/ -theorien sind\u2026<\/strong><\/p>\n<p>Ich besch\u00e4ftige mich mit innovativen Lehr- und Lernformen im Studio. Die Umstellungen auf digitale Lehre kam nun doch schneller und dringlicher als gedacht \u2013 umso wichtiger ist es meines Erachtens, Faktoren und Prozesse zu erforschen, die ein erfolgreiches Lernen auch im digitalen Raum schaffen?<\/p>\n<p><strong>#2 Meine Funktion bei <\/strong><strong><strong>PLUSTRACK<\/strong> ist\u2026.<\/strong><\/p>\n<p>Zumeist findet man mich entweder im Workpackage 1 oder 3. Auf der einen Seite arbeite ich gemeinsam mit Stefan an der Umsetzung einer Community Networking Plattform. Auf der anderen Seite unterst\u00fctze ich Lukas und Maria bei der Identifikation von Risikofaktoren, sowie bei der Verbesserung von (digitaler) Lehre. Besonders im Fokus hierbei steht das Management und die Analyse von Daten, die wir Kontext unserer Studien erheben.&nbsp;<\/p>\n<p><strong>#3 Ich bin motiviert bei <\/strong><strong><strong>PLUSTRACK<\/strong> mitzuarbeiten, weil\u2026<\/strong><\/p>\n<p>\u2026 mit dir Vielseitigkeit der Arbeit besonders viel Freude bereitet. Durch die Kombination aus Forschung und auch deren Anwendung in Form konkreter Projekte, entsteht bei uns im Team fast eine Start-UP Atmosph\u00e4re. Au\u00dferdem freue ich mich, an der Entwicklung von Angeboten und Tools beteiligt zu sein, die speziell auch auf Studierende zugeschnitten sind, welche durch verschiedene Umst\u00e4nde es manchmal etwas schwerer im Studium haben.<\/p>\n<p><strong>#4 F\u00fcr mich ist das wichtigste Ziel\/ absolute Highlight bei <\/strong><strong><strong>PLUSTRACK<\/strong>, dass\u2026<\/strong><\/p>\n<p>\u2026 wir die M\u00f6glichkeit haben, die Projekte \u00fcber einen ganzen Zyklus zu begleiten. Von der Bedarfserhebung, \u00fcber die Einbettung in (sozial-)psychologische Theorien und die Entwicklung von individuellen wissenschaftlich fundierten Konzepten, bis zur konkreten Umsetzung der Interventionen und der Evaluation dieser.&nbsp;<\/p>\n<p><strong>#5 Wenn ich nicht im Rahmen von <\/strong><strong><strong>PLUSTRACK<\/strong> anzutreffen bin, kann man mir auch hier \u00fcber den Weg laufen\u2026.<\/strong><\/p>\n<p>In verschiedenen sozialpsychologischen Lehrveranstaltungen, meist mit einer Tasse Kaffee in der Hand. Sonst auf dem Basketball-Court, der Skipiste oder auch in der K\u00fcche.&nbsp;<\/p>\t\t\t\t\t\t\t\t<\/div>\n\t\t\t\t<\/div>\n\t\t\t\t\t<\/div>\n\t\t<\/div>\n\t\t\t\t\t<\/div>\n\t\t<\/section>\n\t\t\t\t<section class=\"elementor-section elementor-top-section elementor-element elementor-element-6135ede7 elementor-section-boxed elementor-section-height-default elementor-section-height-default\" data-id=\"6135ede7\" data-element_type=\"section\">\n\t\t\t\t\t\t<div class=\"elementor-container elementor-column-gap-default\">\n\t\t\t\t\t<div class=\"elementor-column elementor-col-100 elementor-top-column elementor-element elementor-element-592e4e5c\" data-id=\"592e4e5c\" data-element_type=\"column\">\n\t\t\t<div class=\"elementor-widget-wrap elementor-element-populated\">\n\t\t\t\t\t\t\t<\/div>\n\t\t<\/div>\n\t\t\t\t\t<\/div>\n\t\t<\/section>\n\t\t\t\t<section class=\"elementor-section elementor-top-section elementor-element elementor-element-53063b9 elementor-section-boxed elementor-section-height-default elementor-section-height-default\" data-id=\"53063b9\" data-element_type=\"section\">\n\t\t\t\t\t\t<div class=\"elementor-container elementor-column-gap-default\">\n\t\t\t\t\t<div class=\"elementor-column elementor-col-100 elementor-top-column elementor-element elementor-element-4900f36\" data-id=\"4900f36\" data-element_type=\"column\">\n\t\t\t<div class=\"elementor-widget-wrap elementor-element-populated\">\n\t\t\t\t\t\t<div class=\"elementor-element elementor-element-37106eb elementor-align-center elementor-widget elementor-widget-button\" data-id=\"37106eb\" data-element_type=\"widget\" data-widget_type=\"button.default\">\n\t\t\t\t<div class=\"elementor-widget-container\">\n\t\t\t\t\t\t\t\t\t<div class=\"elementor-button-wrapper\">\n\t\t\t\t\t<a class=\"elementor-button elementor-button-link elementor-size-lg\" href=\"https:\/\/www.plus.ac.at\/?page_id=85688\">\n\t\t\t\t\t\t<span class=\"elementor-button-content-wrapper\">\n\t\t\t\t\t\t\t\t\t<span class=\"elementor-button-text\">Kontakt<\/span>\n\t\t\t\t\t<\/span>\n\t\t\t\t\t<\/a>\n\t\t\t\t<\/div>\n\t\t\t\t\t\t\t\t<\/div>\n\t\t\t\t<\/div>\n\t\t\t\t\t<\/div>\n\t\t<\/div>\n\t\t\t\t\t<\/div>\n\t\t<\/section>\n\t\t\t\t<section class=\"elementor-section elementor-top-section elementor-element elementor-element-7ef599e elementor-section-stretched elementor-section-boxed elementor-section-height-default elementor-section-height-default\" data-id=\"7ef599e\" data-element_type=\"section\" data-settings=\"{&quot;stretch_section&quot;:&quot;section-stretched&quot;}\">\n\t\t\t\t\t\t<div class=\"elementor-container elementor-column-gap-default\">\n\t\t\t\t\t<div class=\"elementor-column elementor-col-50 elementor-top-column elementor-element elementor-element-1fac153\" data-id=\"1fac153\" data-element_type=\"column\">\n\t\t\t<div class=\"elementor-widget-wrap elementor-element-populated\">\n\t\t\t\t\t\t<div class=\"elementor-element elementor-element-ec86538 elementor-widget elementor-widget-image\" data-id=\"ec86538\" data-element_type=\"widget\" data-widget_type=\"image.default\">\n\t\t\t\t<div class=\"elementor-widget-container\">\n\t\t\t\t\t\t\t\t\t\t\t\t\t\t\t<img decoding=\"async\" src=\"https:\/\/plustrack.at\/wp-content\/uploads\/2023\/05\/Portraits-2.jpg\" title=\"\" alt=\"\" loading=\"lazy\" \/>\t\t\t\t\t\t\t\t\t\t\t\t\t\t\t<\/div>\n\t\t\t\t<\/div>\n\t\t\t\t<div class=\"elementor-element elementor-element-a542d22 elementor-widget elementor-widget-image\" data-id=\"a542d22\" data-element_type=\"widget\" data-widget_type=\"image.default\">\n\t\t\t\t<div class=\"elementor-widget-container\">\n\t\t\t\t\t\t\t\t\t\t\t\t\t\t\t<img decoding=\"async\" src=\"https:\/\/plustrack.at\/wp-content\/uploads\/2023\/05\/Julius-e1684918980537.jpg\" title=\"\" alt=\"\" loading=\"lazy\" \/>\t\t\t\t\t\t\t\t\t\t\t\t\t\t\t<\/div>\n\t\t\t\t<\/div>\n\t\t\t\t\t<\/div>\n\t\t<\/div>\n\t\t\t\t<div class=\"elementor-column elementor-col-50 elementor-top-column elementor-element elementor-element-d82bd8a\" data-id=\"d82bd8a\" data-element_type=\"column\">\n\t\t\t<div class=\"elementor-widget-wrap elementor-element-populated\">\n\t\t\t\t\t\t<div class=\"elementor-element elementor-element-79def6b elementor-widget elementor-widget-image\" data-id=\"79def6b\" data-element_type=\"widget\" data-widget_type=\"image.default\">\n\t\t\t\t<div class=\"elementor-widget-container\">\n\t\t\t\t\t\t\t\t\t\t\t\t\t\t\t<img decoding=\"async\" src=\"https:\/\/plustrack.at\/wp-content\/uploads\/2023\/05\/DSC04954.jpg\" title=\"\" alt=\"\" loading=\"lazy\" \/>\t\t\t\t\t\t\t\t\t\t\t\t\t\t\t<\/div>\n\t\t\t\t<\/div>\n\t\t\t\t\t<\/div>\n\t\t<\/div>\n\t\t\t\t\t<\/div>\n\t\t<\/section>\n\t\t\t\t<\/div>\n\t\t","protected":false},"excerpt":{"rendered":"<p>Steckbrief Julius M\u00f6ller Ich bin auch hier zu finden: Researchgate Twitter Linkedin #1 Meine aktuelle Forschungsthemen\/ -theorien sind\u2026 Ich besch\u00e4ftige mich mit innovativen Lehr- und Lernformen im Studio. Die Umstellungen auf digitale Lehre kam nun doch schneller und dringlicher als gedacht \u2013 umso wichtiger ist es meines Erachtens, Faktoren und [&hellip;]<\/p>\n","protected":false},"author":24,"featured_media":7261,"parent":0,"menu_order":0,"comment_status":"closed","ping_status":"closed","template":"elementor_theme","meta":{"footnotes":""},"class_list":["post-6293","page","type-page","status-publish","has-post-thumbnail","hentry"],"yoast_head":"<!-- This site is optimized with the Yoast SEO plugin v24.5 - https:\/\/yoast.com\/wordpress\/plugins\/seo\/ -->\n<title>Steckbrief Julius M\u00f6ller - PLUSTRACK_EN<\/title>\n<meta name=\"robots\" content=\"index, follow, max-snippet:-1, max-image-preview:large, max-video-preview:-1\" \/>\n<link rel=\"canonical\" href=\"https:\/\/plustrack.at\/en\/steckbrief-julius-moller\/\" \/>\n<meta property=\"og:locale\" content=\"en_US\" \/>\n<meta property=\"og:type\" content=\"article\" \/>\n<meta property=\"og:title\" content=\"Steckbrief Julius M\u00f6ller - PLUSTRACK_EN\" \/>\n<meta property=\"og:description\" content=\"Steckbrief Julius M\u00f6ller Ich bin auch hier zu finden: Researchgate Twitter Linkedin #1 Meine aktuelle Forschungsthemen\/ -theorien sind\u2026 Ich besch\u00e4ftige mich mit innovativen Lehr- und Lernformen im Studio. Die Umstellungen auf digitale Lehre kam nun doch schneller und dringlicher als gedacht \u2013 umso wichtiger ist es meines Erachtens, Faktoren und [&hellip;]\" \/>\n<meta property=\"og:url\" content=\"https:\/\/plustrack.at\/en\/steckbrief-julius-moller\/\" \/>\n<meta property=\"og:site_name\" content=\"PLUSTRACK_EN\" \/>\n<meta property=\"og:image\" content=\"https:\/\/plustrack.at\/wp-content\/uploads\/2023\/05\/Portraits-3-768x1152.jpg\" \/>\n<meta name=\"twitter:card\" content=\"summary_large_image\" \/>\n<meta name=\"twitter:label1\" content=\"Est. reading time\" \/>\n\t<meta name=\"twitter:data1\" content=\"2 minutes\" \/>\n<script type=\"application\/ld+json\" class=\"yoast-schema-graph\">{\"@context\":\"https:\/\/schema.org\",\"@graph\":[{\"@type\":\"WebPage\",\"@id\":\"https:\/\/plustrack.at\/en\/steckbrief-julius-moller\/\",\"url\":\"https:\/\/plustrack.at\/en\/steckbrief-julius-moller\/\",\"name\":\"Steckbrief Julius M\u00f6ller - PLUSTRACK_EN\",\"isPartOf\":{\"@id\":\"https:\/\/plustrack.at\/en\/#website\"},\"primaryImageOfPage\":{\"@id\":\"https:\/\/plustrack.at\/en\/steckbrief-julius-moller\/#primaryimage\"},\"image\":{\"@id\":\"https:\/\/plustrack.at\/en\/steckbrief-julius-moller\/#primaryimage\"},\"thumbnailUrl\":\"\",\"datePublished\":\"2022-07-19T08:08:44+00:00\",\"breadcrumb\":{\"@id\":\"https:\/\/plustrack.at\/en\/steckbrief-julius-moller\/#breadcrumb\"},\"inLanguage\":\"en-US\",\"potentialAction\":[{\"@type\":\"ReadAction\",\"target\":[\"https:\/\/plustrack.at\/en\/steckbrief-julius-moller\/\"]}]},{\"@type\":\"ImageObject\",\"inLanguage\":\"en-US\",\"@id\":\"https:\/\/plustrack.at\/en\/steckbrief-julius-moller\/#primaryimage\",\"url\":\"\",\"contentUrl\":\"\"},{\"@type\":\"BreadcrumbList\",\"@id\":\"https:\/\/plustrack.at\/en\/steckbrief-julius-moller\/#breadcrumb\",\"itemListElement\":[{\"@type\":\"ListItem\",\"position\":1,\"name\":\"Home\",\"item\":\"https:\/\/plustrack.at\/en\/\"},{\"@type\":\"ListItem\",\"position\":2,\"name\":\"Steckbrief Julius M\u00f6ller\"}]},{\"@type\":\"WebSite\",\"@id\":\"https:\/\/plustrack.at\/en\/#website\",\"url\":\"https:\/\/plustrack.at\/en\/\",\"name\":\"PLUSTRACK_EN\",\"description\":\"Your Community at the Paris Lodron University of Salzburg\",\"publisher\":{\"@id\":\"https:\/\/plustrack.at\/en\/#organization\"},\"potentialAction\":[{\"@type\":\"SearchAction\",\"target\":{\"@type\":\"EntryPoint\",\"urlTemplate\":\"https:\/\/plustrack.at\/en\/?s={search_term_string}\"},\"query-input\":{\"@type\":\"PropertyValueSpecification\",\"valueRequired\":true,\"valueName\":\"search_term_string\"}}],\"inLanguage\":\"en-US\"},{\"@type\":\"Organization\",\"@id\":\"https:\/\/plustrack.at\/en\/#organization\",\"name\":\"PLUSTRACK_EN\",\"url\":\"https:\/\/plustrack.at\/en\/\",\"logo\":{\"@type\":\"ImageObject\",\"inLanguage\":\"en-US\",\"@id\":\"https:\/\/plustrack.at\/en\/#\/schema\/logo\/image\/\",\"url\":\"https:\/\/plustrack.at\/en\/wp-content\/uploads\/sites\/3\/2025\/04\/cropped-Logo_PLUStrack.png\",\"contentUrl\":\"https:\/\/plustrack.at\/en\/wp-content\/uploads\/sites\/3\/2025\/04\/cropped-Logo_PLUStrack.png\",\"width\":1867,\"height\":747,\"caption\":\"PLUSTRACK_EN\"},\"image\":{\"@id\":\"https:\/\/plustrack.at\/en\/#\/schema\/logo\/image\/\"}}]}<\/script>\n<!-- \/ Yoast SEO plugin. -->","yoast_head_json":{"title":"Steckbrief Julius M\u00f6ller - PLUSTRACK_EN","robots":{"index":"index","follow":"follow","max-snippet":"max-snippet:-1","max-image-preview":"max-image-preview:large","max-video-preview":"max-video-preview:-1"},"canonical":"https:\/\/plustrack.at\/en\/steckbrief-julius-moller\/","og_locale":"en_US","og_type":"article","og_title":"Steckbrief Julius M\u00f6ller - PLUSTRACK_EN","og_description":"Steckbrief Julius M\u00f6ller Ich bin auch hier zu finden: Researchgate Twitter Linkedin #1 Meine aktuelle Forschungsthemen\/ -theorien sind\u2026 Ich besch\u00e4ftige mich mit innovativen Lehr- und Lernformen im Studio. Die Umstellungen auf digitale Lehre kam nun doch schneller und dringlicher als gedacht \u2013 umso wichtiger ist es meines Erachtens, Faktoren und [&hellip;]","og_url":"https:\/\/plustrack.at\/en\/steckbrief-julius-moller\/","og_site_name":"PLUSTRACK_EN","og_image":[{"url":"https:\/\/plustrack.at\/wp-content\/uploads\/2023\/05\/Portraits-3-768x1152.jpg","type":"","width":"","height":""}],"twitter_card":"summary_large_image","twitter_misc":{"Est. reading time":"2 minutes"},"schema":{"@context":"https:\/\/schema.org","@graph":[{"@type":"WebPage","@id":"https:\/\/plustrack.at\/en\/steckbrief-julius-moller\/","url":"https:\/\/plustrack.at\/en\/steckbrief-julius-moller\/","name":"Steckbrief Julius M\u00f6ller - PLUSTRACK_EN","isPartOf":{"@id":"https:\/\/plustrack.at\/en\/#website"},"primaryImageOfPage":{"@id":"https:\/\/plustrack.at\/en\/steckbrief-julius-moller\/#primaryimage"},"image":{"@id":"https:\/\/plustrack.at\/en\/steckbrief-julius-moller\/#primaryimage"},"thumbnailUrl":"","datePublished":"2022-07-19T08:08:44+00:00","breadcrumb":{"@id":"https:\/\/plustrack.at\/en\/steckbrief-julius-moller\/#breadcrumb"},"inLanguage":"en-US","potentialAction":[{"@type":"ReadAction","target":["https:\/\/plustrack.at\/en\/steckbrief-julius-moller\/"]}]},{"@type":"ImageObject","inLanguage":"en-US","@id":"https:\/\/plustrack.at\/en\/steckbrief-julius-moller\/#primaryimage","url":"","contentUrl":""},{"@type":"BreadcrumbList","@id":"https:\/\/plustrack.at\/en\/steckbrief-julius-moller\/#breadcrumb","itemListElement":[{"@type":"ListItem","position":1,"name":"Home","item":"https:\/\/plustrack.at\/en\/"},{"@type":"ListItem","position":2,"name":"Steckbrief Julius M\u00f6ller"}]},{"@type":"WebSite","@id":"https:\/\/plustrack.at\/en\/#website","url":"https:\/\/plustrack.at\/en\/","name":"PLUSTRACK_EN","description":"Your Community at the Paris Lodron University of Salzburg","publisher":{"@id":"https:\/\/plustrack.at\/en\/#organization"},"potentialAction":[{"@type":"SearchAction","target":{"@type":"EntryPoint","urlTemplate":"https:\/\/plustrack.at\/en\/?s={search_term_string}"},"query-input":{"@type":"PropertyValueSpecification","valueRequired":true,"valueName":"search_term_string"}}],"inLanguage":"en-US"},{"@type":"Organization","@id":"https:\/\/plustrack.at\/en\/#organization","name":"PLUSTRACK_EN","url":"https:\/\/plustrack.at\/en\/","logo":{"@type":"ImageObject","inLanguage":"en-US","@id":"https:\/\/plustrack.at\/en\/#\/schema\/logo\/image\/","url":"https:\/\/plustrack.at\/en\/wp-content\/uploads\/sites\/3\/2025\/04\/cropped-Logo_PLUStrack.png","contentUrl":"https:\/\/plustrack.at\/en\/wp-content\/uploads\/sites\/3\/2025\/04\/cropped-Logo_PLUStrack.png","width":1867,"height":747,"caption":"PLUSTRACK_EN"},"image":{"@id":"https:\/\/plustrack.at\/en\/#\/schema\/logo\/image\/"}}]}},"_links":{"self":[{"href":"https:\/\/plustrack.at\/en\/wp-json\/wp\/v2\/pages\/6293","targetHints":{"allow":["GET"]}}],"collection":[{"href":"https:\/\/plustrack.at\/en\/wp-json\/wp\/v2\/pages"}],"about":[{"href":"https:\/\/plustrack.at\/en\/wp-json\/wp\/v2\/types\/page"}],"author":[{"embeddable":true,"href":"https:\/\/plustrack.at\/en\/wp-json\/wp\/v2\/users\/24"}],"replies":[{"embeddable":true,"href":"https:\/\/plustrack.at\/en\/wp-json\/wp\/v2\/comments?post=6293"}],"version-history":[{"count":0,"href":"https:\/\/plustrack.at\/en\/wp-json\/wp\/v2\/pages\/6293\/revisions"}],"wp:featuredmedia":[{"embeddable":true,"href":"https:\/\/plustrack.at\/en\/wp-json\/"}],"wp:attachment":[{"href":"https:\/\/plustrack.at\/en\/wp-json\/wp\/v2\/media?parent=6293"}],"curies":[{"name":"wp","href":"https:\/\/api.w.org\/{rel}","templated":true}]}}