{"id":4132,"date":"2022-02-17T16:07:37","date_gmt":"2022-02-17T15:07:37","guid":{"rendered":"https:\/\/on-track.sbg.ac.at\/?page_id=4132"},"modified":"2025-01-24T12:34:40","modified_gmt":"2025-01-24T11:34:40","slug":"angebote-fuer-schuelerinnen-und-schulen","status":"publish","type":"page","link":"https:\/\/plustrack.at\/en\/angebote-fuer-schuelerinnen-und-schulen\/","title":{"rendered":"Offers for Schools | Prospective Students"},"content":{"rendered":"\t\t<div data-elementor-type=\"wp-page\" data-elementor-id=\"4132\" class=\"elementor elementor-4132\">\n\t\t\t\t\t\t<section class=\"elementor-section elementor-top-section elementor-element elementor-element-3cbe844 elementor-section-boxed elementor-section-height-default elementor-section-height-default\" data-id=\"3cbe844\" data-element_type=\"section\">\n\t\t\t\t\t\t<div class=\"elementor-container elementor-column-gap-default\">\n\t\t\t\t\t<div class=\"elementor-column elementor-col-100 elementor-top-column elementor-element elementor-element-e273413\" data-id=\"e273413\" data-element_type=\"column\">\n\t\t\t<div class=\"elementor-widget-wrap elementor-element-populated\">\n\t\t\t\t\t\t<div class=\"elementor-element elementor-element-aeffe6e elementor-widget elementor-widget-heading\" data-id=\"aeffe6e\" data-element_type=\"widget\" data-widget_type=\"heading.default\">\n\t\t\t\t<div class=\"elementor-widget-container\">\n\t\t\t\t\t<h1 class=\"elementor-heading-title elementor-size-default\">Offers for Prospective Students<\/h1>\t\t\t\t<\/div>\n\t\t\t\t<\/div>\n\t\t\t\t\t<\/div>\n\t\t<\/div>\n\t\t\t\t\t<\/div>\n\t\t<\/section>\n\t\t\t\t<section class=\"elementor-section elementor-top-section elementor-element elementor-element-04f722b elementor-section-content-middle elementor-reverse-tablet elementor-reverse-mobile elementor-section-stretched elementor-section-boxed elementor-section-height-default elementor-section-height-default\" data-id=\"04f722b\" data-element_type=\"section\" data-settings=\"{&quot;stretch_section&quot;:&quot;section-stretched&quot;}\">\n\t\t\t\t\t\t<div class=\"elementor-container elementor-column-gap-no\">\n\t\t\t\t\t<div class=\"make-column-clickable-elementor elementor-column elementor-col-50 elementor-top-column elementor-element elementor-element-f3730af\" style=\"cursor: pointer;\" data-column-clickable=\"https:\/\/plustrack.at\/angebote-fuer-studierende\/\" data-column-clickable-blank=\"_self\" data-id=\"f3730af\" data-element_type=\"column\">\n\t\t\t<div class=\"elementor-widget-wrap elementor-element-populated\">\n\t\t\t\t\t\t<div class=\"elementor-element elementor-element-81665ae elementor-widget__width-initial elementor-widget elementor-widget-heading\" data-id=\"81665ae\" data-element_type=\"widget\" data-widget_type=\"heading.default\">\n\t\t\t\t<div class=\"elementor-widget-container\">\n\t\t\t\t\t<h3 class=\"elementor-heading-title elementor-size-default\">University Library &amp; Study Spaces<\/h3>\t\t\t\t<\/div>\n\t\t\t\t<\/div>\n\t\t\t\t<div class=\"elementor-element elementor-element-f18d230 elementor-widget__width-initial elementor-widget elementor-widget-text-editor\" data-id=\"f18d230\" data-element_type=\"widget\" data-widget_type=\"text-editor.default\">\n\t\t\t\t<div class=\"elementor-widget-container\">\n\t\t\t\t\t\t\t\t\t<p>Did you know that you can use the university library to study? Completely free of charge! Find out about your Study Spaces in Salzburg now!<\/p>\t\t\t\t\t\t\t\t<\/div>\n\t\t\t\t<\/div>\n\t\t\t\t<div class=\"elementor-element elementor-element-42c90e6 elementor-mobile-align-center elementor-widget elementor-widget-button\" data-id=\"42c90e6\" data-element_type=\"widget\" data-widget_type=\"button.default\">\n\t\t\t\t<div class=\"elementor-widget-container\">\n\t\t\t\t\t\t\t\t\t<div class=\"elementor-button-wrapper\">\n\t\t\t\t\t<a class=\"elementor-button elementor-button-link elementor-size-sm\" href=\"https:\/\/www.plus.ac.at\/universitaetsbibliothek\/services\/schuelerinnen-vwa\/\">\n\t\t\t\t\t\t<span class=\"elementor-button-content-wrapper\">\n\t\t\t\t\t\t\t\t\t<span class=\"elementor-button-text\">Tell me more!<\/span>\n\t\t\t\t\t<\/span>\n\t\t\t\t\t<\/a>\n\t\t\t\t<\/div>\n\t\t\t\t\t\t\t\t<\/div>\n\t\t\t\t<\/div>\n\t\t\t\t\t<\/div>\n\t\t<\/div>\n\t\t\t\t<div class=\"elementor-column elementor-col-50 elementor-top-column elementor-element elementor-element-fe07649\" data-id=\"fe07649\" data-element_type=\"column\">\n\t\t\t<div class=\"elementor-widget-wrap elementor-element-populated\">\n\t\t\t\t\t\t\t<\/div>\n\t\t<\/div>\n\t\t\t\t\t<\/div>\n\t\t<\/section>\n\t\t\t\t<section class=\"elementor-section elementor-top-section elementor-element elementor-element-e4e4f5a elementor-section-content-middle elementor-reverse-tablet elementor-reverse-mobile elementor-section-stretched elementor-section-boxed elementor-section-height-default elementor-section-height-default\" data-id=\"e4e4f5a\" data-element_type=\"section\" data-settings=\"{&quot;stretch_section&quot;:&quot;section-stretched&quot;}\">\n\t\t\t\t\t\t<div class=\"elementor-container elementor-column-gap-no\">\n\t\t\t\t\t<div class=\"elementor-column elementor-col-50 elementor-top-column elementor-element elementor-element-a28aaf5\" data-id=\"a28aaf5\" data-element_type=\"column\">\n\t\t\t<div class=\"elementor-widget-wrap elementor-element-populated\">\n\t\t\t\t\t\t<div class=\"elementor-element elementor-element-bce835f elementor-widget__width-initial elementor-widget elementor-widget-image\" data-id=\"bce835f\" data-element_type=\"widget\" data-widget_type=\"image.default\">\n\t\t\t\t<div class=\"elementor-widget-container\">\n\t\t\t\t\t\t\t\t\t\t\t\t\t\t\t<img fetchpriority=\"high\" decoding=\"async\" width=\"2560\" height=\"1920\" src=\"https:\/\/plustrack.at\/en\/wp-content\/uploads\/sites\/3\/2022\/03\/PXL_20210702_140953719.MP_-scaled-1.jpg\" class=\"attachment-full size-full wp-image-4432\" alt=\"\" srcset=\"https:\/\/plustrack.at\/en\/wp-content\/uploads\/sites\/3\/2022\/03\/PXL_20210702_140953719.MP_-scaled-1.jpg 2560w, https:\/\/plustrack.at\/en\/wp-content\/uploads\/sites\/3\/2022\/03\/PXL_20210702_140953719.MP_-scaled-1-300x225.jpg 300w, https:\/\/plustrack.at\/en\/wp-content\/uploads\/sites\/3\/2022\/03\/PXL_20210702_140953719.MP_-scaled-1-1024x768.jpg 1024w, https:\/\/plustrack.at\/en\/wp-content\/uploads\/sites\/3\/2022\/03\/PXL_20210702_140953719.MP_-scaled-1-768x576.jpg 768w, https:\/\/plustrack.at\/en\/wp-content\/uploads\/sites\/3\/2022\/03\/PXL_20210702_140953719.MP_-scaled-1-1536x1152.jpg 1536w, https:\/\/plustrack.at\/en\/wp-content\/uploads\/sites\/3\/2022\/03\/PXL_20210702_140953719.MP_-scaled-1-2048x1536.jpg 2048w\" sizes=\"(max-width: 2560px) 100vw, 2560px\" \/>\t\t\t\t\t\t\t\t\t\t\t\t\t\t\t<\/div>\n\t\t\t\t<\/div>\n\t\t\t\t\t<\/div>\n\t\t<\/div>\n\t\t\t\t<div class=\"make-column-clickable-elementor elementor-column elementor-col-50 elementor-top-column elementor-element elementor-element-e2f88bf\" style=\"cursor: pointer;\" data-column-clickable=\"https:\/\/plustrack.at\/angebote-fuer-studierende\/\" data-column-clickable-blank=\"_self\" data-id=\"e2f88bf\" data-element_type=\"column\">\n\t\t\t<div class=\"elementor-widget-wrap elementor-element-populated\">\n\t\t\t\t\t\t<div class=\"elementor-element elementor-element-cceb5d2 elementor-widget__width-initial elementor-widget elementor-widget-heading\" data-id=\"cceb5d2\" data-element_type=\"widget\" data-widget_type=\"heading.default\">\n\t\t\t\t<div class=\"elementor-widget-container\">\n\t\t\t\t\t<h3 class=\"elementor-heading-title elementor-size-default\">Mentoring Program \"Sprungbrett\"<\/h3>\t\t\t\t<\/div>\n\t\t\t\t<\/div>\n\t\t\t\t<div class=\"elementor-element elementor-element-e5cc419 elementor-widget__width-initial elementor-widget elementor-widget-text-editor\" data-id=\"e5cc419\" data-element_type=\"widget\" data-widget_type=\"text-editor.default\">\n\t\t\t\t<div class=\"elementor-widget-container\">\n\t\t\t\t\t\t\t\t\t<p><span style=\"color: #3c4858\"><span style=\"font-size: 14px\">You&#8217;re not sure whether studying at university is the right thing for you? You don&#8217;t yet know what and where you want to study? PLUSTRACK also offers support for pupils.<\/span><\/span><\/p>\t\t\t\t\t\t\t\t<\/div>\n\t\t\t\t<\/div>\n\t\t\t\t\t<\/div>\n\t\t<\/div>\n\t\t\t\t\t<\/div>\n\t\t<\/section>\n\t\t\t\t<section class=\"elementor-section elementor-top-section elementor-element elementor-element-0b09f55 elementor-section-boxed elementor-section-height-default elementor-section-height-default\" data-id=\"0b09f55\" data-element_type=\"section\">\n\t\t\t\t\t\t<div class=\"elementor-container elementor-column-gap-default\">\n\t\t\t\t\t<div class=\"elementor-column elementor-col-100 elementor-top-column elementor-element elementor-element-ecc28be\" data-id=\"ecc28be\" data-element_type=\"column\">\n\t\t\t<div class=\"elementor-widget-wrap\">\n\t\t\t\t\t\t\t<\/div>\n\t\t<\/div>\n\t\t\t\t\t<\/div>\n\t\t<\/section>\n\t\t\t\t<section class=\"elementor-section elementor-top-section elementor-element elementor-element-1ac3da9 elementor-section-boxed elementor-section-height-default elementor-section-height-default\" data-id=\"1ac3da9\" data-element_type=\"section\">\n\t\t\t\t\t\t<div class=\"elementor-container elementor-column-gap-default\">\n\t\t\t\t\t<div class=\"elementor-column elementor-col-100 elementor-top-column elementor-element elementor-element-2c40bd5\" data-id=\"2c40bd5\" data-element_type=\"column\">\n\t\t\t<div class=\"elementor-widget-wrap elementor-element-populated\">\n\t\t\t\t\t\t<div class=\"elementor-element elementor-element-ac570ba elementor-widget elementor-widget-text-editor\" data-id=\"ac570ba\" data-element_type=\"widget\" data-widget_type=\"text-editor.default\">\n\t\t\t\t<div class=\"elementor-widget-container\">\n\t\t\t\t\t\t\t\t\t<p>PLUSTRACK not only supports students and teachers, but also aims to increase educational equality even before entering university and to offer information and measures for pupils and teachers so that as many pupils as possible have the confidence to go to university.<\/p>\n<p><strong style=\"font-size: inherit;color: inherit\"><u>For Prospective Students:<\/u><\/strong><\/p>\n<ul>\n<li><strong>Mentoring as a stepping stone:<\/strong> For all students between 12 and 16: Become part of our mentoring project and get a mentor (student teacher) who will accompany you for a school year and help you find out more about yourself and what you might want to become\/study. Assignment is based on affinity and similar interests. You will spend an afternoon together about twice a month, exchange ideas, go on excursions together and learn from each other! Does that sound exciting? You can find more information&nbsp;<a href=\"https:\/\/plustrack.at\/wp-content\/uploads\/2022\/03\/Flyer_Themenmodul_Schueler2021_NEU.pdf\">here!<\/a><\/li>\n<li><strong>Find information about studying:<\/strong> For all students who want to find out more about studying at the University of Salzburg: To help you find all the important information about studying at PLUS, you can use the PLUSTRACK help finder: Try it out right <a href=\"https:\/\/plustrack.at\/en\/recosyplus\/\">here<\/a>!<\/li>\n<li><strong>Stay up to date:<\/strong> Follow us on <a href=\"https:\/\/www.instagram.com\/plustrack_community\/\">Instagram<\/a>!<\/li>\n<\/ul>\t\t\t\t\t\t\t\t<\/div>\n\t\t\t\t<\/div>\n\t\t\t\t\t<\/div>\n\t\t<\/div>\n\t\t\t\t\t<\/div>\n\t\t<\/section>\n\t\t\t\t<section class=\"elementor-section elementor-top-section elementor-element elementor-element-c07728f elementor-section-boxed elementor-section-height-default elementor-section-height-default\" data-id=\"c07728f\" data-element_type=\"section\">\n\t\t\t\t\t\t<div class=\"elementor-container elementor-column-gap-default\">\n\t\t\t\t\t<div class=\"elementor-column elementor-col-100 elementor-top-column elementor-element elementor-element-080fe6e\" data-id=\"080fe6e\" data-element_type=\"column\">\n\t\t\t<div class=\"elementor-widget-wrap elementor-element-populated\">\n\t\t\t\t\t\t<div class=\"elementor-element elementor-element-7abe096 elementor-widget elementor-widget-heading\" data-id=\"7abe096\" data-element_type=\"widget\" data-widget_type=\"heading.default\">\n\t\t\t\t<div class=\"elementor-widget-container\">\n\t\t\t\t\t<h1 class=\"elementor-heading-title elementor-size-default\">For Teachers<\/h1>\t\t\t\t<\/div>\n\t\t\t\t<\/div>\n\t\t\t\t\t<\/div>\n\t\t<\/div>\n\t\t\t\t\t<\/div>\n\t\t<\/section>\n\t\t\t\t<section class=\"elementor-section elementor-top-section elementor-element elementor-element-82d4d93 elementor-section-boxed elementor-section-height-default elementor-section-height-default\" data-id=\"82d4d93\" data-element_type=\"section\">\n\t\t\t\t\t\t<div class=\"elementor-container elementor-column-gap-default\">\n\t\t\t\t\t<div class=\"elementor-column elementor-col-100 elementor-top-column elementor-element elementor-element-1d7727f\" data-id=\"1d7727f\" data-element_type=\"column\">\n\t\t\t<div class=\"elementor-widget-wrap elementor-element-populated\">\n\t\t\t\t\t\t<div class=\"elementor-element elementor-element-2616c89 elementor-widget elementor-widget-text-editor\" data-id=\"2616c89\" data-element_type=\"widget\" data-widget_type=\"text-editor.default\">\n\t\t\t\t<div class=\"elementor-widget-container\">\n\t\t\t\t\t\t\t\t\t<h1><b style=\"font-size: inherit\">Mentoring:<\/b><span style=\"font-size: inherit\">\u00a0<\/span><\/h1><p>Are you interested in the \u201cSprungbrett\u201d mentoring project or would you like to suggest students as mentees? Then please get in touch with us!<\/p><div><\/div><p><span>(Contact: <a href=\"mailto:barbara.mackinger@plus.ac.at\">barbara.mackinger@plus.ac.at<\/a> )<\/span><\/p><p><span><b>Training for teachers on the topic of educational equality:<\/b><\/span><\/p><p>In cooperation with the University of Education, we offer training courses on the topic of educational equality. There are currently no new dates planned. If there is any news, you will be informed here on this page.\u00a0<\/p>\t\t\t\t\t\t\t\t<\/div>\n\t\t\t\t<\/div>\n\t\t\t\t\t<\/div>\n\t\t<\/div>\n\t\t\t\t\t<\/div>\n\t\t<\/section>\n\t\t\t\t<section class=\"elementor-section elementor-top-section elementor-element elementor-element-291c96d elementor-section-boxed elementor-section-height-default elementor-section-height-default\" data-id=\"291c96d\" data-element_type=\"section\">\n\t\t\t\t\t\t<div class=\"elementor-container elementor-column-gap-default\">\n\t\t\t\t\t<div class=\"elementor-column elementor-col-100 elementor-top-column elementor-element elementor-element-eb120a7\" data-id=\"eb120a7\" data-element_type=\"column\">\n\t\t\t<div class=\"elementor-widget-wrap\">\n\t\t\t\t\t\t\t<\/div>\n\t\t<\/div>\n\t\t\t\t\t<\/div>\n\t\t<\/section>\n\t\t\t\t<\/div>\n\t\t","protected":false},"excerpt":{"rendered":"<p>Offers for Prospective Students University Library &amp; Study Spaces Did you know that you can use the university library to study? Completely free of charge! Find out about your Study Spaces in Salzburg now! Tell me more! Mentoring Program &#8220;Sprungbrett&#8221; You&#8217;re not sure whether studying at university is the right [&hellip;]<\/p>\n","protected":false},"author":24,"featured_media":4432,"parent":0,"menu_order":0,"comment_status":"closed","ping_status":"closed","template":"","meta":{"footnotes":""},"class_list":["post-4132","page","type-page","status-publish","has-post-thumbnail","hentry"],"yoast_head":"<!-- This site is optimized with the Yoast SEO plugin v24.5 - https:\/\/yoast.com\/wordpress\/plugins\/seo\/ -->\n<title>Offers for Schools | Prospective Students - PLUSTRACK_EN<\/title>\n<meta name=\"description\" content=\"PLUSTRACK m\u00f6chte bereits vor dem Schritt an die Uni die Bildungsgerechtigkeit erh\u00f6hen und auch f\u00fcr Sch\u00fcler:innen und Lehrkr\u00e4fte Informationen und Ma\u00dfnahmen anbieten, damit sich m\u00f6glichst viele Sch\u00fcler:innen den Weg an die Uni zutrauen.\" \/>\n<meta name=\"robots\" content=\"index, follow, max-snippet:-1, max-image-preview:large, max-video-preview:-1\" \/>\n<link rel=\"canonical\" href=\"https:\/\/plustrack.at\/en\/angebote-fuer-schuelerinnen-und-schulen\/\" \/>\n<meta property=\"og:locale\" content=\"en_US\" \/>\n<meta property=\"og:type\" content=\"article\" \/>\n<meta property=\"og:title\" content=\"Offers for Schools | Prospective Students - PLUSTRACK_EN\" \/>\n<meta property=\"og:description\" content=\"PLUSTRACK m\u00f6chte bereits vor dem Schritt an die Uni die Bildungsgerechtigkeit erh\u00f6hen und auch f\u00fcr Sch\u00fcler:innen und Lehrkr\u00e4fte Informationen und Ma\u00dfnahmen anbieten, damit sich m\u00f6glichst viele Sch\u00fcler:innen den Weg an die Uni zutrauen.\" \/>\n<meta property=\"og:url\" content=\"https:\/\/plustrack.at\/en\/angebote-fuer-schuelerinnen-und-schulen\/\" \/>\n<meta property=\"og:site_name\" content=\"PLUSTRACK_EN\" \/>\n<meta property=\"article:modified_time\" content=\"2025-01-24T11:34:40+00:00\" \/>\n<meta property=\"og:image\" content=\"http:\/\/plustrack.at\/en\/wp-content\/uploads\/sites\/3\/2022\/03\/PXL_20210702_140953719.MP_-scaled-1.jpg\" \/>\n\t<meta property=\"og:image:width\" content=\"2560\" \/>\n\t<meta property=\"og:image:height\" content=\"1920\" \/>\n\t<meta property=\"og:image:type\" content=\"image\/jpeg\" \/>\n<meta name=\"twitter:card\" content=\"summary_large_image\" \/>\n<meta name=\"twitter:label1\" content=\"Est. reading time\" \/>\n\t<meta name=\"twitter:data1\" content=\"2 minutes\" \/>\n<script type=\"application\/ld+json\" class=\"yoast-schema-graph\">{\"@context\":\"https:\/\/schema.org\",\"@graph\":[{\"@type\":\"WebPage\",\"@id\":\"https:\/\/plustrack.at\/en\/angebote-fuer-schuelerinnen-und-schulen\/\",\"url\":\"https:\/\/plustrack.at\/en\/angebote-fuer-schuelerinnen-und-schulen\/\",\"name\":\"Offers for Schools | Prospective Students - PLUSTRACK_EN\",\"isPartOf\":{\"@id\":\"https:\/\/plustrack.at\/en\/#website\"},\"primaryImageOfPage\":{\"@id\":\"https:\/\/plustrack.at\/en\/angebote-fuer-schuelerinnen-und-schulen\/#primaryimage\"},\"image\":{\"@id\":\"https:\/\/plustrack.at\/en\/angebote-fuer-schuelerinnen-und-schulen\/#primaryimage\"},\"thumbnailUrl\":\"https:\/\/plustrack.at\/en\/wp-content\/uploads\/sites\/3\/2022\/03\/PXL_20210702_140953719.MP_-scaled-1.jpg\",\"datePublished\":\"2022-02-17T15:07:37+00:00\",\"dateModified\":\"2025-01-24T11:34:40+00:00\",\"description\":\"PLUSTRACK m\u00f6chte bereits vor dem Schritt an die Uni die Bildungsgerechtigkeit erh\u00f6hen und auch f\u00fcr Sch\u00fcler:innen und Lehrkr\u00e4fte Informationen und Ma\u00dfnahmen anbieten, damit sich m\u00f6glichst viele Sch\u00fcler:innen den Weg an die Uni zutrauen.\",\"breadcrumb\":{\"@id\":\"https:\/\/plustrack.at\/en\/angebote-fuer-schuelerinnen-und-schulen\/#breadcrumb\"},\"inLanguage\":\"en-US\",\"potentialAction\":[{\"@type\":\"ReadAction\",\"target\":[\"https:\/\/plustrack.at\/en\/angebote-fuer-schuelerinnen-und-schulen\/\"]}]},{\"@type\":\"ImageObject\",\"inLanguage\":\"en-US\",\"@id\":\"https:\/\/plustrack.at\/en\/angebote-fuer-schuelerinnen-und-schulen\/#primaryimage\",\"url\":\"https:\/\/plustrack.at\/en\/wp-content\/uploads\/sites\/3\/2022\/03\/PXL_20210702_140953719.MP_-scaled-1.jpg\",\"contentUrl\":\"https:\/\/plustrack.at\/en\/wp-content\/uploads\/sites\/3\/2022\/03\/PXL_20210702_140953719.MP_-scaled-1.jpg\",\"width\":2560,\"height\":1920},{\"@type\":\"BreadcrumbList\",\"@id\":\"https:\/\/plustrack.at\/en\/angebote-fuer-schuelerinnen-und-schulen\/#breadcrumb\",\"itemListElement\":[{\"@type\":\"ListItem\",\"position\":1,\"name\":\"Home\",\"item\":\"https:\/\/plustrack.at\/en\/\"},{\"@type\":\"ListItem\",\"position\":2,\"name\":\"Offers for Schools | Prospective Students\"}]},{\"@type\":\"WebSite\",\"@id\":\"https:\/\/plustrack.at\/en\/#website\",\"url\":\"https:\/\/plustrack.at\/en\/\",\"name\":\"PLUSTRACK_EN\",\"description\":\"Your Community at the Paris Lodron University of Salzburg\",\"publisher\":{\"@id\":\"https:\/\/plustrack.at\/en\/#organization\"},\"potentialAction\":[{\"@type\":\"SearchAction\",\"target\":{\"@type\":\"EntryPoint\",\"urlTemplate\":\"https:\/\/plustrack.at\/en\/?s={search_term_string}\"},\"query-input\":{\"@type\":\"PropertyValueSpecification\",\"valueRequired\":true,\"valueName\":\"search_term_string\"}}],\"inLanguage\":\"en-US\"},{\"@type\":\"Organization\",\"@id\":\"https:\/\/plustrack.at\/en\/#organization\",\"name\":\"PLUSTRACK_EN\",\"url\":\"https:\/\/plustrack.at\/en\/\",\"logo\":{\"@type\":\"ImageObject\",\"inLanguage\":\"en-US\",\"@id\":\"https:\/\/plustrack.at\/en\/#\/schema\/logo\/image\/\",\"url\":\"https:\/\/plustrack.at\/en\/wp-content\/uploads\/sites\/3\/2025\/04\/cropped-Logo_PLUStrack.png\",\"contentUrl\":\"https:\/\/plustrack.at\/en\/wp-content\/uploads\/sites\/3\/2025\/04\/cropped-Logo_PLUStrack.png\",\"width\":1867,\"height\":747,\"caption\":\"PLUSTRACK_EN\"},\"image\":{\"@id\":\"https:\/\/plustrack.at\/en\/#\/schema\/logo\/image\/\"}}]}<\/script>\n<!-- \/ Yoast SEO plugin. -->","yoast_head_json":{"title":"Offers for Schools | Prospective Students - PLUSTRACK_EN","description":"PLUSTRACK m\u00f6chte bereits vor dem Schritt an die Uni die Bildungsgerechtigkeit erh\u00f6hen und auch f\u00fcr Sch\u00fcler:innen und Lehrkr\u00e4fte Informationen und Ma\u00dfnahmen anbieten, damit sich m\u00f6glichst viele Sch\u00fcler:innen den Weg an die Uni zutrauen.","robots":{"index":"index","follow":"follow","max-snippet":"max-snippet:-1","max-image-preview":"max-image-preview:large","max-video-preview":"max-video-preview:-1"},"canonical":"https:\/\/plustrack.at\/en\/angebote-fuer-schuelerinnen-und-schulen\/","og_locale":"en_US","og_type":"article","og_title":"Offers for Schools | Prospective Students - PLUSTRACK_EN","og_description":"PLUSTRACK m\u00f6chte bereits vor dem Schritt an die Uni die Bildungsgerechtigkeit erh\u00f6hen und auch f\u00fcr Sch\u00fcler:innen und Lehrkr\u00e4fte Informationen und Ma\u00dfnahmen anbieten, damit sich m\u00f6glichst viele Sch\u00fcler:innen den Weg an die Uni zutrauen.","og_url":"https:\/\/plustrack.at\/en\/angebote-fuer-schuelerinnen-und-schulen\/","og_site_name":"PLUSTRACK_EN","article_modified_time":"2025-01-24T11:34:40+00:00","og_image":[{"width":2560,"height":1920,"url":"http:\/\/plustrack.at\/en\/wp-content\/uploads\/sites\/3\/2022\/03\/PXL_20210702_140953719.MP_-scaled-1.jpg","type":"image\/jpeg"}],"twitter_card":"summary_large_image","twitter_misc":{"Est. reading time":"2 minutes"},"schema":{"@context":"https:\/\/schema.org","@graph":[{"@type":"WebPage","@id":"https:\/\/plustrack.at\/en\/angebote-fuer-schuelerinnen-und-schulen\/","url":"https:\/\/plustrack.at\/en\/angebote-fuer-schuelerinnen-und-schulen\/","name":"Offers for Schools | Prospective Students - PLUSTRACK_EN","isPartOf":{"@id":"https:\/\/plustrack.at\/en\/#website"},"primaryImageOfPage":{"@id":"https:\/\/plustrack.at\/en\/angebote-fuer-schuelerinnen-und-schulen\/#primaryimage"},"image":{"@id":"https:\/\/plustrack.at\/en\/angebote-fuer-schuelerinnen-und-schulen\/#primaryimage"},"thumbnailUrl":"https:\/\/plustrack.at\/en\/wp-content\/uploads\/sites\/3\/2022\/03\/PXL_20210702_140953719.MP_-scaled-1.jpg","datePublished":"2022-02-17T15:07:37+00:00","dateModified":"2025-01-24T11:34:40+00:00","description":"PLUSTRACK m\u00f6chte bereits vor dem Schritt an die Uni die Bildungsgerechtigkeit erh\u00f6hen und auch f\u00fcr Sch\u00fcler:innen und Lehrkr\u00e4fte Informationen und Ma\u00dfnahmen anbieten, damit sich m\u00f6glichst viele Sch\u00fcler:innen den Weg an die Uni zutrauen.","breadcrumb":{"@id":"https:\/\/plustrack.at\/en\/angebote-fuer-schuelerinnen-und-schulen\/#breadcrumb"},"inLanguage":"en-US","potentialAction":[{"@type":"ReadAction","target":["https:\/\/plustrack.at\/en\/angebote-fuer-schuelerinnen-und-schulen\/"]}]},{"@type":"ImageObject","inLanguage":"en-US","@id":"https:\/\/plustrack.at\/en\/angebote-fuer-schuelerinnen-und-schulen\/#primaryimage","url":"https:\/\/plustrack.at\/en\/wp-content\/uploads\/sites\/3\/2022\/03\/PXL_20210702_140953719.MP_-scaled-1.jpg","contentUrl":"https:\/\/plustrack.at\/en\/wp-content\/uploads\/sites\/3\/2022\/03\/PXL_20210702_140953719.MP_-scaled-1.jpg","width":2560,"height":1920},{"@type":"BreadcrumbList","@id":"https:\/\/plustrack.at\/en\/angebote-fuer-schuelerinnen-und-schulen\/#breadcrumb","itemListElement":[{"@type":"ListItem","position":1,"name":"Home","item":"https:\/\/plustrack.at\/en\/"},{"@type":"ListItem","position":2,"name":"Offers for Schools | Prospective Students"}]},{"@type":"WebSite","@id":"https:\/\/plustrack.at\/en\/#website","url":"https:\/\/plustrack.at\/en\/","name":"PLUSTRACK_EN","description":"Your Community at the Paris Lodron University of Salzburg","publisher":{"@id":"https:\/\/plustrack.at\/en\/#organization"},"potentialAction":[{"@type":"SearchAction","target":{"@type":"EntryPoint","urlTemplate":"https:\/\/plustrack.at\/en\/?s={search_term_string}"},"query-input":{"@type":"PropertyValueSpecification","valueRequired":true,"valueName":"search_term_string"}}],"inLanguage":"en-US"},{"@type":"Organization","@id":"https:\/\/plustrack.at\/en\/#organization","name":"PLUSTRACK_EN","url":"https:\/\/plustrack.at\/en\/","logo":{"@type":"ImageObject","inLanguage":"en-US","@id":"https:\/\/plustrack.at\/en\/#\/schema\/logo\/image\/","url":"https:\/\/plustrack.at\/en\/wp-content\/uploads\/sites\/3\/2025\/04\/cropped-Logo_PLUStrack.png","contentUrl":"https:\/\/plustrack.at\/en\/wp-content\/uploads\/sites\/3\/2025\/04\/cropped-Logo_PLUStrack.png","width":1867,"height":747,"caption":"PLUSTRACK_EN"},"image":{"@id":"https:\/\/plustrack.at\/en\/#\/schema\/logo\/image\/"}}]}},"_links":{"self":[{"href":"https:\/\/plustrack.at\/en\/wp-json\/wp\/v2\/pages\/4132","targetHints":{"allow":["GET"]}}],"collection":[{"href":"https:\/\/plustrack.at\/en\/wp-json\/wp\/v2\/pages"}],"about":[{"href":"https:\/\/plustrack.at\/en\/wp-json\/wp\/v2\/types\/page"}],"author":[{"embeddable":true,"href":"https:\/\/plustrack.at\/en\/wp-json\/wp\/v2\/users\/24"}],"replies":[{"embeddable":true,"href":"https:\/\/plustrack.at\/en\/wp-json\/wp\/v2\/comments?post=4132"}],"version-history":[{"count":38,"href":"https:\/\/plustrack.at\/en\/wp-json\/wp\/v2\/pages\/4132\/revisions"}],"predecessor-version":[{"id":12310,"href":"https:\/\/plustrack.at\/en\/wp-json\/wp\/v2\/pages\/4132\/revisions\/12310"}],"wp:featuredmedia":[{"embeddable":true,"href":"https:\/\/plustrack.at\/en\/wp-json\/wp\/v2\/media\/4432"}],"wp:attachment":[{"href":"https:\/\/plustrack.at\/en\/wp-json\/wp\/v2\/media?parent=4132"}],"curies":[{"name":"wp","href":"https:\/\/api.w.org\/{rel}","templated":true}]}}