{"id":3443,"date":"2021-11-14T15:13:12","date_gmt":"2021-11-14T14:13:12","guid":{"rendered":"https:\/\/on-track.sbg.ac.at\/?page_id=3443"},"modified":"2025-01-24T15:32:14","modified_gmt":"2025-01-24T14:32:14","slug":"abschlussarbeits-coaching","status":"publish","type":"page","link":"https:\/\/plustrack.at\/en\/abschlussarbeits-coaching\/","title":{"rendered":"PLUSTRACK Career Coaching"},"content":{"rendered":"\t\t<div data-elementor-type=\"wp-page\" data-elementor-id=\"3443\" class=\"elementor elementor-3443\">\n\t\t\t\t\t\t<section class=\"elementor-section elementor-top-section elementor-element elementor-element-1a78dca7 elementor-section-boxed elementor-section-height-default elementor-section-height-default\" data-id=\"1a78dca7\" data-element_type=\"section\">\n\t\t\t\t\t\t<div class=\"elementor-container elementor-column-gap-default\">\n\t\t\t\t\t<div class=\"elementor-column elementor-col-100 elementor-top-column elementor-element elementor-element-479485ec\" data-id=\"479485ec\" data-element_type=\"column\">\n\t\t\t<div class=\"elementor-widget-wrap elementor-element-populated\">\n\t\t\t\t\t\t<div class=\"elementor-element elementor-element-64f49ade elementor-widget elementor-widget-heading\" data-id=\"64f49ade\" data-element_type=\"widget\" data-widget_type=\"heading.default\">\n\t\t\t\t<div class=\"elementor-widget-container\">\n\t\t\t\t\t<h1 class=\"elementor-heading-title elementor-size-default\">Your Thesis Coaching<\/h1>\t\t\t\t<\/div>\n\t\t\t\t<\/div>\n\t\t\t\t<div class=\"elementor-element elementor-element-6e1e2d48 elementor-widget elementor-widget-text-editor\" data-id=\"6e1e2d48\" data-element_type=\"widget\" data-widget_type=\"text-editor.default\">\n\t\t\t\t<div class=\"elementor-widget-container\">\n\t\t\t\t\t\t\t\t\t<p><strong>Are you currently writing your Bachelor&#8217;s, Master&#8217;s or diploma thesis and want to get the best possible support for your last \u201cmake-or-break\u201d challenge during your studies?<\/strong><\/p>\t\t\t\t\t\t\t\t<\/div>\n\t\t\t\t<\/div>\n\t\t\t\t<div class=\"elementor-element elementor-element-43c86f3 elementor-widget elementor-widget-text-editor\" data-id=\"43c86f3\" data-element_type=\"widget\" data-widget_type=\"text-editor.default\">\n\t\t\t\t<div class=\"elementor-widget-container\">\n\t\t\t\t\t\t\t\t\t<p>If you are like many students and lack the motivation or discipline for the final sprint, if you feel overwhelmed or simply want to get the most out of yourself for your thesis, then thesis coaching is just the thing for you!<\/p>\t\t\t\t\t\t\t\t<\/div>\n\t\t\t\t<\/div>\n\t\t\t\t<div class=\"elementor-element elementor-element-70c1d189 elementor-widget elementor-widget-image\" data-id=\"70c1d189\" data-element_type=\"widget\" data-widget_type=\"image.default\">\n\t\t\t\t<div class=\"elementor-widget-container\">\n\t\t\t\t\t\t\t\t\t\t\t\t\t\t\t<img fetchpriority=\"high\" decoding=\"async\" width=\"750\" height=\"500\" src=\"https:\/\/plustrack.at\/en\/wp-content\/uploads\/sites\/3\/2023\/02\/plustrack-website_marlena-gruebl-04-1024x683.jpg\" class=\"attachment-large size-large wp-image-8024\" alt=\"\" srcset=\"https:\/\/plustrack.at\/en\/wp-content\/uploads\/sites\/3\/2023\/02\/plustrack-website_marlena-gruebl-04-1024x683.jpg 1024w, https:\/\/plustrack.at\/en\/wp-content\/uploads\/sites\/3\/2023\/02\/plustrack-website_marlena-gruebl-04-300x200.jpg 300w, https:\/\/plustrack.at\/en\/wp-content\/uploads\/sites\/3\/2023\/02\/plustrack-website_marlena-gruebl-04-768x512.jpg 768w, https:\/\/plustrack.at\/en\/wp-content\/uploads\/sites\/3\/2023\/02\/plustrack-website_marlena-gruebl-04-1536x1024.jpg 1536w, https:\/\/plustrack.at\/en\/wp-content\/uploads\/sites\/3\/2023\/02\/plustrack-website_marlena-gruebl-04-360x240.jpg 360w, https:\/\/plustrack.at\/en\/wp-content\/uploads\/sites\/3\/2023\/02\/plustrack-website_marlena-gruebl-04.jpg 2048w\" sizes=\"(max-width: 750px) 100vw, 750px\" \/>\t\t\t\t\t\t\t\t\t\t\t\t\t\t\t<\/div>\n\t\t\t\t<\/div>\n\t\t\t\t\t<\/div>\n\t\t<\/div>\n\t\t\t\t\t<\/div>\n\t\t<\/section>\n\t\t\t\t<section class=\"elementor-section elementor-top-section elementor-element elementor-element-6a8de610 elementor-section-boxed elementor-section-height-default elementor-section-height-default\" data-id=\"6a8de610\" data-element_type=\"section\">\n\t\t\t\t\t\t<div class=\"elementor-container elementor-column-gap-default\">\n\t\t\t\t\t<div class=\"elementor-column elementor-col-100 elementor-top-column elementor-element elementor-element-109a4ae9\" data-id=\"109a4ae9\" data-element_type=\"column\">\n\t\t\t<div class=\"elementor-widget-wrap elementor-element-populated\">\n\t\t\t\t\t\t<div class=\"elementor-element elementor-element-5bb967e9 elementor-widget elementor-widget-heading\" data-id=\"5bb967e9\" data-element_type=\"widget\" data-widget_type=\"heading.default\">\n\t\t\t\t<div class=\"elementor-widget-container\">\n\t\t\t\t\t<h3 class=\"elementor-heading-title elementor-size-medium\">What is free thesis coaching &amp; how does it work?\n<\/h3>\t\t\t\t<\/div>\n\t\t\t\t<\/div>\n\t\t\t\t<div class=\"elementor-element elementor-element-3a6f2ede elementor-widget elementor-widget-text-editor\" data-id=\"3a6f2ede\" data-element_type=\"widget\" data-widget_type=\"text-editor.default\">\n\t\t\t\t<div class=\"elementor-widget-container\">\n\t\t\t\t\t\t\t\t\t<p>As part of a free thesis coaching session, you will work together with your certified coach on the key challenges and difficulties that you encounter in the course of your thesis and that stand in the way of an optimal result.<\/p><p>Three 90-minute coaching sessions will be held, each focusing on a different topic. The time interval between the sessions is approx. 14 days, so you should plan a total of 6-9 weeks for the coaching.<\/p>\t\t\t\t\t\t\t\t<\/div>\n\t\t\t\t<\/div>\n\t\t\t\t\t<\/div>\n\t\t<\/div>\n\t\t\t\t\t<\/div>\n\t\t<\/section>\n\t\t\t\t<section class=\"elementor-section elementor-top-section elementor-element elementor-element-14124138 elementor-section-boxed elementor-section-height-default elementor-section-height-default\" data-id=\"14124138\" data-element_type=\"section\">\n\t\t\t\t\t\t<div class=\"elementor-container elementor-column-gap-default\">\n\t\t\t\t\t<div class=\"elementor-column elementor-col-100 elementor-top-column elementor-element elementor-element-44db2574\" data-id=\"44db2574\" data-element_type=\"column\">\n\t\t\t<div class=\"elementor-widget-wrap elementor-element-populated\">\n\t\t\t\t\t\t<div class=\"elementor-element elementor-element-6a1ee17e elementor-widget elementor-widget-heading\" data-id=\"6a1ee17e\" data-element_type=\"widget\" data-widget_type=\"heading.default\">\n\t\t\t\t<div class=\"elementor-widget-container\">\n\t\t\t\t\t<h3 class=\"elementor-heading-title elementor-size-medium\">What topics do you work on in thesis coaching?<\/h3>\t\t\t\t<\/div>\n\t\t\t\t<\/div>\n\t\t\t\t<div class=\"elementor-element elementor-element-e7dba0 elementor-widget elementor-widget-text-editor\" data-id=\"e7dba0\" data-element_type=\"widget\" data-widget_type=\"text-editor.default\">\n\t\t\t\t<div class=\"elementor-widget-container\">\n\t\t\t\t\t\t\t\t\t<p>Coaching is always a maximally individualized offer as \u201chelp for self-help\u201d, which is why this presentation only outlines the most common topics to give an idea of the offer. Other topics are also possible.<\/p><p><br \/><em>Note: However, it is important to note that coaching is not intended to teach \u201ctechnical\u201d skills (e.g. \u201chow to quote correctly\u201d).<\/em><\/p>\t\t\t\t\t\t\t\t<\/div>\n\t\t\t\t<\/div>\n\t\t\t\t\t<\/div>\n\t\t<\/div>\n\t\t\t\t\t<\/div>\n\t\t<\/section>\n\t\t\t\t<section class=\"elementor-section elementor-top-section elementor-element elementor-element-38c8424 elementor-section-boxed elementor-section-height-default elementor-section-height-default\" data-id=\"38c8424\" data-element_type=\"section\">\n\t\t\t\t\t\t<div class=\"elementor-container elementor-column-gap-default\">\n\t\t\t\t\t<div class=\"elementor-column elementor-col-100 elementor-top-column elementor-element elementor-element-ed78571\" data-id=\"ed78571\" data-element_type=\"column\">\n\t\t\t<div class=\"elementor-widget-wrap elementor-element-populated\">\n\t\t\t\t\t\t<div class=\"elementor-element elementor-element-64bddf6 elementor-widget elementor-widget-heading\" data-id=\"64bddf6\" data-element_type=\"widget\" data-widget_type=\"heading.default\">\n\t\t\t\t<div class=\"elementor-widget-container\">\n\t\t\t\t\t<h3 class=\"elementor-heading-title elementor-size-medium\">How and where does my thesis coaching take place?<\/h3>\t\t\t\t<\/div>\n\t\t\t\t<\/div>\n\t\t\t\t<div class=\"elementor-element elementor-element-8d65d80 elementor-widget elementor-widget-text-editor\" data-id=\"8d65d80\" data-element_type=\"widget\" data-widget_type=\"text-editor.default\">\n\t\t\t\t<div class=\"elementor-widget-container\">\n\t\t\t\t\t\t\t\t\t<p>The thesis coaching sessions are held either in person at the NLW faculty (Hellbrunnerstra\u00dfe 34, 5020 Salzburg) online via Microsoft Teams.<\/p>\t\t\t\t\t\t\t\t<\/div>\n\t\t\t\t<\/div>\n\t\t\t\t<div class=\"elementor-element elementor-element-e656480 elementor-widget elementor-widget-heading\" data-id=\"e656480\" data-element_type=\"widget\" data-widget_type=\"heading.default\">\n\t\t\t\t<div class=\"elementor-widget-container\">\n\t\t\t\t\t<h3 class=\"elementor-heading-title elementor-size-medium\">Is there a catch?<\/h3>\t\t\t\t<\/div>\n\t\t\t\t<\/div>\n\t\t\t\t<div class=\"elementor-element elementor-element-2ee2ded elementor-widget elementor-widget-text-editor\" data-id=\"2ee2ded\" data-element_type=\"widget\" data-widget_type=\"text-editor.default\">\n\t\t\t\t<div class=\"elementor-widget-container\">\n\t\t\t\t\t\t\t\t\t<p>No there is no catch, the coaching is <strong>absolutely free<\/strong> for you!<\/p><p>All we ask is that you complete a short online questionnaire before the coaching begins and after each coaching session. This will help us to empirically investigate the effects of thesis coaching and improve our offer for subsequent years.<\/p><p>The data collected will of course only be used for research purposes and will be treated with the necessary care.<\/p>\t\t\t\t\t\t\t\t<\/div>\n\t\t\t\t<\/div>\n\t\t\t\t<div class=\"elementor-element elementor-element-d6e8a00 elementor-widget elementor-widget-heading\" data-id=\"d6e8a00\" data-element_type=\"widget\" data-widget_type=\"heading.default\">\n\t\t\t\t<div class=\"elementor-widget-container\">\n\t\t\t\t\t<h3 class=\"elementor-heading-title elementor-size-medium\">How can I take part in free thesis coaching?<\/h3>\t\t\t\t<\/div>\n\t\t\t\t<\/div>\n\t\t\t\t<div class=\"elementor-element elementor-element-9c8f4fa elementor-widget elementor-widget-text-editor\" data-id=\"9c8f4fa\" data-element_type=\"widget\" data-widget_type=\"text-editor.default\">\n\t\t\t\t<div class=\"elementor-widget-container\">\n\t\t\t\t\t\t\t\t\t<p><span>If you are interested in thesis coaching, simply write Max an Email: <\/span><a href=\"mailto:BrantlMa@stud.plus.ac.at\" style=\"transition-delay: 0s; transition-property: all; outline: 0px; opacity: 0.75; text-align: justify;\">BrantlMa@stud.plus.ac.at<\/a>.<\/p>\t\t\t\t\t\t\t\t<\/div>\n\t\t\t\t<\/div>\n\t\t\t\t<div class=\"elementor-element elementor-element-1d6786c elementor-widget elementor-widget-heading\" data-id=\"1d6786c\" data-element_type=\"widget\" data-widget_type=\"heading.default\">\n\t\t\t\t<div class=\"elementor-widget-container\">\n\t\t\t\t\t<h3 class=\"elementor-heading-title elementor-size-medium\">Do you have any questions that you would like to discuss in advance?<\/h3>\t\t\t\t<\/div>\n\t\t\t\t<\/div>\n\t\t\t\t<section class=\"elementor-section elementor-inner-section elementor-element elementor-element-c6e29d2 elementor-section-boxed elementor-section-height-default elementor-section-height-default\" data-id=\"c6e29d2\" data-element_type=\"section\">\n\t\t\t\t\t\t<div class=\"elementor-container elementor-column-gap-default\">\n\t\t\t\t\t<div class=\"elementor-column elementor-col-50 elementor-inner-column elementor-element elementor-element-1608663\" data-id=\"1608663\" data-element_type=\"column\">\n\t\t\t<div class=\"elementor-widget-wrap elementor-element-populated\">\n\t\t\t\t\t\t<div class=\"elementor-element elementor-element-8fab512 elementor-widget elementor-widget-image\" data-id=\"8fab512\" data-element_type=\"widget\" data-widget_type=\"image.default\">\n\t\t\t\t<div class=\"elementor-widget-container\">\n\t\t\t\t\t\t\t\t\t\t\t\t\t\t\t<img decoding=\"async\" width=\"300\" height=\"200\" src=\"https:\/\/plustrack.at\/en\/wp-content\/uploads\/sites\/3\/2021\/11\/Bild-3-300x200.png\" class=\"attachment-medium size-medium wp-image-3450\" alt=\"\" srcset=\"https:\/\/plustrack.at\/en\/wp-content\/uploads\/sites\/3\/2021\/11\/Bild-3-300x200.png 300w, https:\/\/plustrack.at\/en\/wp-content\/uploads\/sites\/3\/2021\/11\/Bild-3-1024x684.png 1024w, https:\/\/plustrack.at\/en\/wp-content\/uploads\/sites\/3\/2021\/11\/Bild-3-768x513.png 768w, https:\/\/plustrack.at\/en\/wp-content\/uploads\/sites\/3\/2021\/11\/Bild-3.png 1033w\" sizes=\"(max-width: 300px) 100vw, 300px\" \/>\t\t\t\t\t\t\t\t\t\t\t\t\t\t\t<\/div>\n\t\t\t\t<\/div>\n\t\t\t\t\t<\/div>\n\t\t<\/div>\n\t\t\t\t<div class=\"elementor-column elementor-col-50 elementor-inner-column elementor-element elementor-element-faff0b7\" data-id=\"faff0b7\" data-element_type=\"column\">\n\t\t\t<div class=\"elementor-widget-wrap elementor-element-populated\">\n\t\t\t\t\t\t<div class=\"elementor-element elementor-element-a57f79e elementor-widget elementor-widget-text-editor\" data-id=\"a57f79e\" data-element_type=\"widget\" data-widget_type=\"text-editor.default\">\n\t\t\t\t<div class=\"elementor-widget-container\">\n\t\t\t\t\t\t\t\t\t<div style=\"flex-basis: 0px; text-align: justify;\"><p>Max will be happy to answer any further questions you may have. Please send him an e-mail directly to <a href=\"mailto:BrantlMa@stud.plus.ac.at\">BrantlMa@stud.plus.ac.at<\/a> and he will get in touch with you as soon as possible.<\/p><\/div>\t\t\t\t\t\t\t\t<\/div>\n\t\t\t\t<\/div>\n\t\t\t\t\t<\/div>\n\t\t<\/div>\n\t\t\t\t\t<\/div>\n\t\t<\/section>\n\t\t\t\t<div class=\"elementor-element elementor-element-6147a16 elementor-widget elementor-widget-spacer\" data-id=\"6147a16\" data-element_type=\"widget\" data-widget_type=\"spacer.default\">\n\t\t\t\t<div class=\"elementor-widget-container\">\n\t\t\t\t\t\t\t<div class=\"elementor-spacer\">\n\t\t\t<div class=\"elementor-spacer-inner\"><\/div>\n\t\t<\/div>\n\t\t\t\t\t\t<\/div>\n\t\t\t\t<\/div>\n\t\t\t\t<div class=\"elementor-element elementor-element-297a22e elementor-widget elementor-widget-heading\" data-id=\"297a22e\" data-element_type=\"widget\" data-widget_type=\"heading.default\">\n\t\t\t\t<div class=\"elementor-widget-container\">\n\t\t\t\t\t<h3 class=\"elementor-heading-title elementor-size-medium\">No thesis but still interested?<\/h3>\t\t\t\t<\/div>\n\t\t\t\t<\/div>\n\t\t\t\t<div class=\"elementor-element elementor-element-c46fc83 elementor-widget elementor-widget-text-editor\" data-id=\"c46fc83\" data-element_type=\"widget\" data-widget_type=\"text-editor.default\">\n\t\t\t\t<div class=\"elementor-widget-container\">\n\t\t\t\t\t\t\t\t\t<p>Even if you are not currently writing a thesis, there are coaching offers for you.<br \/>In <a href=\"https:\/\/plustrack.at\/ziele-coaching\/\">Goal Coaching<\/a>, you can work on all the goals that are important to you. Just get in touch there.<\/p>\t\t\t\t\t\t\t\t<\/div>\n\t\t\t\t<\/div>\n\t\t\t\t\t<\/div>\n\t\t<\/div>\n\t\t\t\t\t<\/div>\n\t\t<\/section>\n\t\t\t\t<\/div>\n\t\t","protected":false},"excerpt":{"rendered":"<p>Your Thesis Coaching Are you currently writing your Bachelor&#8217;s, Master&#8217;s or diploma thesis and want to get the best possible support for your last \u201cmake-or-break\u201d challenge during your studies? If you are like many students and lack the motivation or discipline for the final sprint, if you feel overwhelmed or [&hellip;]<\/p>\n","protected":false},"author":24,"featured_media":8024,"parent":0,"menu_order":0,"comment_status":"closed","ping_status":"closed","template":"elementor_theme","meta":{"footnotes":""},"class_list":["post-3443","page","type-page","status-publish","has-post-thumbnail","hentry"],"yoast_head":"<!-- This site is optimized with the Yoast SEO plugin v24.5 - https:\/\/yoast.com\/wordpress\/plugins\/seo\/ -->\n<title>PLUSTRACK Career Coaching - PLUSTRACK_EN<\/title>\n<meta name=\"description\" content=\"Abschlussarbeits Coaching f\u00fcr alle Studierende der Universit\u00e4t Salzburg, die Unterst\u00fctzung beim Schreiben Ihrer Arbeit suchen. Motivation finden und durchstarten.\" \/>\n<meta name=\"robots\" content=\"index, follow, max-snippet:-1, max-image-preview:large, max-video-preview:-1\" \/>\n<link rel=\"canonical\" href=\"https:\/\/plustrack.at\/en\/abschlussarbeits-coaching\/\" \/>\n<meta property=\"og:locale\" content=\"en_US\" \/>\n<meta property=\"og:type\" content=\"article\" \/>\n<meta property=\"og:title\" content=\"PLUSTRACK Career Coaching - PLUSTRACK_EN\" \/>\n<meta property=\"og:description\" content=\"Abschlussarbeits Coaching f\u00fcr alle Studierende der Universit\u00e4t Salzburg, die Unterst\u00fctzung beim Schreiben Ihrer Arbeit suchen. Motivation finden und durchstarten.\" \/>\n<meta property=\"og:url\" content=\"https:\/\/plustrack.at\/en\/abschlussarbeits-coaching\/\" \/>\n<meta property=\"og:site_name\" content=\"PLUSTRACK_EN\" \/>\n<meta property=\"article:modified_time\" content=\"2025-01-24T14:32:14+00:00\" \/>\n<meta property=\"og:image\" content=\"https:\/\/plustrack.at\/en\/wp-content\/uploads\/sites\/3\/2023\/02\/plustrack-website_marlena-gruebl-04.jpg\" \/>\n\t<meta property=\"og:image:width\" content=\"2048\" \/>\n\t<meta property=\"og:image:height\" content=\"1365\" \/>\n\t<meta property=\"og:image:type\" content=\"image\/jpeg\" \/>\n<meta name=\"twitter:card\" content=\"summary_large_image\" \/>\n<meta name=\"twitter:label1\" content=\"Est. reading time\" \/>\n\t<meta name=\"twitter:data1\" content=\"3 minutes\" \/>\n<script type=\"application\/ld+json\" class=\"yoast-schema-graph\">{\"@context\":\"https:\/\/schema.org\",\"@graph\":[{\"@type\":\"WebPage\",\"@id\":\"https:\/\/plustrack.at\/en\/abschlussarbeits-coaching\/\",\"url\":\"https:\/\/plustrack.at\/en\/abschlussarbeits-coaching\/\",\"name\":\"PLUSTRACK Career Coaching - PLUSTRACK_EN\",\"isPartOf\":{\"@id\":\"https:\/\/plustrack.at\/en\/#website\"},\"primaryImageOfPage\":{\"@id\":\"https:\/\/plustrack.at\/en\/abschlussarbeits-coaching\/#primaryimage\"},\"image\":{\"@id\":\"https:\/\/plustrack.at\/en\/abschlussarbeits-coaching\/#primaryimage\"},\"thumbnailUrl\":\"https:\/\/plustrack.at\/en\/wp-content\/uploads\/sites\/3\/2023\/02\/plustrack-website_marlena-gruebl-04.jpg\",\"datePublished\":\"2021-11-14T14:13:12+00:00\",\"dateModified\":\"2025-01-24T14:32:14+00:00\",\"description\":\"Abschlussarbeits Coaching f\u00fcr alle Studierende der Universit\u00e4t Salzburg, die Unterst\u00fctzung beim Schreiben Ihrer Arbeit suchen. Motivation finden und durchstarten.\",\"breadcrumb\":{\"@id\":\"https:\/\/plustrack.at\/en\/abschlussarbeits-coaching\/#breadcrumb\"},\"inLanguage\":\"en-US\",\"potentialAction\":[{\"@type\":\"ReadAction\",\"target\":[\"https:\/\/plustrack.at\/en\/abschlussarbeits-coaching\/\"]}]},{\"@type\":\"ImageObject\",\"inLanguage\":\"en-US\",\"@id\":\"https:\/\/plustrack.at\/en\/abschlussarbeits-coaching\/#primaryimage\",\"url\":\"https:\/\/plustrack.at\/en\/wp-content\/uploads\/sites\/3\/2023\/02\/plustrack-website_marlena-gruebl-04.jpg\",\"contentUrl\":\"https:\/\/plustrack.at\/en\/wp-content\/uploads\/sites\/3\/2023\/02\/plustrack-website_marlena-gruebl-04.jpg\",\"width\":2048,\"height\":1365},{\"@type\":\"BreadcrumbList\",\"@id\":\"https:\/\/plustrack.at\/en\/abschlussarbeits-coaching\/#breadcrumb\",\"itemListElement\":[{\"@type\":\"ListItem\",\"position\":1,\"name\":\"Home\",\"item\":\"https:\/\/plustrack.at\/en\/\"},{\"@type\":\"ListItem\",\"position\":2,\"name\":\"PLUSTRACK Career Coaching\"}]},{\"@type\":\"WebSite\",\"@id\":\"https:\/\/plustrack.at\/en\/#website\",\"url\":\"https:\/\/plustrack.at\/en\/\",\"name\":\"PLUSTRACK_EN\",\"description\":\"Your Community at the Paris Lodron University of Salzburg\",\"publisher\":{\"@id\":\"https:\/\/plustrack.at\/en\/#organization\"},\"potentialAction\":[{\"@type\":\"SearchAction\",\"target\":{\"@type\":\"EntryPoint\",\"urlTemplate\":\"https:\/\/plustrack.at\/en\/?s={search_term_string}\"},\"query-input\":{\"@type\":\"PropertyValueSpecification\",\"valueRequired\":true,\"valueName\":\"search_term_string\"}}],\"inLanguage\":\"en-US\"},{\"@type\":\"Organization\",\"@id\":\"https:\/\/plustrack.at\/en\/#organization\",\"name\":\"PLUSTRACK_EN\",\"url\":\"https:\/\/plustrack.at\/en\/\",\"logo\":{\"@type\":\"ImageObject\",\"inLanguage\":\"en-US\",\"@id\":\"https:\/\/plustrack.at\/en\/#\/schema\/logo\/image\/\",\"url\":\"https:\/\/plustrack.at\/en\/wp-content\/uploads\/sites\/3\/2025\/04\/cropped-Logo_PLUStrack.png\",\"contentUrl\":\"https:\/\/plustrack.at\/en\/wp-content\/uploads\/sites\/3\/2025\/04\/cropped-Logo_PLUStrack.png\",\"width\":1867,\"height\":747,\"caption\":\"PLUSTRACK_EN\"},\"image\":{\"@id\":\"https:\/\/plustrack.at\/en\/#\/schema\/logo\/image\/\"}}]}<\/script>\n<!-- \/ Yoast SEO plugin. -->","yoast_head_json":{"title":"PLUSTRACK Career Coaching - PLUSTRACK_EN","description":"Abschlussarbeits Coaching f\u00fcr alle Studierende der Universit\u00e4t Salzburg, die Unterst\u00fctzung beim Schreiben Ihrer Arbeit suchen. Motivation finden und durchstarten.","robots":{"index":"index","follow":"follow","max-snippet":"max-snippet:-1","max-image-preview":"max-image-preview:large","max-video-preview":"max-video-preview:-1"},"canonical":"https:\/\/plustrack.at\/en\/abschlussarbeits-coaching\/","og_locale":"en_US","og_type":"article","og_title":"PLUSTRACK Career Coaching - PLUSTRACK_EN","og_description":"Abschlussarbeits Coaching f\u00fcr alle Studierende der Universit\u00e4t Salzburg, die Unterst\u00fctzung beim Schreiben Ihrer Arbeit suchen. Motivation finden und durchstarten.","og_url":"https:\/\/plustrack.at\/en\/abschlussarbeits-coaching\/","og_site_name":"PLUSTRACK_EN","article_modified_time":"2025-01-24T14:32:14+00:00","og_image":[{"width":2048,"height":1365,"url":"https:\/\/plustrack.at\/en\/wp-content\/uploads\/sites\/3\/2023\/02\/plustrack-website_marlena-gruebl-04.jpg","type":"image\/jpeg"}],"twitter_card":"summary_large_image","twitter_misc":{"Est. reading time":"3 minutes"},"schema":{"@context":"https:\/\/schema.org","@graph":[{"@type":"WebPage","@id":"https:\/\/plustrack.at\/en\/abschlussarbeits-coaching\/","url":"https:\/\/plustrack.at\/en\/abschlussarbeits-coaching\/","name":"PLUSTRACK Career Coaching - PLUSTRACK_EN","isPartOf":{"@id":"https:\/\/plustrack.at\/en\/#website"},"primaryImageOfPage":{"@id":"https:\/\/plustrack.at\/en\/abschlussarbeits-coaching\/#primaryimage"},"image":{"@id":"https:\/\/plustrack.at\/en\/abschlussarbeits-coaching\/#primaryimage"},"thumbnailUrl":"https:\/\/plustrack.at\/en\/wp-content\/uploads\/sites\/3\/2023\/02\/plustrack-website_marlena-gruebl-04.jpg","datePublished":"2021-11-14T14:13:12+00:00","dateModified":"2025-01-24T14:32:14+00:00","description":"Abschlussarbeits Coaching f\u00fcr alle Studierende der Universit\u00e4t Salzburg, die Unterst\u00fctzung beim Schreiben Ihrer Arbeit suchen. Motivation finden und durchstarten.","breadcrumb":{"@id":"https:\/\/plustrack.at\/en\/abschlussarbeits-coaching\/#breadcrumb"},"inLanguage":"en-US","potentialAction":[{"@type":"ReadAction","target":["https:\/\/plustrack.at\/en\/abschlussarbeits-coaching\/"]}]},{"@type":"ImageObject","inLanguage":"en-US","@id":"https:\/\/plustrack.at\/en\/abschlussarbeits-coaching\/#primaryimage","url":"https:\/\/plustrack.at\/en\/wp-content\/uploads\/sites\/3\/2023\/02\/plustrack-website_marlena-gruebl-04.jpg","contentUrl":"https:\/\/plustrack.at\/en\/wp-content\/uploads\/sites\/3\/2023\/02\/plustrack-website_marlena-gruebl-04.jpg","width":2048,"height":1365},{"@type":"BreadcrumbList","@id":"https:\/\/plustrack.at\/en\/abschlussarbeits-coaching\/#breadcrumb","itemListElement":[{"@type":"ListItem","position":1,"name":"Home","item":"https:\/\/plustrack.at\/en\/"},{"@type":"ListItem","position":2,"name":"PLUSTRACK Career Coaching"}]},{"@type":"WebSite","@id":"https:\/\/plustrack.at\/en\/#website","url":"https:\/\/plustrack.at\/en\/","name":"PLUSTRACK_EN","description":"Your Community at the Paris Lodron University of Salzburg","publisher":{"@id":"https:\/\/plustrack.at\/en\/#organization"},"potentialAction":[{"@type":"SearchAction","target":{"@type":"EntryPoint","urlTemplate":"https:\/\/plustrack.at\/en\/?s={search_term_string}"},"query-input":{"@type":"PropertyValueSpecification","valueRequired":true,"valueName":"search_term_string"}}],"inLanguage":"en-US"},{"@type":"Organization","@id":"https:\/\/plustrack.at\/en\/#organization","name":"PLUSTRACK_EN","url":"https:\/\/plustrack.at\/en\/","logo":{"@type":"ImageObject","inLanguage":"en-US","@id":"https:\/\/plustrack.at\/en\/#\/schema\/logo\/image\/","url":"https:\/\/plustrack.at\/en\/wp-content\/uploads\/sites\/3\/2025\/04\/cropped-Logo_PLUStrack.png","contentUrl":"https:\/\/plustrack.at\/en\/wp-content\/uploads\/sites\/3\/2025\/04\/cropped-Logo_PLUStrack.png","width":1867,"height":747,"caption":"PLUSTRACK_EN"},"image":{"@id":"https:\/\/plustrack.at\/en\/#\/schema\/logo\/image\/"}}]}},"_links":{"self":[{"href":"https:\/\/plustrack.at\/en\/wp-json\/wp\/v2\/pages\/3443","targetHints":{"allow":["GET"]}}],"collection":[{"href":"https:\/\/plustrack.at\/en\/wp-json\/wp\/v2\/pages"}],"about":[{"href":"https:\/\/plustrack.at\/en\/wp-json\/wp\/v2\/types\/page"}],"author":[{"embeddable":true,"href":"https:\/\/plustrack.at\/en\/wp-json\/wp\/v2\/users\/24"}],"replies":[{"embeddable":true,"href":"https:\/\/plustrack.at\/en\/wp-json\/wp\/v2\/comments?post=3443"}],"version-history":[{"count":8,"href":"https:\/\/plustrack.at\/en\/wp-json\/wp\/v2\/pages\/3443\/revisions"}],"predecessor-version":[{"id":12364,"href":"https:\/\/plustrack.at\/en\/wp-json\/wp\/v2\/pages\/3443\/revisions\/12364"}],"wp:featuredmedia":[{"embeddable":true,"href":"https:\/\/plustrack.at\/en\/wp-json\/wp\/v2\/media\/8024"}],"wp:attachment":[{"href":"https:\/\/plustrack.at\/en\/wp-json\/wp\/v2\/media?parent=3443"}],"curies":[{"name":"wp","href":"https:\/\/api.w.org\/{rel}","templated":true}]}}