{"id":175,"date":"2020-12-21T18:27:16","date_gmt":"2020-12-21T17:27:16","guid":{"rendered":"http:\/\/on-track.sbg.ac.at\/?page_id=175"},"modified":"2020-12-21T18:27:16","modified_gmt":"2020-12-21T17:27:16","slug":"outreach-onboarding","status":"publish","type":"page","link":"https:\/\/plustrack.at\/en\/outreach-onboarding\/","title":{"rendered":"Outreach &amp; Onboarding"},"content":{"rendered":"\t\t<div data-elementor-type=\"wp-page\" data-elementor-id=\"175\" class=\"elementor elementor-175\">\n\t\t\t\t\t\t<section class=\"elementor-section elementor-top-section elementor-element elementor-element-717757a0 elementor-section-boxed elementor-section-height-default elementor-section-height-default\" data-id=\"717757a0\" data-element_type=\"section\">\n\t\t\t\t\t\t<div class=\"elementor-container elementor-column-gap-default\">\n\t\t\t\t\t<div class=\"elementor-column elementor-col-100 elementor-top-column elementor-element elementor-element-19dce3f4\" data-id=\"19dce3f4\" data-element_type=\"column\">\n\t\t\t<div class=\"elementor-widget-wrap elementor-element-populated\">\n\t\t\t\t\t\t<div class=\"elementor-element elementor-element-11da960 elementor-widget elementor-widget-heading\" data-id=\"11da960\" data-element_type=\"widget\" data-widget_type=\"heading.default\">\n\t\t\t\t<div class=\"elementor-widget-container\">\n\t\t\t\t\t<h1 class=\"elementor-heading-title elementor-size-default\">Sprungbrettprojekt<\/h1>\t\t\t\t<\/div>\n\t\t\t\t<\/div>\n\t\t\t\t\t<\/div>\n\t\t<\/div>\n\t\t\t\t\t<\/div>\n\t\t<\/section>\n\t\t\t\t<section class=\"elementor-section elementor-top-section elementor-element elementor-element-1236b7a elementor-section-boxed elementor-section-height-default elementor-section-height-default\" data-id=\"1236b7a\" data-element_type=\"section\">\n\t\t\t\t\t\t<div class=\"elementor-container elementor-column-gap-default\">\n\t\t\t\t\t<div class=\"elementor-column elementor-col-100 elementor-top-column elementor-element elementor-element-0d1f682\" data-id=\"0d1f682\" data-element_type=\"column\">\n\t\t\t<div class=\"elementor-widget-wrap elementor-element-populated\">\n\t\t\t\t\t\t<div class=\"elementor-element elementor-element-445471a elementor-widget elementor-widget-heading\" data-id=\"445471a\" data-element_type=\"widget\" data-widget_type=\"heading.default\">\n\t\t\t\t<div class=\"elementor-widget-container\">\n\t\t\t\t\t<h3 class=\"elementor-heading-title elementor-size-default\">Worum geht es?<\/h3>\t\t\t\t<\/div>\n\t\t\t\t<\/div>\n\t\t\t\t<div class=\"elementor-element elementor-element-ca75bdf elementor-widget elementor-widget-text-editor\" data-id=\"ca75bdf\" data-element_type=\"widget\" data-widget_type=\"text-editor.default\">\n\t\t\t\t<div class=\"elementor-widget-container\">\n\t\t\t\t\t\t\t\t\t<p>In diesem Arbeitspaket geht es um verschiedene Outreach und Onboarding Ma\u00dfnahmen, um zum einen bereits vor der Entscheidung zu einen Hochschulstudium zu informieren und zu vernetzen (Outreach Ma\u00dfnahmen) und zum anderen Erstsemestern einen guten Start an der Hochschule zu erm\u00f6glichen (Onboarding Ma\u00dfnahmen).<\/p>\n<div><\/div>\t\t\t\t\t\t\t\t<\/div>\n\t\t\t\t<\/div>\n\t\t\t\t<div class=\"elementor-element elementor-element-048ce3f elementor-widget elementor-widget-image\" data-id=\"048ce3f\" data-element_type=\"widget\" data-widget_type=\"image.default\">\n\t\t\t\t<div class=\"elementor-widget-container\">\n\t\t\t\t\t\t\t\t\t\t\t\t\t\t\t<img fetchpriority=\"high\" decoding=\"async\" width=\"750\" height=\"469\" src=\"https:\/\/plustrack.at\/en\/wp-content\/uploads\/sites\/3\/2021\/08\/Mentoring-Sprungbrett-edited-1024x640.png\" class=\"attachment-large size-large wp-image-1418\" alt=\"\" srcset=\"https:\/\/plustrack.at\/en\/wp-content\/uploads\/sites\/3\/2021\/08\/Mentoring-Sprungbrett-edited-1024x640.png 1024w, https:\/\/plustrack.at\/en\/wp-content\/uploads\/sites\/3\/2021\/08\/Mentoring-Sprungbrett-edited-300x187.png 300w, https:\/\/plustrack.at\/en\/wp-content\/uploads\/sites\/3\/2021\/08\/Mentoring-Sprungbrett-edited-768x480.png 768w, https:\/\/plustrack.at\/en\/wp-content\/uploads\/sites\/3\/2021\/08\/Mentoring-Sprungbrett-edited-1536x960.png 1536w, https:\/\/plustrack.at\/en\/wp-content\/uploads\/sites\/3\/2021\/08\/Mentoring-Sprungbrett-edited-2048x1280.png 2048w\" sizes=\"(max-width: 750px) 100vw, 750px\" \/>\t\t\t\t\t\t\t\t\t\t\t\t\t\t\t<\/div>\n\t\t\t\t<\/div>\n\t\t\t\t<div class=\"elementor-element elementor-element-d5208b7 elementor-widget elementor-widget-heading\" data-id=\"d5208b7\" data-element_type=\"widget\" data-widget_type=\"heading.default\">\n\t\t\t\t<div class=\"elementor-widget-container\">\n\t\t\t\t\t<h3 class=\"elementor-heading-title elementor-size-default\">Ein zentrales Element der Outreach-Ma\u00dfnahmen ist das Projekt Sprungbrett:\n<\/h3>\t\t\t\t<\/div>\n\t\t\t\t<\/div>\n\t\t\t\t<div class=\"elementor-element elementor-element-5e2fd0a6 elementor-widget elementor-widget-text-editor\" data-id=\"5e2fd0a6\" data-element_type=\"widget\" data-widget_type=\"text-editor.default\">\n\t\t\t\t<div class=\"elementor-widget-container\">\n\t\t\t\t\t\t\t\t\t<p><\/p>\n<p><span style=\"font-size: inherit;\">Die Grundidee des Sprungbrett-Projektes, welches bereits seit 2012 l\u00e4uft, ist, dass sowohl Sch\u00fcler\/innen als auch Lehramtsstudierende durch eine gemeinsame Mentoringbeziehung h\u00f6her und weiter hinaus kommen k\u00f6nnen! Je ein\/e Sch\u00fcler\/in bekommt eine\/n Lehramtsstudierende\/n der Universit\u00e4t Salzburg (School of Education) als Mentor\/in an die Seite gestellt. Die Mentoring-Paare treffen sich regelm\u00e4\u00dfig, wodurch die Sch\u00fcler\/innen ein wichtiges zus\u00e4tzliches greifbares Rollenmodell bekommen und der Kontakt zu neuen Lernumgebungen (z.B. durch Besuche der Bibliothek, Universit\u00e4t, Haus der Natur) gef\u00f6rdert wird. Gleichzeitig profitieren die angehenden Lehrer\/innen durch die Erfahrung mit den Sch\u00fclerInnen, sowie durch die Ausbildung und regelm\u00e4\u00dfige Supervision (z.B. Gestaltung von positiven Lernsituationen, sowie positive Beziehungsgestaltung).<\/span><\/p>\n<p><\/p>\n<p><\/p>\n<p>Konkret bedeutet dies, dass Mentor\/innen f\u00fcr ein Jahr eine\/n Sch\u00fcler\/in begleiten und unterst\u00fctzen. Die Zuteilung der Mentor\/innen zu ihren Mentees erfolgt jeweils aufgrund von Sympathie und \u00e4hnlicher Interessen, die man gemeinsam teilt. Ziel des Mentorings ist es, dass durch das voneinander Lernen beide h\u00f6her und weiter hinaus kommen \u2013 sozusagen Mentoring als Sprungbrett f\u00fcr die Bildung!<\/p>\n<p><\/p>\n<p><\/p>\n<div class=\"wp-block-group has-background-color-background-color has-background\"><div class=\"wp-block-group__inner-container is-layout-flow wp-block-group-is-layout-flow\">\n<h2 class=\"wp-block-heading\"><\/h2>\n<ul class=\"wp-block-latest-posts__list is-grid columns-3 wp-block-latest-posts\"><\/ul><\/div><\/div>\n<p><\/p>\n<p><\/p>\n<p><\/p>\n<p><\/p>\t\t\t\t\t\t\t\t<\/div>\n\t\t\t\t<\/div>\n\t\t\t\t<div class=\"elementor-element elementor-element-34379d3 elementor-widget elementor-widget-heading\" data-id=\"34379d3\" data-element_type=\"widget\" data-widget_type=\"heading.default\">\n\t\t\t\t<div class=\"elementor-widget-container\">\n\t\t\t\t\t<h3 class=\"elementor-heading-title elementor-size-default\">Aktuelles aus dem Arbeitspaket<\/h3>\t\t\t\t<\/div>\n\t\t\t\t<\/div>\n\t\t\t\t<div class=\"elementor-element elementor-element-398278b elementor-widget elementor-widget-text-editor\" data-id=\"398278b\" data-element_type=\"widget\" data-widget_type=\"text-editor.default\">\n\t\t\t\t<div class=\"elementor-widget-container\">\n\t\t\t\t\t\t\t\t\t<p style=\"font-size: 18px;\">Im Sinne einer Onboarding Ma\u00dfnahme m\u00f6chten wir Sch\u00fcler\/innen aus ggf. ferneren Bildungsschichten Einblicke den Lernraum &#8220;Universit\u00e4t&#8221; erm\u00f6glichen. Durch den Kontakt zum\/r Mentor\/in sollen neue Perspektiven gewonnen und die Scheu vor einer m\u00f6glichen akademischen Laufbahn abgebaut werden. Durch diese Ber\u00fchrung mit der Universit\u00e4t m\u00f6chten wir die Sch\u00fcler\/innen zu einem Studium ermutigen, sofern es ihr Wunsch ist.<\/p>\n<p style=\"font-size: 18px;\"><\/p>\n<p style=\"font-size: 18px;\"><\/p>\n<figure class=\"wp-block-image size-large\"><img decoding=\"async\" width=\"1024\" height=\"640\" src=\"http:\/\/on-track.sbg.ac.at\/wp-content\/uploads\/2021\/08\/Mentoring-Sprungbrett-edited-1024x640.png\" alt=\"\" class=\"wp-image-1418\" srcset=\"https:\/\/plustrack.at\/en\/wp-content\/uploads\/sites\/3\/2021\/08\/Mentoring-Sprungbrett-edited-1024x640.png 1024w, https:\/\/plustrack.at\/en\/wp-content\/uploads\/sites\/3\/2021\/08\/Mentoring-Sprungbrett-edited-300x187.png 300w, https:\/\/plustrack.at\/en\/wp-content\/uploads\/sites\/3\/2021\/08\/Mentoring-Sprungbrett-edited-768x480.png 768w, https:\/\/plustrack.at\/en\/wp-content\/uploads\/sites\/3\/2021\/08\/Mentoring-Sprungbrett-edited-1536x960.png 1536w, https:\/\/plustrack.at\/en\/wp-content\/uploads\/sites\/3\/2021\/08\/Mentoring-Sprungbrett-edited-2048x1280.png 2048w\" sizes=\"(max-width: 1024px) 100vw, 1024px\" \/><\/figure>\n<p style=\"font-size: 18px;\"><\/p>\n<p style=\"font-size: 18px;\"><\/p>\n<p style=\"font-size: 18px;\">Dieses Projekt wird seit Oktober 2012 erfolgreich in Kooperation zwischen der Universit\u00e4t Salzburg (Abteilung Sozialpsychologie\/ School of Education\/Career Center) und der Insel sowie Talente-Checks und einigen Schulen in Salzburg durchgef\u00fchrt. Im Juli 2020 wurde es nun als Onboarding Ma\u00dfnahme ins On Track &#8211; Projekt aufgenommen. Federf\u00fchrend f\u00fcr die Entstehung des Projekts ist Dr. Barbara Mackinger, welche aktuell aufgrund von Karrenz vertreten wird durch Dr. Eline Leen-Thomele.<\/p>\n<ul><\/ul>\t\t\t\t\t\t\t\t<\/div>\n\t\t\t\t<\/div>\n\t\t\t\t<div class=\"elementor-element elementor-element-3502335 elementor-widget elementor-widget-heading\" data-id=\"3502335\" data-element_type=\"widget\" data-widget_type=\"heading.default\">\n\t\t\t\t<div class=\"elementor-widget-container\">\n\t\t\t\t\t<h3 class=\"elementor-heading-title elementor-size-default\">Weitere Ma\u00dfnahmen WP4\n<\/h3>\t\t\t\t<\/div>\n\t\t\t\t<\/div>\n\t\t\t\t<div class=\"elementor-element elementor-element-f7d5a2a elementor-widget elementor-widget-text-editor\" data-id=\"f7d5a2a\" data-element_type=\"widget\" data-widget_type=\"text-editor.default\">\n\t\t\t\t<div class=\"elementor-widget-container\">\n\t\t\t\t\t\t\t\t\t<p style=\"color: #3c4858;\">Neben diesem Projekt sollen w\u00e4hrend der Projektlaufzeit weitere Ma\u00dfnahmen geschaffen werden:<\/p>\n<p style=\"font-size: 18px;\"><\/p>\n<p style=\"font-size: 18px;\"><\/p>\n<ul>\n<li>Sch\u00fclerInnen sollen die M\u00f6glichkeit bekommen, sich \u00fcber die OnTrack Seite zum Thema Studium zu informieren, mit Studierenden Kontakt aufzunehmen und durch positive Erfahrungberichte und Rollenmodelle zu einem Studium motiviert werden, auch wenn sie z.B. die ersten Studierenden aus ihrer Familie w\u00e4ren.<\/li>\n<li>Lehrkr\u00e4fte sollen Materialien zum Studieneinstieg finden und Ideen bekommen k\u00f6nnen, wie alle Sch\u00fclergruppen sich mit einem Studium identifizieren k\u00f6nnen unabh\u00e4ngig von ihrer Herkunft, Bildung der Eltern etc. Daf\u00fcr ist es wichtig, dass Lehrkr\u00e4fte gender- und herkunftssensibel zum Thema informieren k\u00f6nnen und daf\u00fcr mit Hilfe von Materialen und Webinaren sensiblisiert werden.<\/li>\n<li>Zum Thema Onboarding sollen die M\u00f6glichkeiten f\u00fcr Erstsemester, um an der Uni richtig anzukommen noch optimiert werden. Daher sollen bessere Informationen und Austausch mit anderen Studierenden auf der OnTrack Plattform geschaffen werden.<\/li>\n<li>Auch Dozenten an der Uni sollen f\u00fcr Bildungsgerechtigkeit sensibilisiert werden und sich zu diesem Thema mit Hilfe von online Materialien und Webinaren etc. weiterbilden k\u00f6nnen.<\/li>\n<li>Vor der Erstellung aller Inhalte und Plattformbereiche erfolgt eine Bedarfsanalyse und w\u00e4hrend\/nach der Implementierung verschiedene Evaluationsma\u00dfnahmen<\/li>\n<\/ul>\t\t\t\t\t\t\t\t<\/div>\n\t\t\t\t<\/div>\n\t\t\t\t\t<\/div>\n\t\t<\/div>\n\t\t\t\t\t<\/div>\n\t\t<\/section>\n\t\t\t\t<\/div>\n\t\t","protected":false},"excerpt":{"rendered":"<p>Sprungbrettprojekt Worum geht es? In diesem Arbeitspaket geht es um verschiedene Outreach und Onboarding Ma\u00dfnahmen, um zum einen bereits vor der Entscheidung zu einen Hochschulstudium zu informieren und zu vernetzen (Outreach Ma\u00dfnahmen) und zum anderen Erstsemestern einen guten Start an der Hochschule zu erm\u00f6glichen (Onboarding Ma\u00dfnahmen). Ein zentrales Element der [&hellip;]<\/p>\n","protected":false},"author":24,"featured_media":0,"parent":0,"menu_order":3,"comment_status":"closed","ping_status":"closed","template":"elementor_theme","meta":{"footnotes":""},"class_list":["post-175","page","type-page","status-publish","hentry"],"yoast_head":"<!-- This site is optimized with the Yoast SEO plugin v24.5 - https:\/\/yoast.com\/wordpress\/plugins\/seo\/ -->\n<title>Outreach &amp; Onboarding - PLUSTRACK_EN<\/title>\n<meta name=\"robots\" content=\"index, follow, max-snippet:-1, max-image-preview:large, max-video-preview:-1\" \/>\n<link rel=\"canonical\" href=\"https:\/\/plustrack.at\/en\/ueber-das-projekt__trashed\/outreach-onboarding\/\" \/>\n<meta property=\"og:locale\" content=\"en_US\" \/>\n<meta property=\"og:type\" content=\"article\" \/>\n<meta property=\"og:title\" content=\"Outreach &amp; Onboarding - PLUSTRACK_EN\" \/>\n<meta property=\"og:description\" content=\"Sprungbrettprojekt Worum geht es? In diesem Arbeitspaket geht es um verschiedene Outreach und Onboarding Ma\u00dfnahmen, um zum einen bereits vor der Entscheidung zu einen Hochschulstudium zu informieren und zu vernetzen (Outreach Ma\u00dfnahmen) und zum anderen Erstsemestern einen guten Start an der Hochschule zu erm\u00f6glichen (Onboarding Ma\u00dfnahmen). Ein zentrales Element der [&hellip;]\" \/>\n<meta property=\"og:url\" content=\"https:\/\/plustrack.at\/en\/ueber-das-projekt__trashed\/outreach-onboarding\/\" \/>\n<meta property=\"og:site_name\" content=\"PLUSTRACK_EN\" \/>\n<meta property=\"og:image\" content=\"https:\/\/plustrack.at\/wp-content\/uploads\/2021\/08\/Mentoring-Sprungbrett-edited-1024x640.png\" \/>\n<meta name=\"twitter:card\" content=\"summary_large_image\" \/>\n<meta name=\"twitter:label1\" content=\"Est. reading time\" \/>\n\t<meta name=\"twitter:data1\" content=\"3 minutes\" \/>\n<script type=\"application\/ld+json\" class=\"yoast-schema-graph\">{\"@context\":\"https:\/\/schema.org\",\"@graph\":[{\"@type\":\"WebPage\",\"@id\":\"https:\/\/plustrack.at\/en\/ueber-das-projekt__trashed\/outreach-onboarding\/\",\"url\":\"https:\/\/plustrack.at\/en\/ueber-das-projekt__trashed\/outreach-onboarding\/\",\"name\":\"Outreach &amp; Onboarding - PLUSTRACK_EN\",\"isPartOf\":{\"@id\":\"https:\/\/plustrack.at\/en\/#website\"},\"primaryImageOfPage\":{\"@id\":\"https:\/\/plustrack.at\/en\/ueber-das-projekt__trashed\/outreach-onboarding\/#primaryimage\"},\"image\":{\"@id\":\"https:\/\/plustrack.at\/en\/ueber-das-projekt__trashed\/outreach-onboarding\/#primaryimage\"},\"thumbnailUrl\":\"https:\/\/plustrack.at\/wp-content\/uploads\/2021\/08\/Mentoring-Sprungbrett-edited-1024x640.png\",\"datePublished\":\"2020-12-21T17:27:16+00:00\",\"breadcrumb\":{\"@id\":\"https:\/\/plustrack.at\/en\/ueber-das-projekt__trashed\/outreach-onboarding\/#breadcrumb\"},\"inLanguage\":\"en-US\",\"potentialAction\":[{\"@type\":\"ReadAction\",\"target\":[\"https:\/\/plustrack.at\/en\/ueber-das-projekt__trashed\/outreach-onboarding\/\"]}]},{\"@type\":\"ImageObject\",\"inLanguage\":\"en-US\",\"@id\":\"https:\/\/plustrack.at\/en\/ueber-das-projekt__trashed\/outreach-onboarding\/#primaryimage\",\"url\":\"https:\/\/plustrack.at\/wp-content\/uploads\/2021\/08\/Mentoring-Sprungbrett-edited-1024x640.png\",\"contentUrl\":\"https:\/\/plustrack.at\/wp-content\/uploads\/2021\/08\/Mentoring-Sprungbrett-edited-1024x640.png\"},{\"@type\":\"BreadcrumbList\",\"@id\":\"https:\/\/plustrack.at\/en\/ueber-das-projekt__trashed\/outreach-onboarding\/#breadcrumb\",\"itemListElement\":[{\"@type\":\"ListItem\",\"position\":1,\"name\":\"Home\",\"item\":\"https:\/\/plustrack.at\/en\/\"},{\"@type\":\"ListItem\",\"position\":2,\"name\":\"Outreach &amp; Onboarding\"}]},{\"@type\":\"WebSite\",\"@id\":\"https:\/\/plustrack.at\/en\/#website\",\"url\":\"https:\/\/plustrack.at\/en\/\",\"name\":\"PLUSTRACK_EN\",\"description\":\"Your Community at the Paris Lodron University of Salzburg\",\"publisher\":{\"@id\":\"https:\/\/plustrack.at\/en\/#organization\"},\"potentialAction\":[{\"@type\":\"SearchAction\",\"target\":{\"@type\":\"EntryPoint\",\"urlTemplate\":\"https:\/\/plustrack.at\/en\/?s={search_term_string}\"},\"query-input\":{\"@type\":\"PropertyValueSpecification\",\"valueRequired\":true,\"valueName\":\"search_term_string\"}}],\"inLanguage\":\"en-US\"},{\"@type\":\"Organization\",\"@id\":\"https:\/\/plustrack.at\/en\/#organization\",\"name\":\"PLUSTRACK_EN\",\"url\":\"https:\/\/plustrack.at\/en\/\",\"logo\":{\"@type\":\"ImageObject\",\"inLanguage\":\"en-US\",\"@id\":\"https:\/\/plustrack.at\/en\/#\/schema\/logo\/image\/\",\"url\":\"https:\/\/plustrack.at\/en\/wp-content\/uploads\/sites\/3\/2025\/04\/cropped-Logo_PLUStrack.png\",\"contentUrl\":\"https:\/\/plustrack.at\/en\/wp-content\/uploads\/sites\/3\/2025\/04\/cropped-Logo_PLUStrack.png\",\"width\":1867,\"height\":747,\"caption\":\"PLUSTRACK_EN\"},\"image\":{\"@id\":\"https:\/\/plustrack.at\/en\/#\/schema\/logo\/image\/\"}}]}<\/script>\n<!-- \/ Yoast SEO plugin. -->","yoast_head_json":{"title":"Outreach &amp; Onboarding - PLUSTRACK_EN","robots":{"index":"index","follow":"follow","max-snippet":"max-snippet:-1","max-image-preview":"max-image-preview:large","max-video-preview":"max-video-preview:-1"},"canonical":"https:\/\/plustrack.at\/en\/ueber-das-projekt__trashed\/outreach-onboarding\/","og_locale":"en_US","og_type":"article","og_title":"Outreach &amp; Onboarding - PLUSTRACK_EN","og_description":"Sprungbrettprojekt Worum geht es? In diesem Arbeitspaket geht es um verschiedene Outreach und Onboarding Ma\u00dfnahmen, um zum einen bereits vor der Entscheidung zu einen Hochschulstudium zu informieren und zu vernetzen (Outreach Ma\u00dfnahmen) und zum anderen Erstsemestern einen guten Start an der Hochschule zu erm\u00f6glichen (Onboarding Ma\u00dfnahmen). Ein zentrales Element der [&hellip;]","og_url":"https:\/\/plustrack.at\/en\/ueber-das-projekt__trashed\/outreach-onboarding\/","og_site_name":"PLUSTRACK_EN","og_image":[{"url":"https:\/\/plustrack.at\/wp-content\/uploads\/2021\/08\/Mentoring-Sprungbrett-edited-1024x640.png","type":"","width":"","height":""}],"twitter_card":"summary_large_image","twitter_misc":{"Est. reading time":"3 minutes"},"schema":{"@context":"https:\/\/schema.org","@graph":[{"@type":"WebPage","@id":"https:\/\/plustrack.at\/en\/ueber-das-projekt__trashed\/outreach-onboarding\/","url":"https:\/\/plustrack.at\/en\/ueber-das-projekt__trashed\/outreach-onboarding\/","name":"Outreach &amp; Onboarding - PLUSTRACK_EN","isPartOf":{"@id":"https:\/\/plustrack.at\/en\/#website"},"primaryImageOfPage":{"@id":"https:\/\/plustrack.at\/en\/ueber-das-projekt__trashed\/outreach-onboarding\/#primaryimage"},"image":{"@id":"https:\/\/plustrack.at\/en\/ueber-das-projekt__trashed\/outreach-onboarding\/#primaryimage"},"thumbnailUrl":"https:\/\/plustrack.at\/wp-content\/uploads\/2021\/08\/Mentoring-Sprungbrett-edited-1024x640.png","datePublished":"2020-12-21T17:27:16+00:00","breadcrumb":{"@id":"https:\/\/plustrack.at\/en\/ueber-das-projekt__trashed\/outreach-onboarding\/#breadcrumb"},"inLanguage":"en-US","potentialAction":[{"@type":"ReadAction","target":["https:\/\/plustrack.at\/en\/ueber-das-projekt__trashed\/outreach-onboarding\/"]}]},{"@type":"ImageObject","inLanguage":"en-US","@id":"https:\/\/plustrack.at\/en\/ueber-das-projekt__trashed\/outreach-onboarding\/#primaryimage","url":"https:\/\/plustrack.at\/wp-content\/uploads\/2021\/08\/Mentoring-Sprungbrett-edited-1024x640.png","contentUrl":"https:\/\/plustrack.at\/wp-content\/uploads\/2021\/08\/Mentoring-Sprungbrett-edited-1024x640.png"},{"@type":"BreadcrumbList","@id":"https:\/\/plustrack.at\/en\/ueber-das-projekt__trashed\/outreach-onboarding\/#breadcrumb","itemListElement":[{"@type":"ListItem","position":1,"name":"Home","item":"https:\/\/plustrack.at\/en\/"},{"@type":"ListItem","position":2,"name":"Outreach &amp; Onboarding"}]},{"@type":"WebSite","@id":"https:\/\/plustrack.at\/en\/#website","url":"https:\/\/plustrack.at\/en\/","name":"PLUSTRACK_EN","description":"Your Community at the Paris Lodron University of Salzburg","publisher":{"@id":"https:\/\/plustrack.at\/en\/#organization"},"potentialAction":[{"@type":"SearchAction","target":{"@type":"EntryPoint","urlTemplate":"https:\/\/plustrack.at\/en\/?s={search_term_string}"},"query-input":{"@type":"PropertyValueSpecification","valueRequired":true,"valueName":"search_term_string"}}],"inLanguage":"en-US"},{"@type":"Organization","@id":"https:\/\/plustrack.at\/en\/#organization","name":"PLUSTRACK_EN","url":"https:\/\/plustrack.at\/en\/","logo":{"@type":"ImageObject","inLanguage":"en-US","@id":"https:\/\/plustrack.at\/en\/#\/schema\/logo\/image\/","url":"https:\/\/plustrack.at\/en\/wp-content\/uploads\/sites\/3\/2025\/04\/cropped-Logo_PLUStrack.png","contentUrl":"https:\/\/plustrack.at\/en\/wp-content\/uploads\/sites\/3\/2025\/04\/cropped-Logo_PLUStrack.png","width":1867,"height":747,"caption":"PLUSTRACK_EN"},"image":{"@id":"https:\/\/plustrack.at\/en\/#\/schema\/logo\/image\/"}}]}},"_links":{"self":[{"href":"https:\/\/plustrack.at\/en\/wp-json\/wp\/v2\/pages\/175","targetHints":{"allow":["GET"]}}],"collection":[{"href":"https:\/\/plustrack.at\/en\/wp-json\/wp\/v2\/pages"}],"about":[{"href":"https:\/\/plustrack.at\/en\/wp-json\/wp\/v2\/types\/page"}],"author":[{"embeddable":true,"href":"https:\/\/plustrack.at\/en\/wp-json\/wp\/v2\/users\/24"}],"replies":[{"embeddable":true,"href":"https:\/\/plustrack.at\/en\/wp-json\/wp\/v2\/comments?post=175"}],"version-history":[{"count":0,"href":"https:\/\/plustrack.at\/en\/wp-json\/wp\/v2\/pages\/175\/revisions"}],"wp:attachment":[{"href":"https:\/\/plustrack.at\/en\/wp-json\/wp\/v2\/media?parent=175"}],"curies":[{"name":"wp","href":"https:\/\/api.w.org\/{rel}","templated":true}]}}