{"id":10771,"date":"2023-11-16T15:38:37","date_gmt":"2023-11-16T14:38:37","guid":{"rendered":"https:\/\/plustrack.at\/?page_id=10771"},"modified":"2023-11-16T15:38:37","modified_gmt":"2023-11-16T14:38:37","slug":"videoplattform","status":"publish","type":"page","link":"https:\/\/plustrack.at\/en\/videoplattform\/","title":{"rendered":"Videoplattform"},"content":{"rendered":"\t\t<div data-elementor-type=\"wp-page\" data-elementor-id=\"10771\" class=\"elementor elementor-10771\">\n\t\t\t\t\t\t<section class=\"elementor-section elementor-top-section elementor-element elementor-element-d403618 elementor-section-boxed elementor-section-height-default elementor-section-height-default\" data-id=\"d403618\" data-element_type=\"section\">\n\t\t\t\t\t\t<div class=\"elementor-container elementor-column-gap-default\">\n\t\t\t\t\t<div class=\"elementor-column elementor-col-100 elementor-top-column elementor-element elementor-element-2c1547a\" data-id=\"2c1547a\" data-element_type=\"column\">\n\t\t\t<div class=\"elementor-widget-wrap elementor-element-populated\">\n\t\t\t\t\t\t<div class=\"elementor-element elementor-element-e49b5d1 elementor-widget elementor-widget-heading\" data-id=\"e49b5d1\" data-element_type=\"widget\" data-widget_type=\"heading.default\">\n\t\t\t\t<div class=\"elementor-widget-container\">\n\t\t\t\t\t<h2 class=\"elementor-heading-title elementor-size-default\">Stolpersteine im Studium<\/h2>\t\t\t\t<\/div>\n\t\t\t\t<\/div>\n\t\t\t\t<div class=\"elementor-element elementor-element-1e9e51d elementor-widget elementor-widget-text-editor\" data-id=\"1e9e51d\" data-element_type=\"widget\" data-widget_type=\"text-editor.default\">\n\t\t\t\t<div class=\"elementor-widget-container\">\n\t\t\t\t\t\t\t\t\t<p>Eine wichtige Pr\u00fcfung nicht schaffen, mit dem Curriculum \u00fcberfordert sein oder als Erster in der Familie zu studieren &#8211; in diesen Kurzvideos erz\u00e4hlen Studierende von ihren &#8220;Stolpersteinen&#8221; im Studium und wie sie diese \u00fcberwinden konnten.<\/p>\t\t\t\t\t\t\t\t<\/div>\n\t\t\t\t<\/div>\n\t\t\t\t<div class=\"elementor-element elementor-element-f1dc229 elementor-widget elementor-widget-html\" data-id=\"f1dc229\" data-element_type=\"widget\" data-widget_type=\"html.default\">\n\t\t\t\t<div class=\"elementor-widget-container\">\n\t\t\t\t\t<div style='padding:177.78% 0 0 0;position:relative;'><iframe src='https:\/\/vimeo.com\/showcase\/10774433\/embed' allowfullscreen frameborder='0' style='position:absolute;top:0;left:0;width:100%;height:100%;'><\/iframe><\/div>  \t\t\t\t<\/div>\n\t\t\t\t<\/div>\n\t\t\t\t\t<\/div>\n\t\t<\/div>\n\t\t\t\t\t<\/div>\n\t\t<\/section>\n\t\t\t\t<section class=\"elementor-section elementor-top-section elementor-element elementor-element-5ca3eeb elementor-section-boxed elementor-section-height-default elementor-section-height-default\" data-id=\"5ca3eeb\" data-element_type=\"section\">\n\t\t\t\t\t\t<div class=\"elementor-container elementor-column-gap-default\">\n\t\t\t\t\t<div class=\"elementor-column elementor-col-100 elementor-top-column elementor-element elementor-element-21b5671\" data-id=\"21b5671\" data-element_type=\"column\">\n\t\t\t<div class=\"elementor-widget-wrap elementor-element-populated\">\n\t\t\t\t\t\t<div class=\"elementor-element elementor-element-dca1d9d elementor-widget-divider--view-line elementor-widget elementor-widget-divider\" data-id=\"dca1d9d\" data-element_type=\"widget\" data-widget_type=\"divider.default\">\n\t\t\t\t<div class=\"elementor-widget-container\">\n\t\t\t\t\t\t\t<div class=\"elementor-divider\">\n\t\t\t<span class=\"elementor-divider-separator\">\n\t\t\t\t\t\t<\/span>\n\t\t<\/div>\n\t\t\t\t\t\t<\/div>\n\t\t\t\t<\/div>\n\t\t\t\t<div class=\"elementor-element elementor-element-a81e46f elementor-widget elementor-widget-heading\" data-id=\"a81e46f\" data-element_type=\"widget\" data-widget_type=\"heading.default\">\n\t\t\t\t<div class=\"elementor-widget-container\">\n\t\t\t\t\t<h2 class=\"elementor-heading-title elementor-size-default\">Aus dem Podcast-Studio: Mentoring<\/h2>\t\t\t\t<\/div>\n\t\t\t\t<\/div>\n\t\t\t\t<div class=\"elementor-element elementor-element-2f34357 elementor-widget elementor-widget-text-editor\" data-id=\"2f34357\" data-element_type=\"widget\" data-widget_type=\"text-editor.default\">\n\t\t\t\t<div class=\"elementor-widget-container\">\n\t\t\t\t\t\t\t\t\t<p>Wie sieht das Mentoring aus? Was macht man da \u00fcberhaupt? Wie hat dich das Mentoring weitergebracht?<br \/>In den Podcasts erz\u00e4hlen Mentoring-Teilnehmer:innen von ihrer Erfahrung aus dem PlusTrack-Mentoring.<\/p>\t\t\t\t\t\t\t\t<\/div>\n\t\t\t\t<\/div>\n\t\t\t\t<div class=\"elementor-element elementor-element-0daaddd elementor-widget elementor-widget-html\" data-id=\"0daaddd\" data-element_type=\"widget\" data-widget_type=\"html.default\">\n\t\t\t\t<div class=\"elementor-widget-container\">\n\t\t\t\t\t<div style='padding:177.78% 0 0 0;position:relative;'><iframe src='https:\/\/vimeo.com\/showcase\/10774430\/embed' allowfullscreen frameborder='0' style='position:absolute;top:0;left:0;width:100%;height:100%;'><\/iframe><\/div>  \t\t\t\t<\/div>\n\t\t\t\t<\/div>\n\t\t\t\t\t<\/div>\n\t\t<\/div>\n\t\t\t\t\t<\/div>\n\t\t<\/section>\n\t\t\t\t<section class=\"elementor-section elementor-top-section elementor-element elementor-element-6fcfa95 elementor-section-boxed elementor-section-height-default elementor-section-height-default\" data-id=\"6fcfa95\" data-element_type=\"section\">\n\t\t\t\t\t\t<div class=\"elementor-container elementor-column-gap-default\">\n\t\t\t\t\t<div class=\"elementor-column elementor-col-100 elementor-top-column elementor-element elementor-element-73f7eaa\" data-id=\"73f7eaa\" data-element_type=\"column\">\n\t\t\t<div class=\"elementor-widget-wrap elementor-element-populated\">\n\t\t\t\t\t\t<div class=\"elementor-element elementor-element-4d12131 elementor-widget-divider--view-line elementor-widget elementor-widget-divider\" data-id=\"4d12131\" data-element_type=\"widget\" data-widget_type=\"divider.default\">\n\t\t\t\t<div class=\"elementor-widget-container\">\n\t\t\t\t\t\t\t<div class=\"elementor-divider\">\n\t\t\t<span class=\"elementor-divider-separator\">\n\t\t\t\t\t\t<\/span>\n\t\t<\/div>\n\t\t\t\t\t\t<\/div>\n\t\t\t\t<\/div>\n\t\t\t\t<div class=\"elementor-element elementor-element-5608704 elementor-widget elementor-widget-heading\" data-id=\"5608704\" data-element_type=\"widget\" data-widget_type=\"heading.default\">\n\t\t\t\t<div class=\"elementor-widget-container\">\n\t\t\t\t\t<h2 class=\"elementor-heading-title elementor-size-default\">Interviews: First-Generation Studierende<\/h2>\t\t\t\t<\/div>\n\t\t\t\t<\/div>\n\t\t\t\t<div class=\"elementor-element elementor-element-b6ffece elementor-widget elementor-widget-text-editor\" data-id=\"b6ffece\" data-element_type=\"widget\" data-widget_type=\"text-editor.default\">\n\t\t\t\t<div class=\"elementor-widget-container\">\n\t\t\t\t\t\t\t\t\t<p>Wie ist es, als erste Person in der Familie ein Studium an der Uni zu beginnen?<br \/>Im Interview erz\u00e4hlen First-Generation Studierende von ihrer Geschichte &amp; Erfahrungen.<\/p>\t\t\t\t\t\t\t\t<\/div>\n\t\t\t\t<\/div>\n\t\t\t\t<div class=\"elementor-element elementor-element-3d9a282 elementor-widget elementor-widget-html\" data-id=\"3d9a282\" data-element_type=\"widget\" data-widget_type=\"html.default\">\n\t\t\t\t<div class=\"elementor-widget-container\">\n\t\t\t\t\t<div style='padding:177.78% 0 0 0;position:relative;'><iframe src='https:\/\/vimeo.com\/showcase\/10774423\/embed' allowfullscreen frameborder='0' style='position:absolute;top:0;left:0;width:100%;height:100%;'><\/iframe><\/div>  \t\t\t\t<\/div>\n\t\t\t\t<\/div>\n\t\t\t\t\t<\/div>\n\t\t<\/div>\n\t\t\t\t\t<\/div>\n\t\t<\/section>\n\t\t\t\t<section class=\"elementor-section elementor-top-section elementor-element elementor-element-0ce8287 elementor-hidden-tablet elementor-hidden-mobile elementor-hidden-desktop elementor-section-boxed elementor-section-height-default elementor-section-height-default\" data-id=\"0ce8287\" data-element_type=\"section\">\n\t\t\t\t\t\t<div class=\"elementor-container elementor-column-gap-default\">\n\t\t\t\t\t<div class=\"elementor-column elementor-col-100 elementor-top-column elementor-element elementor-element-c90a2e3\" data-id=\"c90a2e3\" data-element_type=\"column\">\n\t\t\t<div class=\"elementor-widget-wrap elementor-element-populated\">\n\t\t\t\t\t\t<section class=\"elementor-section elementor-inner-section elementor-element elementor-element-f2d7820 elementor-section-boxed elementor-section-height-default elementor-section-height-default\" data-id=\"f2d7820\" data-element_type=\"section\">\n\t\t\t\t\t\t<div class=\"elementor-container elementor-column-gap-default\">\n\t\t\t\t\t<div class=\"elementor-column elementor-col-33 elementor-inner-column elementor-element elementor-element-12ca4fd\" data-id=\"12ca4fd\" data-element_type=\"column\">\n\t\t\t<div class=\"elementor-widget-wrap elementor-element-populated\">\n\t\t\t\t\t\t<div class=\"elementor-element elementor-element-bc51c14 elementor-widget elementor-widget-heading\" data-id=\"bc51c14\" data-element_type=\"widget\" data-widget_type=\"heading.default\">\n\t\t\t\t<div class=\"elementor-widget-container\">\n\t\t\t\t\t<h3 class=\"elementor-heading-title elementor-size-default\">Stolpersteine im Studium<\/h3>\t\t\t\t<\/div>\n\t\t\t\t<\/div>\n\t\t\t\t\t<\/div>\n\t\t<\/div>\n\t\t\t\t<div class=\"elementor-column elementor-col-33 elementor-inner-column elementor-element elementor-element-926ac30\" data-id=\"926ac30\" data-element_type=\"column\">\n\t\t\t<div class=\"elementor-widget-wrap elementor-element-populated\">\n\t\t\t\t\t\t<div class=\"elementor-element elementor-element-76f5372 elementor-widget elementor-widget-heading\" data-id=\"76f5372\" data-element_type=\"widget\" data-widget_type=\"heading.default\">\n\t\t\t\t<div class=\"elementor-widget-container\">\n\t\t\t\t\t<h3 class=\"elementor-heading-title elementor-size-default\">Aus dem Podcast-Studio: Mentoring<\/h3>\t\t\t\t<\/div>\n\t\t\t\t<\/div>\n\t\t\t\t\t<\/div>\n\t\t<\/div>\n\t\t\t\t<div class=\"elementor-column elementor-col-33 elementor-inner-column elementor-element elementor-element-6e5a274\" data-id=\"6e5a274\" data-element_type=\"column\">\n\t\t\t<div class=\"elementor-widget-wrap elementor-element-populated\">\n\t\t\t\t\t\t<div class=\"elementor-element elementor-element-8264d91 elementor-widget elementor-widget-heading\" data-id=\"8264d91\" data-element_type=\"widget\" data-widget_type=\"heading.default\">\n\t\t\t\t<div class=\"elementor-widget-container\">\n\t\t\t\t\t<h3 class=\"elementor-heading-title elementor-size-default\">Interviews: First-Generation Studierende<\/h3>\t\t\t\t<\/div>\n\t\t\t\t<\/div>\n\t\t\t\t\t<\/div>\n\t\t<\/div>\n\t\t\t\t\t<\/div>\n\t\t<\/section>\n\t\t\t\t<section class=\"elementor-section elementor-inner-section elementor-element elementor-element-65a4c80 elementor-section-boxed elementor-section-height-default elementor-section-height-default\" data-id=\"65a4c80\" data-element_type=\"section\">\n\t\t\t\t\t\t<div class=\"elementor-container elementor-column-gap-default\">\n\t\t\t\t\t<div class=\"elementor-column elementor-col-33 elementor-inner-column elementor-element elementor-element-748bdd0\" data-id=\"748bdd0\" data-element_type=\"column\">\n\t\t\t<div class=\"elementor-widget-wrap elementor-element-populated\">\n\t\t\t\t\t\t<div class=\"elementor-element elementor-element-f4aa77e elementor-widget elementor-widget-html\" data-id=\"f4aa77e\" data-element_type=\"widget\" data-widget_type=\"html.default\">\n\t\t\t\t<div class=\"elementor-widget-container\">\n\t\t\t\t\t<div style='padding:177.78% 0 0 0;position:relative;'><iframe src='https:\/\/vimeo.com\/showcase\/10774433\/embed' allowfullscreen frameborder='0' style='position:absolute;top:0;left:0;width:100%;height:100%;'><\/iframe><\/div>  \t\t\t\t<\/div>\n\t\t\t\t<\/div>\n\t\t\t\t\t<\/div>\n\t\t<\/div>\n\t\t\t\t<div class=\"elementor-column elementor-col-33 elementor-inner-column elementor-element elementor-element-e457ac5\" data-id=\"e457ac5\" data-element_type=\"column\">\n\t\t\t<div class=\"elementor-widget-wrap elementor-element-populated\">\n\t\t\t\t\t\t<div class=\"elementor-element elementor-element-eb0131a elementor-widget elementor-widget-html\" data-id=\"eb0131a\" data-element_type=\"widget\" data-widget_type=\"html.default\">\n\t\t\t\t<div class=\"elementor-widget-container\">\n\t\t\t\t\t<div style='padding:177.78% 0 0 0;position:relative;'><iframe src='https:\/\/vimeo.com\/showcase\/10774430\/embed' allowfullscreen frameborder='0' style='position:absolute;top:0;left:0;width:100%;height:100%;'><\/iframe><\/div>  \t\t\t\t<\/div>\n\t\t\t\t<\/div>\n\t\t\t\t\t<\/div>\n\t\t<\/div>\n\t\t\t\t<div class=\"elementor-column elementor-col-33 elementor-inner-column elementor-element elementor-element-b3a840c\" data-id=\"b3a840c\" data-element_type=\"column\">\n\t\t\t<div class=\"elementor-widget-wrap elementor-element-populated\">\n\t\t\t\t\t\t<div class=\"elementor-element elementor-element-592a560 elementor-widget elementor-widget-html\" data-id=\"592a560\" data-element_type=\"widget\" data-widget_type=\"html.default\">\n\t\t\t\t<div class=\"elementor-widget-container\">\n\t\t\t\t\t<div style='padding:177.78% 0 0 0;position:relative;'><iframe src='https:\/\/vimeo.com\/showcase\/10774423\/embed' allowfullscreen frameborder='0' style='position:absolute;top:0;left:0;width:100%;height:100%;'><\/iframe><\/div>  \t\t\t\t<\/div>\n\t\t\t\t<\/div>\n\t\t\t\t\t<\/div>\n\t\t<\/div>\n\t\t\t\t\t<\/div>\n\t\t<\/section>\n\t\t\t\t\t<\/div>\n\t\t<\/div>\n\t\t\t\t\t<\/div>\n\t\t<\/section>\n\t\t\t\t<\/div>\n\t\t","protected":false},"excerpt":{"rendered":"<p>Stolpersteine im Studium Eine wichtige Pr\u00fcfung nicht schaffen, mit dem Curriculum \u00fcberfordert sein oder als Erster in der Familie zu studieren &#8211; in diesen Kurzvideos erz\u00e4hlen Studierende von ihren &#8220;Stolpersteinen&#8221; im Studium und wie sie diese \u00fcberwinden konnten. Aus dem Podcast-Studio: Mentoring Wie sieht das Mentoring aus? Was macht man [&hellip;]<\/p>\n","protected":false},"author":24,"featured_media":8078,"parent":0,"menu_order":0,"comment_status":"closed","ping_status":"closed","template":"elementor_theme","meta":{"footnotes":""},"class_list":["post-10771","page","type-page","status-publish","has-post-thumbnail","hentry"],"yoast_head":"<!-- This site is optimized with the Yoast SEO plugin v24.5 - https:\/\/yoast.com\/wordpress\/plugins\/seo\/ -->\n<title>Videoplattform - PLUSTRACK_EN<\/title>\n<meta name=\"robots\" content=\"index, follow, max-snippet:-1, max-image-preview:large, max-video-preview:-1\" \/>\n<link rel=\"canonical\" href=\"https:\/\/plustrack.at\/en\/videoplattform\/\" \/>\n<meta property=\"og:locale\" content=\"en_US\" \/>\n<meta property=\"og:type\" content=\"article\" \/>\n<meta property=\"og:title\" content=\"Videoplattform - PLUSTRACK_EN\" \/>\n<meta property=\"og:description\" content=\"Stolpersteine im Studium Eine wichtige Pr\u00fcfung nicht schaffen, mit dem Curriculum \u00fcberfordert sein oder als Erster in der Familie zu studieren &#8211; in diesen Kurzvideos erz\u00e4hlen Studierende von ihren &#8220;Stolpersteinen&#8221; im Studium und wie sie diese \u00fcberwinden konnten. Aus dem Podcast-Studio: Mentoring Wie sieht das Mentoring aus? Was macht man [&hellip;]\" \/>\n<meta property=\"og:url\" content=\"https:\/\/plustrack.at\/en\/videoplattform\/\" \/>\n<meta property=\"og:site_name\" content=\"PLUSTRACK_EN\" \/>\n<meta name=\"twitter:card\" content=\"summary_large_image\" \/>\n<meta name=\"twitter:label1\" content=\"Est. reading time\" \/>\n\t<meta name=\"twitter:data1\" content=\"1 minute\" \/>\n<script type=\"application\/ld+json\" class=\"yoast-schema-graph\">{\"@context\":\"https:\/\/schema.org\",\"@graph\":[{\"@type\":\"WebPage\",\"@id\":\"https:\/\/plustrack.at\/en\/videoplattform\/\",\"url\":\"https:\/\/plustrack.at\/en\/videoplattform\/\",\"name\":\"Videoplattform - PLUSTRACK_EN\",\"isPartOf\":{\"@id\":\"https:\/\/plustrack.at\/en\/#website\"},\"primaryImageOfPage\":{\"@id\":\"https:\/\/plustrack.at\/en\/videoplattform\/#primaryimage\"},\"image\":{\"@id\":\"https:\/\/plustrack.at\/en\/videoplattform\/#primaryimage\"},\"thumbnailUrl\":\"https:\/\/plustrack.at\/en\/wp-content\/uploads\/sites\/3\/2023\/02\/on-track_vicky_P1170168-scaled-1.jpg\",\"datePublished\":\"2023-11-16T14:38:37+00:00\",\"breadcrumb\":{\"@id\":\"https:\/\/plustrack.at\/en\/videoplattform\/#breadcrumb\"},\"inLanguage\":\"en-US\",\"potentialAction\":[{\"@type\":\"ReadAction\",\"target\":[\"https:\/\/plustrack.at\/en\/videoplattform\/\"]}]},{\"@type\":\"ImageObject\",\"inLanguage\":\"en-US\",\"@id\":\"https:\/\/plustrack.at\/en\/videoplattform\/#primaryimage\",\"url\":\"https:\/\/plustrack.at\/en\/wp-content\/uploads\/sites\/3\/2023\/02\/on-track_vicky_P1170168-scaled-1.jpg\",\"contentUrl\":\"https:\/\/plustrack.at\/en\/wp-content\/uploads\/sites\/3\/2023\/02\/on-track_vicky_P1170168-scaled-1.jpg\",\"width\":2560,\"height\":1922,\"caption\":\"Festung Salzburg Handy\"},{\"@type\":\"BreadcrumbList\",\"@id\":\"https:\/\/plustrack.at\/en\/videoplattform\/#breadcrumb\",\"itemListElement\":[{\"@type\":\"ListItem\",\"position\":1,\"name\":\"Home\",\"item\":\"https:\/\/plustrack.at\/en\/\"},{\"@type\":\"ListItem\",\"position\":2,\"name\":\"Videoplattform\"}]},{\"@type\":\"WebSite\",\"@id\":\"https:\/\/plustrack.at\/en\/#website\",\"url\":\"https:\/\/plustrack.at\/en\/\",\"name\":\"PLUSTRACK_EN\",\"description\":\"Your Community at the Paris Lodron University of Salzburg\",\"publisher\":{\"@id\":\"https:\/\/plustrack.at\/en\/#organization\"},\"potentialAction\":[{\"@type\":\"SearchAction\",\"target\":{\"@type\":\"EntryPoint\",\"urlTemplate\":\"https:\/\/plustrack.at\/en\/?s={search_term_string}\"},\"query-input\":{\"@type\":\"PropertyValueSpecification\",\"valueRequired\":true,\"valueName\":\"search_term_string\"}}],\"inLanguage\":\"en-US\"},{\"@type\":\"Organization\",\"@id\":\"https:\/\/plustrack.at\/en\/#organization\",\"name\":\"PLUSTRACK_EN\",\"url\":\"https:\/\/plustrack.at\/en\/\",\"logo\":{\"@type\":\"ImageObject\",\"inLanguage\":\"en-US\",\"@id\":\"https:\/\/plustrack.at\/en\/#\/schema\/logo\/image\/\",\"url\":\"https:\/\/plustrack.at\/en\/wp-content\/uploads\/sites\/3\/2025\/04\/cropped-Logo_PLUStrack.png\",\"contentUrl\":\"https:\/\/plustrack.at\/en\/wp-content\/uploads\/sites\/3\/2025\/04\/cropped-Logo_PLUStrack.png\",\"width\":1867,\"height\":747,\"caption\":\"PLUSTRACK_EN\"},\"image\":{\"@id\":\"https:\/\/plustrack.at\/en\/#\/schema\/logo\/image\/\"}}]}<\/script>\n<!-- \/ Yoast SEO plugin. -->","yoast_head_json":{"title":"Videoplattform - PLUSTRACK_EN","robots":{"index":"index","follow":"follow","max-snippet":"max-snippet:-1","max-image-preview":"max-image-preview:large","max-video-preview":"max-video-preview:-1"},"canonical":"https:\/\/plustrack.at\/en\/videoplattform\/","og_locale":"en_US","og_type":"article","og_title":"Videoplattform - PLUSTRACK_EN","og_description":"Stolpersteine im Studium Eine wichtige Pr\u00fcfung nicht schaffen, mit dem Curriculum \u00fcberfordert sein oder als Erster in der Familie zu studieren &#8211; in diesen Kurzvideos erz\u00e4hlen Studierende von ihren &#8220;Stolpersteinen&#8221; im Studium und wie sie diese \u00fcberwinden konnten. Aus dem Podcast-Studio: Mentoring Wie sieht das Mentoring aus? Was macht man [&hellip;]","og_url":"https:\/\/plustrack.at\/en\/videoplattform\/","og_site_name":"PLUSTRACK_EN","twitter_card":"summary_large_image","twitter_misc":{"Est. reading time":"1 minute"},"schema":{"@context":"https:\/\/schema.org","@graph":[{"@type":"WebPage","@id":"https:\/\/plustrack.at\/en\/videoplattform\/","url":"https:\/\/plustrack.at\/en\/videoplattform\/","name":"Videoplattform - PLUSTRACK_EN","isPartOf":{"@id":"https:\/\/plustrack.at\/en\/#website"},"primaryImageOfPage":{"@id":"https:\/\/plustrack.at\/en\/videoplattform\/#primaryimage"},"image":{"@id":"https:\/\/plustrack.at\/en\/videoplattform\/#primaryimage"},"thumbnailUrl":"https:\/\/plustrack.at\/en\/wp-content\/uploads\/sites\/3\/2023\/02\/on-track_vicky_P1170168-scaled-1.jpg","datePublished":"2023-11-16T14:38:37+00:00","breadcrumb":{"@id":"https:\/\/plustrack.at\/en\/videoplattform\/#breadcrumb"},"inLanguage":"en-US","potentialAction":[{"@type":"ReadAction","target":["https:\/\/plustrack.at\/en\/videoplattform\/"]}]},{"@type":"ImageObject","inLanguage":"en-US","@id":"https:\/\/plustrack.at\/en\/videoplattform\/#primaryimage","url":"https:\/\/plustrack.at\/en\/wp-content\/uploads\/sites\/3\/2023\/02\/on-track_vicky_P1170168-scaled-1.jpg","contentUrl":"https:\/\/plustrack.at\/en\/wp-content\/uploads\/sites\/3\/2023\/02\/on-track_vicky_P1170168-scaled-1.jpg","width":2560,"height":1922,"caption":"Festung Salzburg Handy"},{"@type":"BreadcrumbList","@id":"https:\/\/plustrack.at\/en\/videoplattform\/#breadcrumb","itemListElement":[{"@type":"ListItem","position":1,"name":"Home","item":"https:\/\/plustrack.at\/en\/"},{"@type":"ListItem","position":2,"name":"Videoplattform"}]},{"@type":"WebSite","@id":"https:\/\/plustrack.at\/en\/#website","url":"https:\/\/plustrack.at\/en\/","name":"PLUSTRACK_EN","description":"Your Community at the Paris Lodron University of Salzburg","publisher":{"@id":"https:\/\/plustrack.at\/en\/#organization"},"potentialAction":[{"@type":"SearchAction","target":{"@type":"EntryPoint","urlTemplate":"https:\/\/plustrack.at\/en\/?s={search_term_string}"},"query-input":{"@type":"PropertyValueSpecification","valueRequired":true,"valueName":"search_term_string"}}],"inLanguage":"en-US"},{"@type":"Organization","@id":"https:\/\/plustrack.at\/en\/#organization","name":"PLUSTRACK_EN","url":"https:\/\/plustrack.at\/en\/","logo":{"@type":"ImageObject","inLanguage":"en-US","@id":"https:\/\/plustrack.at\/en\/#\/schema\/logo\/image\/","url":"https:\/\/plustrack.at\/en\/wp-content\/uploads\/sites\/3\/2025\/04\/cropped-Logo_PLUStrack.png","contentUrl":"https:\/\/plustrack.at\/en\/wp-content\/uploads\/sites\/3\/2025\/04\/cropped-Logo_PLUStrack.png","width":1867,"height":747,"caption":"PLUSTRACK_EN"},"image":{"@id":"https:\/\/plustrack.at\/en\/#\/schema\/logo\/image\/"}}]}},"_links":{"self":[{"href":"https:\/\/plustrack.at\/en\/wp-json\/wp\/v2\/pages\/10771","targetHints":{"allow":["GET"]}}],"collection":[{"href":"https:\/\/plustrack.at\/en\/wp-json\/wp\/v2\/pages"}],"about":[{"href":"https:\/\/plustrack.at\/en\/wp-json\/wp\/v2\/types\/page"}],"author":[{"embeddable":true,"href":"https:\/\/plustrack.at\/en\/wp-json\/wp\/v2\/users\/24"}],"replies":[{"embeddable":true,"href":"https:\/\/plustrack.at\/en\/wp-json\/wp\/v2\/comments?post=10771"}],"version-history":[{"count":0,"href":"https:\/\/plustrack.at\/en\/wp-json\/wp\/v2\/pages\/10771\/revisions"}],"wp:featuredmedia":[{"embeddable":true,"href":"https:\/\/plustrack.at\/en\/wp-json\/wp\/v2\/media\/8078"}],"wp:attachment":[{"href":"https:\/\/plustrack.at\/en\/wp-json\/wp\/v2\/media?parent=10771"}],"curies":[{"name":"wp","href":"https:\/\/api.w.org\/{rel}","templated":true}]}}