{"id":10008,"date":"2023-09-21T15:16:44","date_gmt":"2023-09-21T13:16:44","guid":{"rendered":"https:\/\/plustrack.at\/?page_id=10008"},"modified":"2023-09-21T15:16:44","modified_gmt":"2023-09-21T13:16:44","slug":"schallmoss","status":"publish","type":"page","link":"https:\/\/plustrack.at\/en\/psychologie-zum-mitgehen\/schallmoss\/","title":{"rendered":"Schallmoos"},"content":{"rendered":"\t\t<div data-elementor-type=\"wp-page\" data-elementor-id=\"10008\" class=\"elementor elementor-10008\">\n\t\t\t\t\t\t<section class=\"elementor-section elementor-top-section elementor-element elementor-element-2794b83 elementor-section-boxed elementor-section-height-default elementor-section-height-default\" data-id=\"2794b83\" data-element_type=\"section\">\n\t\t\t\t\t\t<div class=\"elementor-container elementor-column-gap-default\">\n\t\t\t\t\t<div class=\"elementor-column elementor-col-100 elementor-top-column elementor-element elementor-element-8104273\" data-id=\"8104273\" data-element_type=\"column\">\n\t\t\t<div class=\"elementor-widget-wrap elementor-element-populated\">\n\t\t\t\t\t\t<div class=\"elementor-element elementor-element-98647d8 elementor-widget elementor-widget-spacer\" data-id=\"98647d8\" data-element_type=\"widget\" data-widget_type=\"spacer.default\">\n\t\t\t\t<div class=\"elementor-widget-container\">\n\t\t\t\t\t\t\t<div class=\"elementor-spacer\">\n\t\t\t<div class=\"elementor-spacer-inner\"><\/div>\n\t\t<\/div>\n\t\t\t\t\t\t<\/div>\n\t\t\t\t<\/div>\n\t\t\t\t\t<\/div>\n\t\t<\/div>\n\t\t\t\t\t<\/div>\n\t\t<\/section>\n\t\t\t\t<section class=\"elementor-section elementor-top-section elementor-element elementor-element-d4e3446 elementor-section-boxed elementor-section-height-default elementor-section-height-default\" data-id=\"d4e3446\" data-element_type=\"section\">\n\t\t\t\t\t\t<div class=\"elementor-container elementor-column-gap-default\">\n\t\t\t\t\t<div class=\"elementor-column elementor-col-100 elementor-top-column elementor-element elementor-element-274f09f\" data-id=\"274f09f\" data-element_type=\"column\">\n\t\t\t<div class=\"elementor-widget-wrap elementor-element-populated\">\n\t\t\t\t\t\t<div class=\"elementor-element elementor-element-ee86149 elementor-widget elementor-widget-heading\" data-id=\"ee86149\" data-element_type=\"widget\" data-widget_type=\"heading.default\">\n\t\t\t\t<div class=\"elementor-widget-container\">\n\t\t\t\t\t<h2 class=\"elementor-heading-title elementor-size-default\">Schallmoos<\/h2>\t\t\t\t<\/div>\n\t\t\t\t<\/div>\n\t\t\t\t\t<\/div>\n\t\t<\/div>\n\t\t\t\t\t<\/div>\n\t\t<\/section>\n\t\t\t\t<section class=\"elementor-section elementor-top-section elementor-element elementor-element-1b78f51 elementor-section-boxed elementor-section-height-default elementor-section-height-default\" data-id=\"1b78f51\" data-element_type=\"section\">\n\t\t\t\t\t\t<div class=\"elementor-container elementor-column-gap-default\">\n\t\t\t\t\t<div class=\"elementor-column elementor-col-100 elementor-top-column elementor-element elementor-element-a327db1\" data-id=\"a327db1\" data-element_type=\"column\">\n\t\t\t<div class=\"elementor-widget-wrap elementor-element-populated\">\n\t\t\t\t\t\t<div class=\"elementor-element elementor-element-0f947a3 elementor-widget elementor-widget-spacer\" data-id=\"0f947a3\" data-element_type=\"widget\" data-widget_type=\"spacer.default\">\n\t\t\t\t<div class=\"elementor-widget-container\">\n\t\t\t\t\t\t\t<div class=\"elementor-spacer\">\n\t\t\t<div class=\"elementor-spacer-inner\"><\/div>\n\t\t<\/div>\n\t\t\t\t\t\t<\/div>\n\t\t\t\t<\/div>\n\t\t\t\t\t<\/div>\n\t\t<\/div>\n\t\t\t\t\t<\/div>\n\t\t<\/section>\n\t\t\t\t<section class=\"elementor-section elementor-top-section elementor-element elementor-element-afd8dc7 elementor-section-boxed elementor-section-height-default elementor-section-height-default\" data-id=\"afd8dc7\" data-element_type=\"section\">\n\t\t\t\t\t\t<div class=\"elementor-container elementor-column-gap-default\">\n\t\t\t\t\t<div class=\"elementor-column elementor-col-100 elementor-top-column elementor-element elementor-element-cdcc0e2\" data-id=\"cdcc0e2\" data-element_type=\"column\">\n\t\t\t<div class=\"elementor-widget-wrap elementor-element-populated\">\n\t\t\t\t\t\t<div class=\"elementor-element elementor-element-d90f705 elementor-widget elementor-widget-text-editor\" data-id=\"d90f705\" data-element_type=\"widget\" data-widget_type=\"text-editor.default\">\n\t\t\t\t<div class=\"elementor-widget-container\">\n\t\t\t\t\t\t\t\t\t<p>Du bist interessiert an Salzburg und sozialpsychologischen Themen? Wir (Anna, Nele, Elena und Franca) laden dich ein, uns auf einem Spaziergang durch den Stadtteil Schallmoos\/Mayerwies zu begleiten und mit uns die faszinierende Welt der Gruppenzugeh\u00f6rigkeit zu entdecken. Wir alle haben eine Vorstellung davon, zu welchen Gruppen wir geh\u00f6ren m\u00f6chten und welche Gruppen wir meiden wollen. Aber warum ist die Zugeh\u00f6rigkeit zu einer Gruppe so wichtig f\u00fcr uns? Wie entstehen Gruppen \u00fcberhaupt? Und wie kann das Zusammengeh\u00f6rigkeitsgef\u00fchl gest\u00e4rkt werden?<\/p><p>In dieser Episode widmen wir uns verschiedenen sozialpsychologischen Ph\u00e4nomenen, die mit dem Thema Gruppenzugeh\u00f6rigkeit zusammenh\u00e4ngen. Wir werden uns auf dem Weg damit auseinandersetzen, wie Diskriminierung und Stereotype gegen\u00fcber anderen Gruppen unser Verhalten beeinflussen k\u00f6nnen und wie prosoziales Verhalten in der Gesellschaft wirkt. Au\u00dferdem werden wir beleuchten, wie abweichende Meinungen einen Einfluss auf die Mehrheit haben k\u00f6nnen.<\/p><p><script src=\"moz-extension:\/\/ddfa0ec0-2097-4f95-946e-b9b8f1dcb33b\/js\/app.js\" type=\"text\/javascript\"><\/script><\/p>\t\t\t\t\t\t\t\t<\/div>\n\t\t\t\t<\/div>\n\t\t\t\t\t<\/div>\n\t\t<\/div>\n\t\t\t\t\t<\/div>\n\t\t<\/section>\n\t\t\t\t<section class=\"elementor-section elementor-top-section elementor-element elementor-element-897a969 elementor-section-boxed elementor-section-height-default elementor-section-height-default\" data-id=\"897a969\" data-element_type=\"section\">\n\t\t\t\t\t\t<div class=\"elementor-container elementor-column-gap-default\">\n\t\t\t\t\t<div class=\"elementor-column elementor-col-100 elementor-top-column elementor-element elementor-element-8ed1373\" data-id=\"8ed1373\" data-element_type=\"column\">\n\t\t\t<div class=\"elementor-widget-wrap elementor-element-populated\">\n\t\t\t\t\t\t<div class=\"elementor-element elementor-element-1c131f4 elementor-widget elementor-widget-spacer\" data-id=\"1c131f4\" data-element_type=\"widget\" data-widget_type=\"spacer.default\">\n\t\t\t\t<div class=\"elementor-widget-container\">\n\t\t\t\t\t\t\t<div class=\"elementor-spacer\">\n\t\t\t<div class=\"elementor-spacer-inner\"><\/div>\n\t\t<\/div>\n\t\t\t\t\t\t<\/div>\n\t\t\t\t<\/div>\n\t\t\t\t\t<\/div>\n\t\t<\/div>\n\t\t\t\t\t<\/div>\n\t\t<\/section>\n\t\t\t\t<section class=\"elementor-section elementor-top-section elementor-element elementor-element-c307d8e elementor-section-boxed elementor-section-height-default elementor-section-height-default\" data-id=\"c307d8e\" data-element_type=\"section\">\n\t\t\t\t\t\t<div class=\"elementor-container elementor-column-gap-default\">\n\t\t\t\t\t<div class=\"elementor-column elementor-col-50 elementor-top-column elementor-element elementor-element-5e07cf7\" data-id=\"5e07cf7\" data-element_type=\"column\">\n\t\t\t<div class=\"elementor-widget-wrap elementor-element-populated\">\n\t\t\t\t\t\t<div class=\"elementor-element elementor-element-9dba1ae elementor-view-default elementor-position-top elementor-mobile-position-top elementor-widget elementor-widget-icon-box\" data-id=\"9dba1ae\" data-element_type=\"widget\" data-widget_type=\"icon-box.default\">\n\t\t\t\t<div class=\"elementor-widget-container\">\n\t\t\t\t\t\t\t<div class=\"elementor-icon-box-wrapper\">\n\n\t\t\t\t\t\t<div class=\"elementor-icon-box-icon\">\n\t\t\t\t<a href=\"https:\/\/open.spotify.com\/episode\/7omMKgPiGcPfpVfC1DSAEH?si=31b9634d4ffe45c1\" target=\"_blank\" class=\"elementor-icon\" tabindex=\"-1\" aria-label=\"Hier geht&#039;s zum Podcast\">\n\t\t\t\t<i aria-hidden=\"true\" class=\"fas fa-play\"><\/i>\t\t\t\t<\/a>\n\t\t\t<\/div>\n\t\t\t\n\t\t\t\t\t\t<div class=\"elementor-icon-box-content\">\n\n\t\t\t\t\t\t\t\t\t<h3 class=\"elementor-icon-box-title\">\n\t\t\t\t\t\t<a href=\"https:\/\/open.spotify.com\/episode\/7omMKgPiGcPfpVfC1DSAEH?si=31b9634d4ffe45c1\" target=\"_blank\" >\n\t\t\t\t\t\t\tHier geht's zum Podcast\t\t\t\t\t\t<\/a>\n\t\t\t\t\t<\/h3>\n\t\t\t\t\n\t\t\t\t\n\t\t\t<\/div>\n\t\t\t\n\t\t<\/div>\n\t\t\t\t\t\t<\/div>\n\t\t\t\t<\/div>\n\t\t\t\t\t<\/div>\n\t\t<\/div>\n\t\t\t\t<div class=\"elementor-column elementor-col-50 elementor-top-column elementor-element elementor-element-d84f081\" data-id=\"d84f081\" data-element_type=\"column\">\n\t\t\t<div class=\"elementor-widget-wrap elementor-element-populated\">\n\t\t\t\t\t\t<div class=\"elementor-element elementor-element-1240eaf elementor-view-default elementor-position-top elementor-mobile-position-top elementor-widget elementor-widget-icon-box\" data-id=\"1240eaf\" data-element_type=\"widget\" data-widget_type=\"icon-box.default\">\n\t\t\t\t<div class=\"elementor-widget-container\">\n\t\t\t\t\t\t\t<div class=\"elementor-icon-box-wrapper\">\n\n\t\t\t\t\t\t<div class=\"elementor-icon-box-icon\">\n\t\t\t\t<a href=\"https:\/\/maps.app.goo.gl\/4oBSQBLcaV8iek9ZA?g_st=ig\" target=\"_blank\" class=\"elementor-icon\" tabindex=\"-1\" aria-label=\"Hier geht&#039;s zur Route\">\n\t\t\t\t<i aria-hidden=\"true\" class=\"far fa-map\"><\/i>\t\t\t\t<\/a>\n\t\t\t<\/div>\n\t\t\t\n\t\t\t\t\t\t<div class=\"elementor-icon-box-content\">\n\n\t\t\t\t\t\t\t\t\t<h3 class=\"elementor-icon-box-title\">\n\t\t\t\t\t\t<a href=\"https:\/\/maps.app.goo.gl\/4oBSQBLcaV8iek9ZA?g_st=ig\" target=\"_blank\" >\n\t\t\t\t\t\t\tHier geht's zur Route\t\t\t\t\t\t<\/a>\n\t\t\t\t\t<\/h3>\n\t\t\t\t\n\t\t\t\t\n\t\t\t<\/div>\n\t\t\t\n\t\t<\/div>\n\t\t\t\t\t\t<\/div>\n\t\t\t\t<\/div>\n\t\t\t\t\t<\/div>\n\t\t<\/div>\n\t\t\t\t\t<\/div>\n\t\t<\/section>\n\t\t\t\t<section class=\"elementor-section elementor-top-section elementor-element elementor-element-e773fc0 elementor-section-boxed elementor-section-height-default elementor-section-height-default\" data-id=\"e773fc0\" data-element_type=\"section\">\n\t\t\t\t\t\t<div class=\"elementor-container elementor-column-gap-default\">\n\t\t\t\t\t<div class=\"elementor-column elementor-col-100 elementor-top-column elementor-element elementor-element-759815c\" data-id=\"759815c\" data-element_type=\"column\">\n\t\t\t<div class=\"elementor-widget-wrap elementor-element-populated\">\n\t\t\t\t\t\t<div class=\"elementor-element elementor-element-04d1dca elementor-widget elementor-widget-spacer\" data-id=\"04d1dca\" data-element_type=\"widget\" data-widget_type=\"spacer.default\">\n\t\t\t\t<div class=\"elementor-widget-container\">\n\t\t\t\t\t\t\t<div class=\"elementor-spacer\">\n\t\t\t<div class=\"elementor-spacer-inner\"><\/div>\n\t\t<\/div>\n\t\t\t\t\t\t<\/div>\n\t\t\t\t<\/div>\n\t\t\t\t\t<\/div>\n\t\t<\/div>\n\t\t\t\t\t<\/div>\n\t\t<\/section>\n\t\t\t\t<section class=\"elementor-section elementor-top-section elementor-element elementor-element-3a8e7ac elementor-section-boxed elementor-section-height-default elementor-section-height-default\" data-id=\"3a8e7ac\" data-element_type=\"section\">\n\t\t\t\t\t\t<div class=\"elementor-container elementor-column-gap-default\">\n\t\t\t\t\t<div class=\"elementor-column elementor-col-100 elementor-top-column elementor-element elementor-element-13700ee\" data-id=\"13700ee\" data-element_type=\"column\">\n\t\t\t<div class=\"elementor-widget-wrap elementor-element-populated\">\n\t\t\t\t\t\t<div class=\"elementor-element elementor-element-e021c1c elementor-widget elementor-widget-text-editor\" data-id=\"e021c1c\" data-element_type=\"widget\" data-widget_type=\"text-editor.default\">\n\t\t\t\t<div class=\"elementor-widget-container\">\n\t\t\t\t\t\t\t\t\t<p>Unser Spaziergang startet in der Linzergasse bei der Eisdiele \u201eEis Greissler\u201c und dauert eine knappe Stunde. Am Ende werden wir uns in der Paris-Lodron-Stra\u00dfe befinden.<br>\nIm Laufe des Podcasts geben wir dir ab und an Weganweisungen.<\/p>\n<p>Schl\u00fcpf in deine Lieblingsschuhe, begleite uns auf diesem Spaziergang und lass uns gemeinsam die Stadt aus einem neuen Blickwinkel betrachten. Bestimmt erlangst du auch einige neue Einblicke, die dein Verst\u00e4ndnis in Bezug auf Gruppenzugeh\u00f6rigkeiten erweitern werden. Wir freuen uns drauf!<\/p>\n<p>Hier findest du die Websites der Orte, \u00fcber die wir auf unserer Route sprechen werden:<\/p>\n<p><a href=\"https:\/\/hosi.or.at\/\">hosi.or.at<\/a><\/p>\n<p><a href=\"https:\/\/www.pflanzerei-schallmoos.at\/\">pflanzerei-schallmoos.at<\/a><\/p>\n<p><a href=\"https:\/\/www.parohia-salzburg.ro\/de\/\">parohia-salzburg.ro<\/a><\/p>\n<p><a href=\"https:\/\/verein-mut.eu\/salzburg\/\">verein-mut.eu\/salzburg<\/a><\/p><p><br><\/p>\n<p><script src=\"moz-extension:\/\/ddfa0ec0-2097-4f95-946e-b9b8f1dcb33b\/js\/app.js\" type=\"text\/javascript\"><\/script><\/p>\n<p><script src=\"moz-extension:\/\/ddfa0ec0-2097-4f95-946e-b9b8f1dcb33b\/js\/app.js\" type=\"text\/javascript\"><\/script><\/p>\n<p><script src=\"moz-extension:\/\/ddfa0ec0-2097-4f95-946e-b9b8f1dcb33b\/js\/app.js\" type=\"text\/javascript\"><\/script><\/p>\t\t\t\t\t\t\t\t<\/div>\n\t\t\t\t<\/div>\n\t\t\t\t\t<\/div>\n\t\t<\/div>\n\t\t\t\t\t<\/div>\n\t\t<\/section>\n\t\t\t\t<section class=\"elementor-section elementor-top-section elementor-element elementor-element-c0744b4 elementor-section-boxed elementor-section-height-default elementor-section-height-default\" data-id=\"c0744b4\" data-element_type=\"section\">\n\t\t\t\t\t\t<div class=\"elementor-container elementor-column-gap-default\">\n\t\t\t\t\t<div class=\"elementor-column elementor-col-100 elementor-top-column elementor-element elementor-element-ad8c3b3\" data-id=\"ad8c3b3\" data-element_type=\"column\">\n\t\t\t<div class=\"elementor-widget-wrap elementor-element-populated\">\n\t\t\t\t\t\t<div class=\"elementor-element elementor-element-e75a322 elementor-widget elementor-widget-spacer\" data-id=\"e75a322\" data-element_type=\"widget\" data-widget_type=\"spacer.default\">\n\t\t\t\t<div class=\"elementor-widget-container\">\n\t\t\t\t\t\t\t<div class=\"elementor-spacer\">\n\t\t\t<div class=\"elementor-spacer-inner\"><\/div>\n\t\t<\/div>\n\t\t\t\t\t\t<\/div>\n\t\t\t\t<\/div>\n\t\t\t\t\t<\/div>\n\t\t<\/div>\n\t\t\t\t\t<\/div>\n\t\t<\/section>\n\t\t\t\t<\/div>\n\t\t","protected":false},"excerpt":{"rendered":"<p>Schallmoos Du bist interessiert an Salzburg und sozialpsychologischen Themen? Wir (Anna, Nele, Elena und Franca) laden dich ein, uns auf einem Spaziergang durch den Stadtteil Schallmoos\/Mayerwies zu begleiten und mit uns die faszinierende Welt der Gruppenzugeh\u00f6rigkeit zu entdecken. Wir alle haben eine Vorstellung davon, zu welchen Gruppen wir geh\u00f6ren m\u00f6chten [&hellip;]<\/p>\n","protected":false},"author":24,"featured_media":0,"parent":9952,"menu_order":0,"comment_status":"closed","ping_status":"closed","template":"page-templates\/template-pagebuilder-full-width.php","meta":{"footnotes":""},"class_list":["post-10008","page","type-page","status-publish","hentry"],"yoast_head":"<!-- This site is optimized with the Yoast SEO plugin v24.5 - https:\/\/yoast.com\/wordpress\/plugins\/seo\/ -->\n<title>Schallmoos - PLUSTRACK_EN<\/title>\n<meta name=\"robots\" content=\"index, follow, max-snippet:-1, max-image-preview:large, max-video-preview:-1\" \/>\n<link rel=\"canonical\" href=\"https:\/\/plustrack.at\/en\/psychologie-zum-mitgehen\/schallmoss\/\" \/>\n<meta property=\"og:locale\" content=\"en_US\" \/>\n<meta property=\"og:type\" content=\"article\" \/>\n<meta property=\"og:title\" content=\"Schallmoos - PLUSTRACK_EN\" \/>\n<meta property=\"og:description\" content=\"Schallmoos Du bist interessiert an Salzburg und sozialpsychologischen Themen? Wir (Anna, Nele, Elena und Franca) laden dich ein, uns auf einem Spaziergang durch den Stadtteil Schallmoos\/Mayerwies zu begleiten und mit uns die faszinierende Welt der Gruppenzugeh\u00f6rigkeit zu entdecken. Wir alle haben eine Vorstellung davon, zu welchen Gruppen wir geh\u00f6ren m\u00f6chten [&hellip;]\" \/>\n<meta property=\"og:url\" content=\"https:\/\/plustrack.at\/en\/psychologie-zum-mitgehen\/schallmoss\/\" \/>\n<meta property=\"og:site_name\" content=\"PLUSTRACK_EN\" \/>\n<meta name=\"twitter:card\" content=\"summary_large_image\" \/>\n<meta name=\"twitter:label1\" content=\"Est. reading time\" \/>\n\t<meta name=\"twitter:data1\" content=\"1 minute\" \/>\n<script type=\"application\/ld+json\" class=\"yoast-schema-graph\">{\"@context\":\"https:\/\/schema.org\",\"@graph\":[{\"@type\":\"WebPage\",\"@id\":\"https:\/\/plustrack.at\/en\/psychologie-zum-mitgehen\/schallmoss\/\",\"url\":\"https:\/\/plustrack.at\/en\/psychologie-zum-mitgehen\/schallmoss\/\",\"name\":\"Schallmoos - PLUSTRACK_EN\",\"isPartOf\":{\"@id\":\"https:\/\/plustrack.at\/en\/#website\"},\"datePublished\":\"2023-09-21T13:16:44+00:00\",\"breadcrumb\":{\"@id\":\"https:\/\/plustrack.at\/en\/psychologie-zum-mitgehen\/schallmoss\/#breadcrumb\"},\"inLanguage\":\"en-US\",\"potentialAction\":[{\"@type\":\"ReadAction\",\"target\":[\"https:\/\/plustrack.at\/en\/psychologie-zum-mitgehen\/schallmoss\/\"]}]},{\"@type\":\"BreadcrumbList\",\"@id\":\"https:\/\/plustrack.at\/en\/psychologie-zum-mitgehen\/schallmoss\/#breadcrumb\",\"itemListElement\":[{\"@type\":\"ListItem\",\"position\":1,\"name\":\"Home\",\"item\":\"https:\/\/plustrack.at\/en\/\"},{\"@type\":\"ListItem\",\"position\":2,\"name\":\"Psychologie zum Mitgehen\",\"item\":\"https:\/\/plustrack.at\/en\/psychologie-zum-mitgehen\/\"},{\"@type\":\"ListItem\",\"position\":3,\"name\":\"Schallmoos\"}]},{\"@type\":\"WebSite\",\"@id\":\"https:\/\/plustrack.at\/en\/#website\",\"url\":\"https:\/\/plustrack.at\/en\/\",\"name\":\"PLUSTRACK_EN\",\"description\":\"Your Community at the Paris Lodron University of Salzburg\",\"publisher\":{\"@id\":\"https:\/\/plustrack.at\/en\/#organization\"},\"potentialAction\":[{\"@type\":\"SearchAction\",\"target\":{\"@type\":\"EntryPoint\",\"urlTemplate\":\"https:\/\/plustrack.at\/en\/?s={search_term_string}\"},\"query-input\":{\"@type\":\"PropertyValueSpecification\",\"valueRequired\":true,\"valueName\":\"search_term_string\"}}],\"inLanguage\":\"en-US\"},{\"@type\":\"Organization\",\"@id\":\"https:\/\/plustrack.at\/en\/#organization\",\"name\":\"PLUSTRACK_EN\",\"url\":\"https:\/\/plustrack.at\/en\/\",\"logo\":{\"@type\":\"ImageObject\",\"inLanguage\":\"en-US\",\"@id\":\"https:\/\/plustrack.at\/en\/#\/schema\/logo\/image\/\",\"url\":\"https:\/\/plustrack.at\/en\/wp-content\/uploads\/sites\/3\/2025\/04\/cropped-Logo_PLUStrack.png\",\"contentUrl\":\"https:\/\/plustrack.at\/en\/wp-content\/uploads\/sites\/3\/2025\/04\/cropped-Logo_PLUStrack.png\",\"width\":1867,\"height\":747,\"caption\":\"PLUSTRACK_EN\"},\"image\":{\"@id\":\"https:\/\/plustrack.at\/en\/#\/schema\/logo\/image\/\"}}]}<\/script>\n<!-- \/ Yoast SEO plugin. -->","yoast_head_json":{"title":"Schallmoos - PLUSTRACK_EN","robots":{"index":"index","follow":"follow","max-snippet":"max-snippet:-1","max-image-preview":"max-image-preview:large","max-video-preview":"max-video-preview:-1"},"canonical":"https:\/\/plustrack.at\/en\/psychologie-zum-mitgehen\/schallmoss\/","og_locale":"en_US","og_type":"article","og_title":"Schallmoos - PLUSTRACK_EN","og_description":"Schallmoos Du bist interessiert an Salzburg und sozialpsychologischen Themen? Wir (Anna, Nele, Elena und Franca) laden dich ein, uns auf einem Spaziergang durch den Stadtteil Schallmoos\/Mayerwies zu begleiten und mit uns die faszinierende Welt der Gruppenzugeh\u00f6rigkeit zu entdecken. Wir alle haben eine Vorstellung davon, zu welchen Gruppen wir geh\u00f6ren m\u00f6chten [&hellip;]","og_url":"https:\/\/plustrack.at\/en\/psychologie-zum-mitgehen\/schallmoss\/","og_site_name":"PLUSTRACK_EN","twitter_card":"summary_large_image","twitter_misc":{"Est. reading time":"1 minute"},"schema":{"@context":"https:\/\/schema.org","@graph":[{"@type":"WebPage","@id":"https:\/\/plustrack.at\/en\/psychologie-zum-mitgehen\/schallmoss\/","url":"https:\/\/plustrack.at\/en\/psychologie-zum-mitgehen\/schallmoss\/","name":"Schallmoos - PLUSTRACK_EN","isPartOf":{"@id":"https:\/\/plustrack.at\/en\/#website"},"datePublished":"2023-09-21T13:16:44+00:00","breadcrumb":{"@id":"https:\/\/plustrack.at\/en\/psychologie-zum-mitgehen\/schallmoss\/#breadcrumb"},"inLanguage":"en-US","potentialAction":[{"@type":"ReadAction","target":["https:\/\/plustrack.at\/en\/psychologie-zum-mitgehen\/schallmoss\/"]}]},{"@type":"BreadcrumbList","@id":"https:\/\/plustrack.at\/en\/psychologie-zum-mitgehen\/schallmoss\/#breadcrumb","itemListElement":[{"@type":"ListItem","position":1,"name":"Home","item":"https:\/\/plustrack.at\/en\/"},{"@type":"ListItem","position":2,"name":"Psychologie zum Mitgehen","item":"https:\/\/plustrack.at\/en\/psychologie-zum-mitgehen\/"},{"@type":"ListItem","position":3,"name":"Schallmoos"}]},{"@type":"WebSite","@id":"https:\/\/plustrack.at\/en\/#website","url":"https:\/\/plustrack.at\/en\/","name":"PLUSTRACK_EN","description":"Your Community at the Paris Lodron University of Salzburg","publisher":{"@id":"https:\/\/plustrack.at\/en\/#organization"},"potentialAction":[{"@type":"SearchAction","target":{"@type":"EntryPoint","urlTemplate":"https:\/\/plustrack.at\/en\/?s={search_term_string}"},"query-input":{"@type":"PropertyValueSpecification","valueRequired":true,"valueName":"search_term_string"}}],"inLanguage":"en-US"},{"@type":"Organization","@id":"https:\/\/plustrack.at\/en\/#organization","name":"PLUSTRACK_EN","url":"https:\/\/plustrack.at\/en\/","logo":{"@type":"ImageObject","inLanguage":"en-US","@id":"https:\/\/plustrack.at\/en\/#\/schema\/logo\/image\/","url":"https:\/\/plustrack.at\/en\/wp-content\/uploads\/sites\/3\/2025\/04\/cropped-Logo_PLUStrack.png","contentUrl":"https:\/\/plustrack.at\/en\/wp-content\/uploads\/sites\/3\/2025\/04\/cropped-Logo_PLUStrack.png","width":1867,"height":747,"caption":"PLUSTRACK_EN"},"image":{"@id":"https:\/\/plustrack.at\/en\/#\/schema\/logo\/image\/"}}]}},"_links":{"self":[{"href":"https:\/\/plustrack.at\/en\/wp-json\/wp\/v2\/pages\/10008","targetHints":{"allow":["GET"]}}],"collection":[{"href":"https:\/\/plustrack.at\/en\/wp-json\/wp\/v2\/pages"}],"about":[{"href":"https:\/\/plustrack.at\/en\/wp-json\/wp\/v2\/types\/page"}],"author":[{"embeddable":true,"href":"https:\/\/plustrack.at\/en\/wp-json\/wp\/v2\/users\/24"}],"replies":[{"embeddable":true,"href":"https:\/\/plustrack.at\/en\/wp-json\/wp\/v2\/comments?post=10008"}],"version-history":[{"count":0,"href":"https:\/\/plustrack.at\/en\/wp-json\/wp\/v2\/pages\/10008\/revisions"}],"up":[{"embeddable":true,"href":"https:\/\/plustrack.at\/en\/wp-json\/wp\/v2\/pages\/9952"}],"wp:attachment":[{"href":"https:\/\/plustrack.at\/en\/wp-json\/wp\/v2\/media?parent=10008"}],"curies":[{"name":"wp","href":"https:\/\/api.w.org\/{rel}","templated":true}]}}